{"id":938,"date":"2026-03-26T15:27:21","date_gmt":"2026-03-26T14:27:21","guid":{"rendered":"https:\/\/realcable.piano-d.dev\/richiedi-preventivo\/"},"modified":"2026-03-31T11:39:29","modified_gmt":"2026-03-31T09:39:29","slug":"solicitar-cotizacion","status":"publish","type":"page","link":"https:\/\/www.realcable.it\/es\/solicitar-cotizacion\/","title":{"rendered":"Solicitar cotizaci\u00f3n"},"content":{"rendered":"<div class=\"fascia-header-pagine\" style=\"background: url(https:\/\/www.realcable.it\/wp-content\/uploads\/2026\/01\/bg-azienda.jpg)\">\n    <div class=\"fascia-header-pagine__inner container\">\n\n            <h1 class=\"title\">Solicitar cotizaci\u00f3n<\/h1>\n\n            <p id=\"breadcrumbs\"><span><span><a href=\"https:\/\/www.realcable.it\/\">Home<\/a><\/span><\/span><\/p>\n    <\/div>\n<\/div>\n\n<div class=\"fascia-testo-form\">\n    <div class=\"fascia-testo-form__inner container\">\n\n                    <div class=\"text\"><p>Rellena el siguiente formulario para solicitar un presupuesto.<br \/>\nNota: Todos los campos marcados con un asterisco son obligatorios.<\/p>\n<\/div>\n        \n                    <div class=\"form-container\">\n                <div class=\"frm_forms  with_frm_style frm_style_stile-formidable\" id=\"frm_form_14_container\" >\n<form enctype=\"multipart\/form-data\" method=\"post\" class=\"frm-show-form  frm_js_validate  frm_pro_form \" id=\"form_richiesta-preventivo-es\" >\n<div class=\"frm_form_fields \">\n<fieldset>\n<legend class=\"frm_screen_reader\">Richiesta preventivo ES<\/legend>\r\n\r\n<div class=\"frm_fields_container\">\n<input type=\"hidden\" name=\"frm_action\" value=\"create\" \/>\n<input type=\"hidden\" name=\"form_id\" value=\"14\" \/>\n<input type=\"hidden\" name=\"frm_hide_fields_14\" id=\"frm_hide_fields_14\" value=\"\" \/>\n<input type=\"hidden\" name=\"form_key\" value=\"richiesta-preventivo-es\" \/>\n<input type=\"hidden\" name=\"item_meta[0]\" value=\"\" \/>\n<input type=\"hidden\" id=\"frm_submit_entry_14\" name=\"frm_submit_entry_14\" value=\"6b3b28a6aa\" \/><input type=\"hidden\" name=\"_wp_http_referer\" value=\"\/es\/wp-json\/wp\/v2\/pages\/938\" \/><div id=\"frm_field_119_container\" class=\"frm_form_field form-field  frm_required_field frm_top_container frm_first frm_half\">\r\n\t<label for=\"field_qh4icy52\" id=\"field_qh4icy52_label\" class=\"frm_primary_label\">Nombre\r\n\t\t<span class=\"frm_required\" aria-hidden=\"true\">*<\/span>\r\n\t<\/label>\r\n\t<input  type=\"text\" id=\"field_qh4icy52\" name=\"item_meta[119]\" value=\"\"  placeholder=\"Tu nombre\" data-reqmsg=\"Nombre non pu\u00f2 essere vuoto.\" aria-required=\"true\" data-invmsg=\"Nombre non \u00e8 valido\" aria-invalid=\"false\"   \/>\r\n\t\r\n\t\r\n<\/div>\n<div id=\"frm_field_120_container\" class=\"frm_form_field form-field  frm_top_container frm_half\">\r\n\t<label for=\"field_ocfup152\" id=\"field_ocfup152_label\" class=\"frm_primary_label\">Empresa\r\n\t\t<span class=\"frm_required\" aria-hidden=\"true\"><\/span>\r\n\t<\/label>\r\n\t<input  type=\"text\" id=\"field_ocfup152\" name=\"item_meta[120]\" value=\"\"  placeholder=\"Nombre de la empresa\" data-invmsg=\"Empresa non \u00e8 valido\" aria-invalid=\"false\"   \/>\r\n\t\r\n\t\r\n<\/div>\n<div id=\"frm_field_121_container\" class=\"frm_form_field form-field  frm_required_field frm_top_container frm6 frm_first\">\r\n\t<label for=\"field_29yf4d52\" id=\"field_29yf4d52_label\" class=\"frm_primary_label\">Correo electr\u00f3nico\r\n\t\t<span class=\"frm_required\" aria-hidden=\"true\">*<\/span>\r\n\t<\/label>\r\n\t<input type=\"email\" id=\"field_29yf4d52\" name=\"item_meta[121]\" value=\"\"  placeholder=\"correo@empresa.com\" data-reqmsg=\"Correo electr\u00f3nico non pu\u00f2 essere vuoto.\" aria-required=\"true\" data-invmsg=\"Please enter a valid email address\" aria-invalid=\"false\"  \/>\r\n\t\r\n\t\r\n<\/div>\n<div id=\"frm_field_122_container\" class=\"frm_form_field form-field  frm_top_container frm6\">\r\n\t<label for=\"field_zo4vp52\" id=\"field_zo4vp52_label\" class=\"frm_primary_label\">Tel\u00e9fono\r\n\t\t<span class=\"frm_required\" aria-hidden=\"true\"><\/span>\r\n\t<\/label>\r\n\t<input type=\"tel\" id=\"field_zo4vp52\" name=\"item_meta[122]\" value=\"\"  data-invmsg=\"Tel\u00e9fono non \u00e8 valido\" aria-invalid=\"false\" pattern=\"((\\+\\d{1,3}(-|.| )?\\(?\\d\\)?(-| |.)?\\d{1,5})|(\\(?\\d{2,6}\\)?))(-|.| )?(\\d{3,4})(-|.| )?(\\d{4})(( x| ext)\\d{1,5}){0,1}$\"  \/>\r\n\t\r\n\t\r\n<\/div>\n<div id=\"frm_field_123_container\" class=\"frm_form_field form-field  frm_top_container frm_full\">\r\n\t<label for=\"field_e6lis642\" id=\"field_e6lis642_label\" class=\"frm_primary_label\">Sector de pertenencia\r\n\t\t<span class=\"frm_required\" aria-hidden=\"true\"><\/span>\r\n\t<\/label>\r\n\t<input  type=\"text\" id=\"field_e6lis642\" name=\"item_meta[123]\" value=\"\"  data-invmsg=\"Sector de pertenencia non \u00e8 valido\" aria-invalid=\"false\"   \/>\r\n\t\r\n\t\r\n<\/div>\n<div id=\"frm_field_124_container\" class=\"frm_form_field form-field  frm_required_field frm_top_container frm_full\">\r\n\t<label for=\"field_9jv0r152\" id=\"field_9jv0r152_label\" class=\"frm_primary_label\">Mensaje\r\n\t\t<span class=\"frm_required\" aria-hidden=\"true\">*<\/span>\r\n\t<\/label>\r\n\t<textarea name=\"item_meta[124]\" id=\"field_9jv0r152\" rows=\"5\"  data-reqmsg=\"Mensaje non pu\u00f2 essere vuoto.\" aria-required=\"true\" data-invmsg=\"Mensaje non \u00e8 valido\" aria-invalid=\"false\"  ><\/textarea>\r\n\t\r\n\t\r\n<\/div>\n<div id=\"frm_field_128_container\" class=\"frm_form_field form-field  frm_top_container\">\r\n\t<label for=\"field_6cb4j\" id=\"field_6cb4j_label\" class=\"frm_primary_label\">Sube tu solicitud o archivo.\r\n\t\t<span class=\"frm_required\" aria-hidden=\"true\"><\/span>\r\n\t<\/label>\r\n\t<input type=\"hidden\"  data-invmsg=\"Sube tu solicitud o archivo. non \u00e8 valido\" aria-invalid=\"false\"   name=\"item_meta[128]\"  value=\"\" data-frmfile=\"128\" \/>\n\n<div class=\"frm_dropzone frm_single_upload frm_clearfix\" id=\"file128_dropzone\" role=\"group\" >\n\t<div class=\"fallback\">\n\t\t<input type=\"file\" name=\"file128\" id=\"field_6cb4j\"\n\t\t\t data-invmsg=\"Sube tu solicitud o archivo. non \u00e8 valido\" aria-invalid=\"false\"  \t\t\t\/>\n\t\t\t\t<div class=\"frm_clearfix \"><\/div>\n\t<\/div>\n\t<div class=\"dz-message needsclick\">\n\t\t\t\t<svg  viewBox=\"0 0 18 18\" class=\"frmsvg frm-svg-icon\">\n\t<path viewBox=\"0 0 18 18\" fill-rule=\"evenodd\" clip-rule=\"evenodd\" d=\"M8.2 4v8a.8.8 0 001.5 0V4l2.1 2.2A.7.7 0 1013 5L9.5 1.7a.7.7 0 00-1.1 0L5.1 5.2a.8.8 0 001 1l2.1-2zm7.6 4.3c.4 0 .7.3.7.7v6.8c0 .4-.3.7-.8.7H2.3a.8.8 0 01-.8-.8V9A.8.8 0 013 9v6h12V9c0-.4.3-.8.8-.8z\"><\/path>\n<\/svg>\t\t<span class=\"frm_upload_text\"><button type=\"button\" aria-label=\"Sube tu solicitud o archivo.. Arrastra tu archivo aqu\u00ed o haz clic para cargarlo.. Tama\u00f1o m\u00e1ximo del archivo: 67.11MB\">Arrastra tu archivo aqu\u00ed o haz clic para cargarlo.<\/button><\/span>\n\t\t<span class=\"frm_compact_text\"><button type=\"button\" aria-label=\"Sube tu solicitud o archivo.. Elige el archivo. Tama\u00f1o m\u00e1ximo del archivo: 67.11MB\">Elige el archivo<\/button><\/span>\n\t\t<div class=\"frm_small_text\">\n\t\t\t<p>Tama\u00f1o m\u00e1ximo del archivo: 67.11MB<\/p>\n\t\t<\/div>\n\t<\/div>\n<\/div>\n\t\r\n\t\r\n\t\r\n<\/div>\n<div id=\"frm_field_125_container\" class=\"frm_form_field form-field  frm_required_field frm_top_container vertical_radio\">\r\n\t<div  id=\"field_wh3n42_label\" class=\"frm_primary_label\">Pol\u00edtica de privacidad\r\n\t\t<span class=\"frm_required\" aria-hidden=\"true\">*<\/span>\r\n\t<\/div>\r\n\t<div class=\"frm_opt_container\" aria-labelledby=\"field_wh3n42_label\" role=\"group\">\t\t<div class=\"frm_checkbox\" id=\"frm_checkbox_125-0\">\t\t\t<label  for=\"field_wh3n42-0\">\n\t\t\t<input type=\"checkbox\" name=\"item_meta[125][]\" id=\"field_wh3n42-0\" value=\"He le\u00eddo y acepto la &lt;a href=&quot;\/en\/privacy-policy\/&quot;&gt;pol\u00edtica de privacidad&lt;\/a&gt;\"  data-reqmsg=\"Pol\u00edtica de privacidad non pu\u00f2 essere vuoto.\" data-invmsg=\"Pol\u00edtica de privacidad non \u00e8 valido\"   aria-required=\"true\"  \/> He le\u00eddo y acepto la <a href=\"\/en\/privacy-policy\/\">pol\u00edtica de privacidad<\/a><\/label><\/div>\n<\/div>\r\n\t\r\n\t\r\n<\/div>\n<div id=\"frm_field_126_container\" class=\"frm_form_field form-field  frm_none_container\">\r\n\t<label for=\"g-recaptcha-response\" id=\"field_i1mu12_label\" class=\"frm_primary_label\">Captcha\r\n\t\t<span class=\"frm_required\" aria-hidden=\"true\"><\/span>\r\n\t<\/label>\r\n\t\r\n\t\r\n\t\r\n<\/div>\n<div id=\"frm_field_127_container\" class=\"frm_form_field form-field \">\r\n\t<div class=\"frm_submit frm_flex\">\r\n<button class=\"frm_button_submit frm_final_submit\" type=\"submit\"   formnovalidate=\"formnovalidate\">Enviar solicitud<\/button>\r\n\r\n\r\n\r\n<\/div>\r\n<\/div>\n\t<input type=\"hidden\" name=\"item_key\" value=\"\" \/>\n\t\t\t<div id=\"frm_field_142_container\">\n\t\t\t<label for=\"field_h7lif\" >\n\t\t\t\tSi eres humano, deja este campo en blanco.\t\t\t<\/label>\n\t\t\t<input  id=\"field_h7lif\" type=\"text\" class=\"frm_form_field form-field frm_verify\" name=\"item_meta[142]\" value=\"\"  \/>\n\t\t<\/div>\n\t\t<input name=\"frm_state\" type=\"hidden\" value=\"4zDTn8cgpzaiCDXka4fIth3X2QQnUvGyuFpkqYao7JTiRIblNVPSZ2oz5nkAi8lE\" \/><\/div>\n<\/fieldset>\n<\/div>\n\n<\/form>\n<\/div>\n            <\/div>\n        \n    <\/div>\n<\/div>","protected":false},"excerpt":{"rendered":"","protected":false},"author":1,"featured_media":0,"parent":0,"menu_order":0,"comment_status":"closed","ping_status":"closed","template":"","meta":{"_acf_changed":false,"footnotes":""},"class_list":["post-938","page","type-page","status-publish","hentry"],"acf":[],"yoast_head":"<!-- This site is optimized with the Yoast SEO plugin v27.4 - https:\/\/yoast.com\/product\/yoast-seo-wordpress\/ -->\n<title>Solicitar cotizaci\u00f3n - Realcable<\/title>\n<meta name=\"robots\" content=\"index, follow, max-snippet:-1, max-image-preview:large, max-video-preview:-1\" \/>\n<link rel=\"canonical\" href=\"https:\/\/www.realcable.it\/richiedi-preventivo\/\" \/>\n<meta property=\"og:locale\" content=\"es_ES\" \/>\n<meta property=\"og:type\" content=\"article\" \/>\n<meta property=\"og:title\" content=\"Solicitar cotizaci\u00f3n - Realcable\" \/>\n<meta property=\"og:url\" content=\"https:\/\/www.realcable.it\/richiedi-preventivo\/\" \/>\n<meta property=\"og:site_name\" content=\"Realcable\" \/>\n<meta property=\"article:modified_time\" content=\"2026-03-31T09:39:29+00:00\" \/>\n<meta name=\"twitter:card\" content=\"summary_large_image\" \/>\n<script type=\"application\/ld+json\" class=\"yoast-schema-graph\">{\"@context\":\"https:\\\/\\\/schema.org\",\"@graph\":[{\"@type\":\"WebPage\",\"@id\":\"https:\\\/\\\/www.realcable.it\\\/richiedi-preventivo\\\/\",\"url\":\"https:\\\/\\\/www.realcable.it\\\/richiedi-preventivo\\\/\",\"name\":\"Solicitar cotizaci\u00f3n - Realcable\",\"isPartOf\":{\"@id\":\"https:\\\/\\\/www.realcable.it\\\/#website\"},\"datePublished\":\"2026-03-26T14:27:21+00:00\",\"dateModified\":\"2026-03-31T09:39:29+00:00\",\"breadcrumb\":{\"@id\":\"https:\\\/\\\/www.realcable.it\\\/richiedi-preventivo\\\/#breadcrumb\"},\"inLanguage\":\"es\",\"potentialAction\":[{\"@type\":\"ReadAction\",\"target\":[\"https:\\\/\\\/www.realcable.it\\\/richiedi-preventivo\\\/\"]}]},{\"@type\":\"BreadcrumbList\",\"@id\":\"https:\\\/\\\/www.realcable.it\\\/richiedi-preventivo\\\/#breadcrumb\",\"itemListElement\":[{\"@type\":\"ListItem\",\"position\":1,\"name\":\"Home\",\"item\":\"https:\\\/\\\/www.realcable.it\\\/\"},{\"@type\":\"ListItem\",\"position\":2,\"name\":\"Solicitar cotizaci\u00f3n\"}]},{\"@type\":\"WebSite\",\"@id\":\"https:\\\/\\\/www.realcable.it\\\/#website\",\"url\":\"https:\\\/\\\/www.realcable.it\\\/\",\"name\":\"Realcable\",\"description\":\"\",\"potentialAction\":[{\"@type\":\"SearchAction\",\"target\":{\"@type\":\"EntryPoint\",\"urlTemplate\":\"https:\\\/\\\/www.realcable.it\\\/?s={search_term_string}\"},\"query-input\":{\"@type\":\"PropertyValueSpecification\",\"valueRequired\":true,\"valueName\":\"search_term_string\"}}],\"inLanguage\":\"es\"}]}<\/script>\n<!-- \/ Yoast SEO plugin. -->","yoast_head_json":{"title":"Solicitar cotizaci\u00f3n - Realcable","robots":{"index":"index","follow":"follow","max-snippet":"max-snippet:-1","max-image-preview":"max-image-preview:large","max-video-preview":"max-video-preview:-1"},"canonical":"https:\/\/www.realcable.it\/richiedi-preventivo\/","og_locale":"es_ES","og_type":"article","og_title":"Solicitar cotizaci\u00f3n - Realcable","og_url":"https:\/\/www.realcable.it\/richiedi-preventivo\/","og_site_name":"Realcable","article_modified_time":"2026-03-31T09:39:29+00:00","twitter_card":"summary_large_image","schema":{"@context":"https:\/\/schema.org","@graph":[{"@type":"WebPage","@id":"https:\/\/www.realcable.it\/richiedi-preventivo\/","url":"https:\/\/www.realcable.it\/richiedi-preventivo\/","name":"Solicitar cotizaci\u00f3n - Realcable","isPartOf":{"@id":"https:\/\/www.realcable.it\/#website"},"datePublished":"2026-03-26T14:27:21+00:00","dateModified":"2026-03-31T09:39:29+00:00","breadcrumb":{"@id":"https:\/\/www.realcable.it\/richiedi-preventivo\/#breadcrumb"},"inLanguage":"es","potentialAction":[{"@type":"ReadAction","target":["https:\/\/www.realcable.it\/richiedi-preventivo\/"]}]},{"@type":"BreadcrumbList","@id":"https:\/\/www.realcable.it\/richiedi-preventivo\/#breadcrumb","itemListElement":[{"@type":"ListItem","position":1,"name":"Home","item":"https:\/\/www.realcable.it\/"},{"@type":"ListItem","position":2,"name":"Solicitar cotizaci\u00f3n"}]},{"@type":"WebSite","@id":"https:\/\/www.realcable.it\/#website","url":"https:\/\/www.realcable.it\/","name":"Realcable","description":"","potentialAction":[{"@type":"SearchAction","target":{"@type":"EntryPoint","urlTemplate":"https:\/\/www.realcable.it\/?s={search_term_string}"},"query-input":{"@type":"PropertyValueSpecification","valueRequired":true,"valueName":"search_term_string"}}],"inLanguage":"es"}]}},"_links":{"self":[{"href":"https:\/\/www.realcable.it\/es\/wp-json\/wp\/v2\/pages\/938","targetHints":{"allow":["GET"]}}],"collection":[{"href":"https:\/\/www.realcable.it\/es\/wp-json\/wp\/v2\/pages"}],"about":[{"href":"https:\/\/www.realcable.it\/es\/wp-json\/wp\/v2\/types\/page"}],"author":[{"embeddable":true,"href":"https:\/\/www.realcable.it\/es\/wp-json\/wp\/v2\/users\/1"}],"replies":[{"embeddable":true,"href":"https:\/\/www.realcable.it\/es\/wp-json\/wp\/v2\/comments?post=938"}],"version-history":[{"count":2,"href":"https:\/\/www.realcable.it\/es\/wp-json\/wp\/v2\/pages\/938\/revisions"}],"predecessor-version":[{"id":954,"href":"https:\/\/www.realcable.it\/es\/wp-json\/wp\/v2\/pages\/938\/revisions\/954"}],"wp:attachment":[{"href":"https:\/\/www.realcable.it\/es\/wp-json\/wp\/v2\/media?parent=938"}],"curies":[{"name":"wp","href":"https:\/\/api.w.org\/{rel}","templated":true}]}}