{"id":610,"date":"2026-03-03T11:48:36","date_gmt":"2026-03-03T10:48:36","guid":{"rendered":"https:\/\/realcable.piano-d.dev\/faq\/"},"modified":"2026-03-17T17:17:32","modified_gmt":"2026-03-17T16:17:32","slug":"faq","status":"publish","type":"page","link":"https:\/\/www.realcable.it\/es\/faq\/","title":{"rendered":"Faq"},"content":{"rendered":"<div class=\"fascia-header-pagine\" style=\"background: url(https:\/\/www.realcable.it\/wp-content\/uploads\/2026\/01\/bg-settori.jpg)\">\n    <div class=\"fascia-header-pagine__inner container\">\n\n            <h1 class=\"title\">Faq<\/h1>\n\n            <p id=\"breadcrumbs\"><span><span><a href=\"https:\/\/www.realcable.it\/\">Home<\/a><\/span><\/span><\/p>\n    <\/div>\n<\/div>\n\n<div class=\"fascia-faq\">\n    <div class=\"fascia-faq__inner container\">\n\n        <span class=\"title\">Faq<\/span>\n\n        <div class=\"container-faq\">\n                            <div class=\"faq\">\n                    <div class=\"header-faq\">\n                        <h4 class=\"titolo-faq\">\u00bfA qu\u00e9 se dedica Realcable? <\/h4>\n\n                        <svg xmlns=\"http:\/\/www.w3.org\/2000\/svg\" width=\"16\" height=\"16\" viewBox=\"0 0 16 16\" fill=\"none\">\n                            <path d=\"M4 6L8 10L12 6\" stroke=\"#1D2530\" stroke-width=\"1.33333\" stroke-linecap=\"round\" stroke-linejoin=\"round\"\/>\n                        <\/svg>\n                    <\/div>\n\n                    <div class=\"bottom-faq\">\n                        <div class=\"testo-faq\">\n                            <p>Realcable se especializa en el dise\u00f1o y la fabricaci\u00f3n de cableados el\u00e9ctricos industriales, cuadros el\u00e9ctricos y ensamblaje electromec\u00e1nicos para diversos sectores industriales.<\/p>\n                        <\/div>\n                    <\/div>\n\n                <\/div>\n                            <div class=\"faq\">\n                    <div class=\"header-faq\">\n                        <h4 class=\"titolo-faq\">\u00bfRealcable ofrece soluciones personalizadas? <\/h4>\n\n                        <svg xmlns=\"http:\/\/www.w3.org\/2000\/svg\" width=\"16\" height=\"16\" viewBox=\"0 0 16 16\" fill=\"none\">\n                            <path d=\"M4 6L8 10L12 6\" stroke=\"#1D2530\" stroke-width=\"1.33333\" stroke-linecap=\"round\" stroke-linejoin=\"round\"\/>\n                        <\/svg>\n                    <\/div>\n\n                    <div class=\"bottom-faq\">\n                        <div class=\"testo-faq\">\n                            <p>S\u00ed, Realcable desarrolla productos a medida seg\u00fan las especificaciones t\u00e9cnicas del cliente, desde la creaci\u00f3n de prototipos hasta la producci\u00f3n en serie.<\/p>\n                        <\/div>\n                    <\/div>\n\n                <\/div>\n                            <div class=\"faq\">\n                    <div class=\"header-faq\">\n                        <h4 class=\"titolo-faq\">\u00bfEn qu\u00e9 sectores industriales operan? <\/h4>\n\n                        <svg xmlns=\"http:\/\/www.w3.org\/2000\/svg\" width=\"16\" height=\"16\" viewBox=\"0 0 16 16\" fill=\"none\">\n                            <path d=\"M4 6L8 10L12 6\" stroke=\"#1D2530\" stroke-width=\"1.33333\" stroke-linecap=\"round\" stroke-linejoin=\"round\"\/>\n                        <\/svg>\n                    <\/div>\n\n                    <div class=\"bottom-faq\">\n                        <div class=\"testo-faq\">\n                            <p>Operamos en numerosos sectores, entre los que se incluyen la automatizaci\u00f3n, la maquinaria industrial, el sector ferroviario, la energ\u00eda, la climatizaci\u00f3n, la electr\u00f3nica y la ingenier\u00eda de instalaciones.<\/p>\n                        <\/div>\n                    <\/div>\n\n                <\/div>\n                            <div class=\"faq\">\n                    <div class=\"header-faq\">\n                        <h4 class=\"titolo-faq\">\u00bfD\u00f3nde se encuentra vuestra planta de producci\u00f3n? <\/h4>\n\n                        <svg xmlns=\"http:\/\/www.w3.org\/2000\/svg\" width=\"16\" height=\"16\" viewBox=\"0 0 16 16\" fill=\"none\">\n                            <path d=\"M4 6L8 10L12 6\" stroke=\"#1D2530\" stroke-width=\"1.33333\" stroke-linecap=\"round\" stroke-linejoin=\"round\"\/>\n                        <\/svg>\n                    <\/div>\n\n                    <div class=\"bottom-faq\">\n                        <div class=\"testo-faq\">\n                            <p>La planta de producci\u00f3n de Realcable se encuentra en Pordenone (Italia), en unas instalaciones de m\u00e1s de 6.000 m\u00b2 dedicadas a la fabricaci\u00f3n y a las pruebas.<\/p>\n                        <\/div>\n                    <\/div>\n\n                <\/div>\n                            <div class=\"faq\">\n                    <div class=\"header-faq\">\n                        <h4 class=\"titolo-faq\">\u00bfTrabajan tambi\u00e9n con clientes internacionales? <\/h4>\n\n                        <svg xmlns=\"http:\/\/www.w3.org\/2000\/svg\" width=\"16\" height=\"16\" viewBox=\"0 0 16 16\" fill=\"none\">\n                            <path d=\"M4 6L8 10L12 6\" stroke=\"#1D2530\" stroke-width=\"1.33333\" stroke-linecap=\"round\" stroke-linejoin=\"round\"\/>\n                        <\/svg>\n                    <\/div>\n\n                    <div class=\"bottom-faq\">\n                        <div class=\"testo-faq\">\n                            <p>S\u00ed, colaboramos con clientes tanto en Italia como en el extranjero, ofreciendo soluciones que cumplen con las principales normativas internacionales.<\/p>\n                        <\/div>\n                    <\/div>\n\n                <\/div>\n                            <div class=\"faq\">\n                    <div class=\"header-faq\">\n                        <h4 class=\"titolo-faq\">\u00bfC\u00f3mo puedo solicitar un presupuesto? <\/h4>\n\n                        <svg xmlns=\"http:\/\/www.w3.org\/2000\/svg\" width=\"16\" height=\"16\" viewBox=\"0 0 16 16\" fill=\"none\">\n                            <path d=\"M4 6L8 10L12 6\" stroke=\"#1D2530\" stroke-width=\"1.33333\" stroke-linecap=\"round\" stroke-linejoin=\"round\"\/>\n                        <\/svg>\n                    <\/div>\n\n                    <div class=\"bottom-faq\">\n                        <div class=\"testo-faq\">\n                            <p>Puede solicitar un presupuesto personalizado rellenando el formulario de contacto de la p\u00e1gina web o poni\u00e9ndose en contacto con nosotros directamente para recibir asesoramiento t\u00e9cnico.<\/p>\n                        <\/div>\n                    <\/div>\n\n                <\/div>\n                    <\/div>\n    <\/div>\n<\/div>","protected":false},"excerpt":{"rendered":"","protected":false},"author":1,"featured_media":0,"parent":0,"menu_order":0,"comment_status":"closed","ping_status":"closed","template":"","meta":{"_acf_changed":false,"footnotes":""},"class_list":["post-610","page","type-page","status-publish","hentry"],"acf":[],"yoast_head":"<!-- This site is optimized with the Yoast SEO plugin v27.4 - https:\/\/yoast.com\/product\/yoast-seo-wordpress\/ -->\n<title>Faq - Realcable<\/title>\n<meta name=\"robots\" content=\"index, follow, max-snippet:-1, max-image-preview:large, max-video-preview:-1\" \/>\n<link rel=\"canonical\" href=\"https:\/\/www.realcable.it\/faq\/\" \/>\n<meta property=\"og:locale\" content=\"es_ES\" \/>\n<meta property=\"og:type\" content=\"article\" \/>\n<meta property=\"og:title\" content=\"Faq - Realcable\" \/>\n<meta property=\"og:url\" content=\"https:\/\/www.realcable.it\/faq\/\" \/>\n<meta property=\"og:site_name\" content=\"Realcable\" \/>\n<meta property=\"article:modified_time\" content=\"2026-03-17T16:17:32+00:00\" \/>\n<meta name=\"twitter:card\" content=\"summary_large_image\" \/>\n<script type=\"application\/ld+json\" class=\"yoast-schema-graph\">{\"@context\":\"https:\\\/\\\/schema.org\",\"@graph\":[{\"@type\":\"WebPage\",\"@id\":\"https:\\\/\\\/www.realcable.it\\\/faq\\\/\",\"url\":\"https:\\\/\\\/www.realcable.it\\\/faq\\\/\",\"name\":\"Faq - Realcable\",\"isPartOf\":{\"@id\":\"https:\\\/\\\/www.realcable.it\\\/#website\"},\"datePublished\":\"2026-03-03T10:48:36+00:00\",\"dateModified\":\"2026-03-17T16:17:32+00:00\",\"breadcrumb\":{\"@id\":\"https:\\\/\\\/www.realcable.it\\\/faq\\\/#breadcrumb\"},\"inLanguage\":\"es\",\"potentialAction\":[{\"@type\":\"ReadAction\",\"target\":[\"https:\\\/\\\/www.realcable.it\\\/faq\\\/\"]}]},{\"@type\":\"BreadcrumbList\",\"@id\":\"https:\\\/\\\/www.realcable.it\\\/faq\\\/#breadcrumb\",\"itemListElement\":[{\"@type\":\"ListItem\",\"position\":1,\"name\":\"Home\",\"item\":\"https:\\\/\\\/www.realcable.it\\\/\"},{\"@type\":\"ListItem\",\"position\":2,\"name\":\"Faq\"}]},{\"@type\":\"WebSite\",\"@id\":\"https:\\\/\\\/www.realcable.it\\\/#website\",\"url\":\"https:\\\/\\\/www.realcable.it\\\/\",\"name\":\"Realcable\",\"description\":\"\",\"potentialAction\":[{\"@type\":\"SearchAction\",\"target\":{\"@type\":\"EntryPoint\",\"urlTemplate\":\"https:\\\/\\\/www.realcable.it\\\/?s={search_term_string}\"},\"query-input\":{\"@type\":\"PropertyValueSpecification\",\"valueRequired\":true,\"valueName\":\"search_term_string\"}}],\"inLanguage\":\"es\"}]}<\/script>\n<!-- \/ Yoast SEO plugin. -->","yoast_head_json":{"title":"Faq - Realcable","robots":{"index":"index","follow":"follow","max-snippet":"max-snippet:-1","max-image-preview":"max-image-preview:large","max-video-preview":"max-video-preview:-1"},"canonical":"https:\/\/www.realcable.it\/faq\/","og_locale":"es_ES","og_type":"article","og_title":"Faq - Realcable","og_url":"https:\/\/www.realcable.it\/faq\/","og_site_name":"Realcable","article_modified_time":"2026-03-17T16:17:32+00:00","twitter_card":"summary_large_image","schema":{"@context":"https:\/\/schema.org","@graph":[{"@type":"WebPage","@id":"https:\/\/www.realcable.it\/faq\/","url":"https:\/\/www.realcable.it\/faq\/","name":"Faq - Realcable","isPartOf":{"@id":"https:\/\/www.realcable.it\/#website"},"datePublished":"2026-03-03T10:48:36+00:00","dateModified":"2026-03-17T16:17:32+00:00","breadcrumb":{"@id":"https:\/\/www.realcable.it\/faq\/#breadcrumb"},"inLanguage":"es","potentialAction":[{"@type":"ReadAction","target":["https:\/\/www.realcable.it\/faq\/"]}]},{"@type":"BreadcrumbList","@id":"https:\/\/www.realcable.it\/faq\/#breadcrumb","itemListElement":[{"@type":"ListItem","position":1,"name":"Home","item":"https:\/\/www.realcable.it\/"},{"@type":"ListItem","position":2,"name":"Faq"}]},{"@type":"WebSite","@id":"https:\/\/www.realcable.it\/#website","url":"https:\/\/www.realcable.it\/","name":"Realcable","description":"","potentialAction":[{"@type":"SearchAction","target":{"@type":"EntryPoint","urlTemplate":"https:\/\/www.realcable.it\/?s={search_term_string}"},"query-input":{"@type":"PropertyValueSpecification","valueRequired":true,"valueName":"search_term_string"}}],"inLanguage":"es"}]}},"_links":{"self":[{"href":"https:\/\/www.realcable.it\/es\/wp-json\/wp\/v2\/pages\/610","targetHints":{"allow":["GET"]}}],"collection":[{"href":"https:\/\/www.realcable.it\/es\/wp-json\/wp\/v2\/pages"}],"about":[{"href":"https:\/\/www.realcable.it\/es\/wp-json\/wp\/v2\/types\/page"}],"author":[{"embeddable":true,"href":"https:\/\/www.realcable.it\/es\/wp-json\/wp\/v2\/users\/1"}],"replies":[{"embeddable":true,"href":"https:\/\/www.realcable.it\/es\/wp-json\/wp\/v2\/comments?post=610"}],"version-history":[{"count":1,"href":"https:\/\/www.realcable.it\/es\/wp-json\/wp\/v2\/pages\/610\/revisions"}],"predecessor-version":[{"id":611,"href":"https:\/\/www.realcable.it\/es\/wp-json\/wp\/v2\/pages\/610\/revisions\/611"}],"wp:attachment":[{"href":"https:\/\/www.realcable.it\/es\/wp-json\/wp\/v2\/media?parent=610"}],"curies":[{"name":"wp","href":"https:\/\/api.w.org\/{rel}","templated":true}]}}