{"id":597,"date":"2026-03-03T12:03:20","date_gmt":"2026-03-03T11:03:20","guid":{"rendered":"https:\/\/realcable.piano-d.dev\/soluzioni\/"},"modified":"2026-04-17T12:21:21","modified_gmt":"2026-04-17T10:21:21","slug":"soluciones","status":"publish","type":"page","link":"https:\/\/www.realcable.it\/es\/soluciones\/","title":{"rendered":"Soluciones"},"content":{"rendered":"<div class=\"fascia-header-pagine\" style=\"background: url(https:\/\/www.realcable.it\/wp-content\/uploads\/2026\/01\/bg-azienda.jpg)\">\n    <div class=\"fascia-header-pagine__inner container\">\n\n            <h1 class=\"title\">Soluciones<\/h1>\n\n            <p id=\"breadcrumbs\"><span><span><a href=\"https:\/\/www.realcable.it\/\">Home<\/a><\/span><\/span><\/p>\n    <\/div>\n<\/div>\n\n\n<div class=\"fascia-img-cta bg-bianco \">\n    <div class=\"fascia-img-cta__inner container\">\n\n        <div class=\"grid-cols pos-right \">\n            <img loading=\"lazy\" decoding=\"async\" src=\"https:\/\/www.realcable.it\/wp-content\/uploads\/2026\/03\/connettori-industriali-HARTING-multipolari-ad-innesto-macchine-speciali-automazioen-industriale.jpg\" alt=\"connettori industriali HARTING multipolari ad innesto , macchine speciali , automazioen industriale\" width=\"600\" height=\"400\">\n\n            <div class=\"container-text\">\n\n                <span class=\"title-small\"><\/span>\n                <h3 class=\"title\">YOU PLAN, WE CONNECT<\/h3>\n\n                <div class=\"text\"><p>Realcable est\u00e1 organizada para responder con rapidez a cualquier necesidad espec\u00edfica de los clientes.<\/p>\n<p>Desde la fase de presupuesto hasta la entrega de prototipos, series peque\u00f1as o grandes, nuestro equipo internacional atiende a los clientes con atenci\u00f3n.<\/p>\n<p>Gracias a la experiencia de m\u00e1s de una d\u00e9cada de nuestros ingenieros y de nuestro departamento t\u00e9cnico, podemos ofrecer soluciones a medida, dise\u00f1adas espec\u00edficamente con la ayuda de sistemas avanzados como AUTOCAD.<\/p>\n<\/div>\n\n                            <\/div>\n\n        <\/div>\n\n    <\/div>\n<\/div>\n\n<div class=\"fascia-lavorazioni\">\n    <div class=\"fascia-lavorazioni__inner container\">\n\n        <h3 class=\"title\">Nuestro proceso productivo<\/h3>\n\n        <div class=\"cards-container\">\n            \n                <div class=\"single-card\">\n                    <img loading=\"lazy\" decoding=\"async\" src=\"https:\/\/www.realcable.it\/wp-content\/uploads\/2026\/03\/docs-rc.jpg\" alt=\"\" width=\"600\" height=\"400\">\n\n                    <div class=\"content-card\">\n                        <span class=\"title-card\">Documentaci\u00f3n<\/span>\n                        <div class=\"text\"><p>Env\u00edo de la documentaci\u00f3n t\u00e9cnica y\/o muestras<\/p>\n<\/div>\n                    <\/div>\n                <\/div>\n\n            \n                <div class=\"single-card\">\n                    <img loading=\"lazy\" decoding=\"async\" src=\"https:\/\/www.realcable.it\/wp-content\/uploads\/2026\/03\/check-rc.jpg\" alt=\"check-rc\" width=\"600\" height=\"400\">\n\n                    <div class=\"content-card\">\n                        <span class=\"title-card\">Comprobaci\u00f3n<\/span>\n                        <div class=\"text\"><p>An\u00e1lisis individual del proyecto y asistencia por parte de nuestros ingenieros<\/p>\n<\/div>\n                    <\/div>\n                <\/div>\n\n            \n                <div class=\"single-card\">\n                    <img loading=\"lazy\" decoding=\"async\" src=\"https:\/\/www.realcable.it\/wp-content\/uploads\/2026\/03\/value-rc.jpg\" alt=\"value-rc\" width=\"600\" height=\"400\">\n\n                    <div class=\"content-card\">\n                        <span class=\"title-card\">Valor<\/span>\n                        <div class=\"text\"><p>Elaboraci\u00f3n de nuestra mejor oferta de forma r\u00e1pida y flexible<\/p>\n<\/div>\n                    <\/div>\n                <\/div>\n\n            \n                <div class=\"single-card\">\n                    <img loading=\"lazy\" decoding=\"async\" src=\"https:\/\/www.realcable.it\/wp-content\/uploads\/2026\/03\/target-rc.jpg\" alt=\"target-rc\" width=\"600\" height=\"400\">\n\n                    <div class=\"content-card\">\n                        <span class=\"title-card\">Objetivo<\/span>\n                        <div class=\"text\"><p>Una colaboraci\u00f3n duradera<\/p>\n<\/div>\n                    <\/div>\n                <\/div>\n\n                    <\/div>\n\n    <\/div>\n<\/div>\n\n\n<div class=\"fascia-img-cta bg-grigio \">\n    <div class=\"fascia-img-cta__inner container\">\n\n        <div class=\"grid-cols pos-left \">\n            <img loading=\"lazy\" decoding=\"async\" src=\"https:\/\/www.realcable.it\/wp-content\/uploads\/2026\/03\/cablaggio-di-alimetazione-assemblato-con-pressacavo-e-connettori-a-innesto.jpg\" alt=\"cablaggio di alimetazione assemblato con pressacavo e connettori a innesto\" width=\"600\" height=\"400\">\n\n            <div class=\"container-text\">\n\n                <span class=\"title-small\"><\/span>\n                <h3 class=\"title\">Cableados el\u00e9ctricos a medida<\/h3>\n\n                <div class=\"text\"><p>Gracias a un amplio y moderno parque de maquinaria, Realcable es capaz de trabajar con una amplia gama de tipos de cable el\u00e9ctrico, ofreciendo soluciones flexibles y personalizadas para cada necesidad.<\/p>\n<p>Estamos especializados en el procesamiento de:<\/p>\n<ul>\n<li>cables unipolares y multipolares<\/li>\n<li>cables planos<\/li>\n<li>todas las secciones AWG, desde 0,12 mm\u00b2 hasta 70 mm\u00b2<\/li>\n<\/ul>\n<p>En 2025, para reforzar a\u00fan m\u00e1s nuestra capacidad productiva, hemos invertido en una nueva m\u00e1quina TSA equipada con tecnolog\u00eda Industria 5.0 interconectada. Esta innovaci\u00f3n permite un control inteligente y en tiempo real de los procesos, garantizando una mayor eficiencia, calidad y trazabilidad. Con Realcable, el resultado es una producci\u00f3n de vanguardia, preparada para satisfacer incluso las demandas m\u00e1s complejas y garantizar productos de alta calidad para todos los sectores.<\/p>\n<p>&nbsp;<\/p>\n<\/div>\n\n                            <\/div>\n\n        <\/div>\n\n    <\/div>\n<\/div>\n\n\n<div class=\"fascia-img-cta bg-bianco \">\n    <div class=\"fascia-img-cta__inner container\">\n\n        <div class=\"grid-cols pos-right \">\n            <img loading=\"lazy\" decoding=\"async\" src=\"https:\/\/www.realcable.it\/wp-content\/uploads\/2026\/03\/nterno-di-un-quadro-eletrico-componenti-vari-cablaggi-preassemblati-automazioen-industriale-o-railweay.jpg\" alt=\"nterno di un quadro eletrico , componenti vari, cablaggi preassemblati, automazioen industriale o railweay\" width=\"600\" height=\"400\">\n\n            <div class=\"container-text\">\n\n                <span class=\"title-small\"><\/span>\n                <h3 class=\"title\">Cuadros el\u00e9ctricos y ensamblajes electromec\u00e1nicos<\/h3>\n\n                <div class=\"text\"><p>Realcable se presenta como un socio de confianza para la fabricaci\u00f3n de cuadros el\u00e9ctricos, cuadros de mando y paneles de m\u00e1quina, realizados seg\u00fan las especificaciones t\u00e9cnicas o las muestras proporcionadas por el cliente.<\/p>\n<p>Ofrecemos ensamblajes electromec\u00e1nicos de baja tensi\u00f3n, con soluciones flexibles que incluyen tanto la f\u00f3rmula \u00abllave en mano\u00bb como el trabajo por encargo.<\/p>\n<p>Gracias a nuestra consolidada experiencia y a una organizaci\u00f3n eficiente, garantizamos productos de alta calidad, conformes a los requisitos y listos para su instalaci\u00f3n.<\/p>\n<\/div>\n\n                            <\/div>\n\n        <\/div>\n\n    <\/div>\n<\/div>\n\n\n<div class=\"fascia-img-cta bg-grigio \">\n    <div class=\"fascia-img-cta__inner container\">\n\n        <div class=\"grid-cols pos-left \">\n            <img loading=\"lazy\" decoding=\"async\" src=\"https:\/\/www.realcable.it\/wp-content\/uploads\/2026\/03\/lavorazioni-scaled.jpg\" alt=\"lavorazioni\" width=\"600\" height=\"400\">\n\n            <div class=\"container-text\">\n\n                <span class=\"title-small\"><\/span>\n                <h3 class=\"title\">Procesos de fabricaci\u00f3n<\/h3>\n\n                <div class=\"text\"><p>Realcable lleva a cabo procesos autom\u00e1ticos y semiautom\u00e1ticos de corte, pelado y engarzado, garantizando precisi\u00f3n y fiabilidad en cada fase.<\/p>\n<p>Disponemos de una amplia gama de terminales de engarzar, tanto sueltos como en bobina, y tambi\u00e9n ofrecemos servicios de soldadura.<\/p>\n<p>Adem\u00e1s, es posible aplicar un marcado individual mediante tecnolog\u00eda Ink-jet, para una identificaci\u00f3n clara y personalizada de cada componente.<\/p>\n<\/div>\n\n                            <\/div>\n\n        <\/div>\n\n    <\/div>\n<\/div>\n\n\n<div class=\"fascia-img-cta bg-bianco \">\n    <div class=\"fascia-img-cta__inner container\">\n\n        <div class=\"grid-cols pos-right \">\n            <img loading=\"lazy\" decoding=\"async\" src=\"https:\/\/www.realcable.it\/wp-content\/uploads\/2026\/03\/tecnologie-cablaggio-avanzate.jpg\" alt=\"tecnologie-cablaggio-avanzate\" width=\"600\" height=\"400\">\n\n            <div class=\"container-text\">\n\n                <span class=\"title-small\"><\/span>\n                <h3 class=\"title\">Tecnolog\u00edas avanzadas: est\u00e1ndar e IDC (Insulation-Displacement Connector)<\/h3>\n\n                <div class=\"text\"><p>Realcable utiliza tecnolog\u00edas de vanguardia para garantizar la eficiencia y la calidad en la fabricaci\u00f3n de cableados. Gracias a la aplicaci\u00f3n autom\u00e1tica de conectores Rast de 2,5 y 5 mm en cables de potencia con secciones de 0,35 mm\u00b2 a 1,5 mm\u00b2, podemos ofrecer soluciones de alto rendimiento.<\/p>\n<p>Esta tecnolog\u00eda IDC (Insulation-Displacement Connector) nos hace m\u00e1s competitivos, reduciendo los plazos de entrega sin comprometer la calidad del producto final.<\/p>\n<\/div>\n\n                            <\/div>\n\n        <\/div>\n\n    <\/div>\n<\/div>\n\n\n<p><\/p>\n","protected":false},"excerpt":{"rendered":"","protected":false},"author":1,"featured_media":0,"parent":0,"menu_order":0,"comment_status":"closed","ping_status":"closed","template":"","meta":{"_acf_changed":false,"footnotes":""},"class_list":["post-597","page","type-page","status-publish","hentry"],"acf":[],"yoast_head":"<!-- This site is optimized with the Yoast SEO plugin v27.4 - https:\/\/yoast.com\/product\/yoast-seo-wordpress\/ -->\n<title>Cableado, Arneses El\u00e9ctricos y Ensamblajes | Realcable<\/title>\n<meta name=\"description\" content=\"Fabricaci\u00f3n de cableado, arneses el\u00e9ctricos y ensamblajes electromec\u00e1nicos. Desde prototipos hasta producci\u00f3n en serie con tecnolog\u00eda avanzada.\" \/>\n<meta name=\"robots\" content=\"index, follow, max-snippet:-1, max-image-preview:large, max-video-preview:-1\" \/>\n<link rel=\"canonical\" href=\"https:\/\/www.realcable.it\/soluzioni\/\" \/>\n<meta property=\"og:locale\" content=\"es_ES\" \/>\n<meta property=\"og:type\" content=\"article\" \/>\n<meta property=\"og:title\" content=\"Cableado, Arneses El\u00e9ctricos y Ensamblajes | Realcable\" \/>\n<meta property=\"og:description\" content=\"Fabricaci\u00f3n de cableado, arneses el\u00e9ctricos y ensamblajes electromec\u00e1nicos. Desde prototipos hasta producci\u00f3n en serie con tecnolog\u00eda avanzada.\" \/>\n<meta property=\"og:url\" content=\"https:\/\/www.realcable.it\/soluzioni\/\" \/>\n<meta property=\"og:site_name\" content=\"Realcable\" \/>\n<meta property=\"article:modified_time\" content=\"2026-04-17T10:21:21+00:00\" \/>\n<meta name=\"twitter:card\" content=\"summary_large_image\" \/>\n<script type=\"application\/ld+json\" class=\"yoast-schema-graph\">{\"@context\":\"https:\\\/\\\/schema.org\",\"@graph\":[{\"@type\":\"WebPage\",\"@id\":\"https:\\\/\\\/www.realcable.it\\\/soluzioni\\\/\",\"url\":\"https:\\\/\\\/www.realcable.it\\\/soluzioni\\\/\",\"name\":\"Cableado, Arneses El\u00e9ctricos y Ensamblajes | Realcable\",\"isPartOf\":{\"@id\":\"https:\\\/\\\/www.realcable.it\\\/#website\"},\"datePublished\":\"2026-03-03T11:03:20+00:00\",\"dateModified\":\"2026-04-17T10:21:21+00:00\",\"description\":\"Fabricaci\u00f3n de cableado, arneses el\u00e9ctricos y ensamblajes electromec\u00e1nicos. Desde prototipos hasta producci\u00f3n en serie con tecnolog\u00eda avanzada.\",\"breadcrumb\":{\"@id\":\"https:\\\/\\\/www.realcable.it\\\/soluzioni\\\/#breadcrumb\"},\"inLanguage\":\"es\",\"potentialAction\":[{\"@type\":\"ReadAction\",\"target\":[\"https:\\\/\\\/www.realcable.it\\\/soluzioni\\\/\"]}]},{\"@type\":\"BreadcrumbList\",\"@id\":\"https:\\\/\\\/www.realcable.it\\\/soluzioni\\\/#breadcrumb\",\"itemListElement\":[{\"@type\":\"ListItem\",\"position\":1,\"name\":\"Home\",\"item\":\"https:\\\/\\\/www.realcable.it\\\/\"},{\"@type\":\"ListItem\",\"position\":2,\"name\":\"Soluciones\"}]},{\"@type\":\"WebSite\",\"@id\":\"https:\\\/\\\/www.realcable.it\\\/#website\",\"url\":\"https:\\\/\\\/www.realcable.it\\\/\",\"name\":\"Realcable\",\"description\":\"\",\"potentialAction\":[{\"@type\":\"SearchAction\",\"target\":{\"@type\":\"EntryPoint\",\"urlTemplate\":\"https:\\\/\\\/www.realcable.it\\\/?s={search_term_string}\"},\"query-input\":{\"@type\":\"PropertyValueSpecification\",\"valueRequired\":true,\"valueName\":\"search_term_string\"}}],\"inLanguage\":\"es\"}]}<\/script>\n<!-- \/ Yoast SEO plugin. -->","yoast_head_json":{"title":"Cableado, Arneses El\u00e9ctricos y Ensamblajes | Realcable","description":"Fabricaci\u00f3n de cableado, arneses el\u00e9ctricos y ensamblajes electromec\u00e1nicos. Desde prototipos hasta producci\u00f3n en serie con tecnolog\u00eda avanzada.","robots":{"index":"index","follow":"follow","max-snippet":"max-snippet:-1","max-image-preview":"max-image-preview:large","max-video-preview":"max-video-preview:-1"},"canonical":"https:\/\/www.realcable.it\/soluzioni\/","og_locale":"es_ES","og_type":"article","og_title":"Cableado, Arneses El\u00e9ctricos y Ensamblajes | Realcable","og_description":"Fabricaci\u00f3n de cableado, arneses el\u00e9ctricos y ensamblajes electromec\u00e1nicos. Desde prototipos hasta producci\u00f3n en serie con tecnolog\u00eda avanzada.","og_url":"https:\/\/www.realcable.it\/soluzioni\/","og_site_name":"Realcable","article_modified_time":"2026-04-17T10:21:21+00:00","twitter_card":"summary_large_image","schema":{"@context":"https:\/\/schema.org","@graph":[{"@type":"WebPage","@id":"https:\/\/www.realcable.it\/soluzioni\/","url":"https:\/\/www.realcable.it\/soluzioni\/","name":"Cableado, Arneses El\u00e9ctricos y Ensamblajes | Realcable","isPartOf":{"@id":"https:\/\/www.realcable.it\/#website"},"datePublished":"2026-03-03T11:03:20+00:00","dateModified":"2026-04-17T10:21:21+00:00","description":"Fabricaci\u00f3n de cableado, arneses el\u00e9ctricos y ensamblajes electromec\u00e1nicos. Desde prototipos hasta producci\u00f3n en serie con tecnolog\u00eda avanzada.","breadcrumb":{"@id":"https:\/\/www.realcable.it\/soluzioni\/#breadcrumb"},"inLanguage":"es","potentialAction":[{"@type":"ReadAction","target":["https:\/\/www.realcable.it\/soluzioni\/"]}]},{"@type":"BreadcrumbList","@id":"https:\/\/www.realcable.it\/soluzioni\/#breadcrumb","itemListElement":[{"@type":"ListItem","position":1,"name":"Home","item":"https:\/\/www.realcable.it\/"},{"@type":"ListItem","position":2,"name":"Soluciones"}]},{"@type":"WebSite","@id":"https:\/\/www.realcable.it\/#website","url":"https:\/\/www.realcable.it\/","name":"Realcable","description":"","potentialAction":[{"@type":"SearchAction","target":{"@type":"EntryPoint","urlTemplate":"https:\/\/www.realcable.it\/?s={search_term_string}"},"query-input":{"@type":"PropertyValueSpecification","valueRequired":true,"valueName":"search_term_string"}}],"inLanguage":"es"}]}},"_links":{"self":[{"href":"https:\/\/www.realcable.it\/es\/wp-json\/wp\/v2\/pages\/597","targetHints":{"allow":["GET"]}}],"collection":[{"href":"https:\/\/www.realcable.it\/es\/wp-json\/wp\/v2\/pages"}],"about":[{"href":"https:\/\/www.realcable.it\/es\/wp-json\/wp\/v2\/types\/page"}],"author":[{"embeddable":true,"href":"https:\/\/www.realcable.it\/es\/wp-json\/wp\/v2\/users\/1"}],"replies":[{"embeddable":true,"href":"https:\/\/www.realcable.it\/es\/wp-json\/wp\/v2\/comments?post=597"}],"version-history":[{"count":2,"href":"https:\/\/www.realcable.it\/es\/wp-json\/wp\/v2\/pages\/597\/revisions"}],"predecessor-version":[{"id":972,"href":"https:\/\/www.realcable.it\/es\/wp-json\/wp\/v2\/pages\/597\/revisions\/972"}],"wp:attachment":[{"href":"https:\/\/www.realcable.it\/es\/wp-json\/wp\/v2\/media?parent=597"}],"curies":[{"name":"wp","href":"https:\/\/api.w.org\/{rel}","templated":true}]}}