{"id":589,"date":"2026-02-05T15:04:43","date_gmt":"2026-02-05T14:04:43","guid":{"rendered":"https:\/\/realcable.piano-d.dev\/qualita\/"},"modified":"2026-04-17T12:22:42","modified_gmt":"2026-04-17T10:22:42","slug":"calidad","status":"publish","type":"page","link":"https:\/\/www.realcable.it\/es\/calidad\/","title":{"rendered":"Calidad"},"content":{"rendered":"<div class=\"fascia-header-pagine\" style=\"background: url(https:\/\/www.realcable.it\/wp-content\/uploads\/2026\/01\/bg-azienda.jpg)\">\n    <div class=\"fascia-header-pagine__inner container\">\n\n            <h1 class=\"title\">Calidad <\/h1>\n\n            <p id=\"breadcrumbs\"><span><span><a href=\"https:\/\/www.realcable.it\/\">Home<\/a><\/span><\/span><\/p>\n    <\/div>\n<\/div>\n\n\n<div class=\"fascia-img-cta bg-bianco \">\n    <div class=\"fascia-img-cta__inner container\">\n\n        <div class=\"grid-cols pos-left \">\n            <img loading=\"lazy\" decoding=\"async\" src=\"https:\/\/www.realcable.it\/wp-content\/uploads\/2026\/03\/assemblaggio-centralina-elettronica-settori-HVAC-automazione-industriale-quadri-elettrici.jpg\" alt=\"assemblaggio centralina elettronica - settori HVAC, automazione industriale, quadri elettrici\" width=\"600\" height=\"400\">\n\n            <div class=\"container-text\">\n\n                <span class=\"title-small\">Cero defectos<\/span>\n                <h3 class=\"title\">Calidad 5.0<\/h3>\n\n                <div class=\"text\"><p>Desde 1991, Realcable es sin\u00f3nimo de fiabilidad y precisi\u00f3n. Hoy damos un paso adelante con la estrategia \u00abCero Defectos\u00bb, incorporando la revoluci\u00f3n de la Calidad 5.0.<\/p>\n<p>Supervisamos minuciosamente cada fase de la producci\u00f3n, desde el riguroso control de las materias primas hasta las pruebas finales de los cableados y los cuadros el\u00e9ctricos.<\/p>\n<p>Todos los productos Realcable se someten a rigurosas pruebas y, previa solicitud, tambi\u00e9n proporcionamos certificados de conformidad. Gracias a los controles estad\u00edsticos, buscamos una mejora continua y constante en cada proceso, con el fin de ofrecer productos cada vez m\u00e1s eficaces y sin concesiones.<\/p>\n<\/div>\n\n                            <\/div>\n\n        <\/div>\n\n    <\/div>\n<\/div>\n\n\n<div class=\"fascia-img-cta bg-grigio \">\n    <div class=\"fascia-img-cta__inner container\">\n\n        <div class=\"grid-cols pos-right \">\n            <img loading=\"lazy\" decoding=\"async\" src=\"https:\/\/www.realcable.it\/wp-content\/uploads\/2026\/03\/spellatura-e-preparazione-cavo-schermato-per-preparare-cavo-per-la-crimpatura-o-per-essere-saldato-lampada-con-lente-per-altro-grado-di-precisione.jpg\" alt=\"spellatura e preparazione cavo schermato per preparare cavo per la crimpatura o per essere saldato , lampada con lente per altro grado di precisione\" width=\"600\" height=\"400\">\n\n            <div class=\"container-text\">\n\n                <span class=\"title-small\"><\/span>\n                <h3 class=\"title\">Cables certificados y conformes<\/h3>\n\n                <div class=\"text\"><p>Nuestros productos cumplen con las principales normas internacionales para cables el\u00e9ctricos industriales y especiales:<\/p>\n<ul>\n<li>Normas IEC, EN y, bajo pedido, UL<\/li>\n<li>Directivas CPR, RoHS y REACH<\/li>\n<li>Especificaciones t\u00e9cnicas del cliente<\/li>\n<\/ul>\n<p>Realcable es el socio ideal para empresas que deben cumplir con requisitos normativos estrictos y altos est\u00e1ndares de calidad.<\/p>\n<\/div>\n\n                            <\/div>\n\n        <\/div>\n\n    <\/div>\n<\/div>\n\n\n<div class=\"fascia-img-cta bg-bianco \">\n    <div class=\"fascia-img-cta__inner container\">\n\n        <div class=\"grid-cols pos-left \">\n            <img loading=\"lazy\" decoding=\"async\" src=\"https:\/\/www.realcable.it\/wp-content\/uploads\/2026\/03\/laboratorio-micrografico.jpg\" alt=\"laboratorio-micrografico\" width=\"600\" height=\"400\">\n\n            <div class=\"container-text\">\n\n                <span class=\"title-small\"><\/span>\n                <h3 class=\"title\">Laboratorio microgr\u00e1fico avanzado para el control de las uniones<\/h3>\n\n                <div class=\"text\"><p>En Realcable contamos con un laboratorio microgr\u00e1fico interno equipado con microscopios digitales de \u00faltima generaci\u00f3n, lo que nos permite realizar an\u00e1lisis precisos y exhaustivos de las uniones en cables y terminales.<\/p>\n<p>Esta tecnolog\u00eda nos permite:<\/p>\n<ul>\n<li>evaluar la microestructura de los materiales met\u00e1licos tras el proceso de engarzado<\/li>\n<li>analizar la compactaci\u00f3n y la homogeneidad de los hilos<\/li>\n<li>verificar la calidad final del engarzado mediante im\u00e1genes de alta definici\u00f3n<\/li>\n<li>detectar posibles inclusiones no met\u00e1licas o defectos microsc\u00f3picos<\/li>\n<li>determinar par\u00e1metros clave, como el tama\u00f1o del grano cristalino, fundamentales para las propiedades mec\u00e1nicas del cable<\/li>\n<\/ul>\n<p>Estos ex\u00e1menes, disponibles bajo pedido, garantizan que cada componente cumpla con los m\u00e1s altos est\u00e1ndares de resistencia y fiabilidad, protegiendo sus instalaciones de posibles fallos.<\/p>\n<\/div>\n\n                            <\/div>\n\n        <\/div>\n\n    <\/div>\n<\/div>\n\n\n<div class=\"fascia-img-cta bg-grigio \">\n    <div class=\"fascia-img-cta__inner container\">\n\n        <div class=\"grid-cols pos-right \">\n            <img loading=\"lazy\" decoding=\"async\" src=\"https:\/\/www.realcable.it\/wp-content\/uploads\/2026\/03\/realcable-qualita.jpg\" alt=\"realcable-qualit\u00e0\" width=\"600\" height=\"400\">\n\n            <div class=\"container-text\">\n\n                <span class=\"title-small\"><\/span>\n                <h3 class=\"title\">Nuestro camino Kaizen: mejorar cada d\u00eda por ti<\/h3>\n\n                <div class=\"text\"><p>Desde 2021, en Realcable hemos iniciado un proceso de mejora continua basado en la filosof\u00eda Kaizen: un compromiso constante por hacerlo cada vez mejor.<\/p>\n<p>Involucramos a todo el equipo y a cada fase de la producci\u00f3n para:<\/p>\n<ul>\n<li>eliminar el desperdicio<\/li>\n<li>optimizar los procesos<\/li>\n<li>garantizar una calidad y fiabilidad a\u00fan mayores<\/li>\n<li>cumplir con plazos de entrega r\u00e1pidos<\/li>\n<\/ul>\n<p>Es un proceso en curso, pero la direcci\u00f3n es clara: ofrecer a nuestros clientes productos y servicios cada vez m\u00e1s eficaces y a medida.<\/p>\n<\/div>\n\n                            <\/div>\n\n        <\/div>\n\n    <\/div>\n<\/div>\n\n<div class=\"fascia-certificazioni\">\n    <div class=\"fascia-certificazioni__inner container\">\n\n        <div class=\"grid-cols\">\n\n            <div class=\"container-text\">\n                <span class=\"title-small\">Calidad certificada<\/span>\n                <h3 class=\"title\">Excelencia y cumplimiento de las normas internacionales<\/h3>\n                <div class=\"text\"><p>La calidad es el pilar fundamental de Realcable. Cada producto se fabrica siguiendo rigurosos protocolos de control y respetando las normativas m\u00e1s estrictas del sector.<\/p>\n<\/div>\n\n                <div class=\"elenco-quality\">\n                    \n                        <div class=\"single-cert\">\n                            <svg xmlns=\"http:\/\/www.w3.org\/2000\/svg\" width=\"20\" height=\"20\" viewBox=\"0 0 20 20\" fill=\"none\">\n                                <path d=\"M10.0003 18.3333C14.6027 18.3333 18.3337 14.6023 18.3337 9.99996C18.3337 5.39759 14.6027 1.66663 10.0003 1.66663C5.39795 1.66663 1.66699 5.39759 1.66699 9.99996C1.66699 14.6023 5.39795 18.3333 10.0003 18.3333Z\" stroke=\"#323437\" stroke-width=\"1.66667\" stroke-linecap=\"round\" stroke-linejoin=\"round\"\/>\n                                <path d=\"M7.5 10L9.16667 11.6667L12.5 8.33337\" stroke=\"#323437\" stroke-width=\"1.66667\" stroke-linecap=\"round\" stroke-linejoin=\"round\"\/>\n                            <\/svg>\n\n                            <p class=\"text-quality\">Control de calidad en cada fase de la producci\u00f3n<\/p>\n                        <\/div>\n\n                    \n                        <div class=\"single-cert\">\n                            <svg xmlns=\"http:\/\/www.w3.org\/2000\/svg\" width=\"20\" height=\"20\" viewBox=\"0 0 20 20\" fill=\"none\">\n                                <path d=\"M10.0003 18.3333C14.6027 18.3333 18.3337 14.6023 18.3337 9.99996C18.3337 5.39759 14.6027 1.66663 10.0003 1.66663C5.39795 1.66663 1.66699 5.39759 1.66699 9.99996C1.66699 14.6023 5.39795 18.3333 10.0003 18.3333Z\" stroke=\"#323437\" stroke-width=\"1.66667\" stroke-linecap=\"round\" stroke-linejoin=\"round\"\/>\n                                <path d=\"M7.5 10L9.16667 11.6667L12.5 8.33337\" stroke=\"#323437\" stroke-width=\"1.66667\" stroke-linecap=\"round\" stroke-linejoin=\"round\"\/>\n                            <\/svg>\n\n                            <p class=\"text-quality\">Trazabilidad completa de los materiales<\/p>\n                        <\/div>\n\n                    \n                        <div class=\"single-cert\">\n                            <svg xmlns=\"http:\/\/www.w3.org\/2000\/svg\" width=\"20\" height=\"20\" viewBox=\"0 0 20 20\" fill=\"none\">\n                                <path d=\"M10.0003 18.3333C14.6027 18.3333 18.3337 14.6023 18.3337 9.99996C18.3337 5.39759 14.6027 1.66663 10.0003 1.66663C5.39795 1.66663 1.66699 5.39759 1.66699 9.99996C1.66699 14.6023 5.39795 18.3333 10.0003 18.3333Z\" stroke=\"#323437\" stroke-width=\"1.66667\" stroke-linecap=\"round\" stroke-linejoin=\"round\"\/>\n                                <path d=\"M7.5 10L9.16667 11.6667L12.5 8.33337\" stroke=\"#323437\" stroke-width=\"1.66667\" stroke-linecap=\"round\" stroke-linejoin=\"round\"\/>\n                            <\/svg>\n\n                            <p class=\"text-quality\">Pruebas el\u00e9ctricas y funcionales certificadas<\/p>\n                        <\/div>\n\n                    \n                        <div class=\"single-cert\">\n                            <svg xmlns=\"http:\/\/www.w3.org\/2000\/svg\" width=\"20\" height=\"20\" viewBox=\"0 0 20 20\" fill=\"none\">\n                                <path d=\"M10.0003 18.3333C14.6027 18.3333 18.3337 14.6023 18.3337 9.99996C18.3337 5.39759 14.6027 1.66663 10.0003 1.66663C5.39795 1.66663 1.66699 5.39759 1.66699 9.99996C1.66699 14.6023 5.39795 18.3333 10.0003 18.3333Z\" stroke=\"#323437\" stroke-width=\"1.66667\" stroke-linecap=\"round\" stroke-linejoin=\"round\"\/>\n                                <path d=\"M7.5 10L9.16667 11.6667L12.5 8.33337\" stroke=\"#323437\" stroke-width=\"1.66667\" stroke-linecap=\"round\" stroke-linejoin=\"round\"\/>\n                            <\/svg>\n\n                            <p class=\"text-quality\">Documentaci\u00f3n t\u00e9cnica conforme a las normas internacionales<\/p>\n                        <\/div>\n\n                                    <\/div>\n\n                            <\/div>\n\n            <div class=\"container-certifications\">\n                \n                                            <a href=\"\/wp-content\/uploads\/2026\/02\/Certificato-ISO-9001.pdf\" target=\"_blank\" class=\"certification\">\n                                                            <img decoding=\"async\" src=\"https:\/\/www.realcable.it\/wp-content\/uploads\/2026\/02\/iso-9001.png\" alt=\"\">\n                            \n                            <div class=\"head-cert\">\n                                <span class=\"title-box\">UNI EN ISO 9001:2015<\/span>\n\n                                <svg xmlns=\"http:\/\/www.w3.org\/2000\/svg\" width=\"32\" height=\"32\" viewBox=\"0 0 32 32\" fill=\"none\">\n                                    <path d=\"M28 20V25.3333C28 26.0406 27.719 26.7189 27.219 27.219C26.7189 27.719 26.0406 28 25.3333 28H6.66667C5.95942 28 5.28115 27.719 4.78105 27.219C4.28095 26.7189 4 26.0406 4 25.3333V20M9.33333 13.3333L16 20M16 20L22.6667 13.3333M16 20V4\" stroke=\"#1E1E1E\" stroke-width=\"3\" stroke-linecap=\"round\" stroke-linejoin=\"round\"\/>\n                                <\/svg>\n                            <\/div>\n\n                            <div class=\"text-box\"><p>El est\u00e1ndar internacional de referencia para la gesti\u00f3n de la calidad, que garantiza a Realcable procesos organizados, controles rigurosos y un compromiso constante con la excelencia. Elegir Realcable significa confiar en un socio certificado que antepone la calidad en cada fase de la producci\u00f3n.<\/p>\n<\/div>\n                        <\/a>\n                    \n                \n                                            <a href=\"\/wp-content\/uploads\/2026\/02\/Certificato-IRIS.pdf\" target=\"_blank\" class=\"certification\">\n                                                            <img decoding=\"async\" src=\"https:\/\/www.realcable.it\/wp-content\/uploads\/2026\/02\/Logo-ISO-TS-22163-1.png\" alt=\"\">\n                            \n                            <div class=\"head-cert\">\n                                <span class=\"title-box\">ISO\/TS 22163 (ex-IRIS)<\/span>\n\n                                <svg xmlns=\"http:\/\/www.w3.org\/2000\/svg\" width=\"32\" height=\"32\" viewBox=\"0 0 32 32\" fill=\"none\">\n                                    <path d=\"M28 20V25.3333C28 26.0406 27.719 26.7189 27.219 27.219C26.7189 27.719 26.0406 28 25.3333 28H6.66667C5.95942 28 5.28115 27.719 4.78105 27.219C4.28095 26.7189 4 26.0406 4 25.3333V20M9.33333 13.3333L16 20M16 20L22.6667 13.3333M16 20V4\" stroke=\"#1E1E1E\" stroke-width=\"3\" stroke-linecap=\"round\" stroke-linejoin=\"round\"\/>\n                                <\/svg>\n                            <\/div>\n\n                            <div class=\"text-box\"><p>El est\u00e1ndar internacional de referencia para la producci\u00f3n de cables el\u00e9ctricos, cableados y cuadros el\u00e9ctricos destinados a la industria ferroviaria.<\/p>\n<p>Realcable garantiza est\u00e1ndares de calidad, seguridad y fiabilidad que cumplen con los rigurosos requisitos del sector ferroviario, ofreciendo productos que cumplen con las normativas m\u00e1s estrictas y est\u00e1n preparados para afrontar los retos de uno de los mercados m\u00e1s exigentes.<\/p>\n<\/div>\n                        <\/a>\n                    \n                \n                                            <div class=\"certification\">\n                                                            <img decoding=\"async\" src=\"https:\/\/www.realcable.it\/wp-content\/uploads\/2026\/02\/IPC_logo_cert-spec.png\" alt=\"\">\n                            \n                            <div class=\"head-cert\">\n                                <span class=\"title-box\">OPERADORES FORMADOS SEG\u00daN EL EST\u00c1NDAR IPC WHMA-A-620<\/span>\n                            <\/div>\n\n                            <div class=\"text-box\"><p>Realcable invierte continuamente en la formaci\u00f3n de su equipo t\u00e9cnico. Nuestros operadores est\u00e1n certificados seg\u00fan la norma IPC WHMA-A-620, la referencia mundial en cuanto a la calidad del cableado y de las conexiones electr\u00f3nicas.<\/p>\n<\/div>\n                        <\/div>\n                    \n                \n                                            <a href=\"\/wp-content\/uploads\/2026\/02\/Certificato-UL-e-UL-CSA.pdf\" target=\"_blank\" class=\"certification\">\n                            \n                            <div class=\"head-cert\">\n                                <span class=\"title-box\">UL 817 &#8211; Conformidad para los mercados de EE. UU. y Canad\u00e1<\/span>\n\n                                <svg xmlns=\"http:\/\/www.w3.org\/2000\/svg\" width=\"32\" height=\"32\" viewBox=\"0 0 32 32\" fill=\"none\">\n                                    <path d=\"M28 20V25.3333C28 26.0406 27.719 26.7189 27.219 27.219C26.7189 27.719 26.0406 28 25.3333 28H6.66667C5.95942 28 5.28115 27.719 4.78105 27.219C4.28095 26.7189 4 26.0406 4 25.3333V20M9.33333 13.3333L16 20M16 20L22.6667 13.3333M16 20V4\" stroke=\"#1E1E1E\" stroke-width=\"3\" stroke-linecap=\"round\" stroke-linejoin=\"round\"\/>\n                                <\/svg>\n                            <\/div>\n\n                            <div class=\"text-box\"><p>La norma de seguridad reconocida para cables de alimentaci\u00f3n y cableado el\u00e9ctrico destinados a los mercados de Estados Unidos y Canad\u00e1. Garantiza que los productos cumplen con los estrictos requisitos de seguridad el\u00e9ctrica y rendimiento, de acuerdo con las normas t\u00e9cnicas adoptadas en las instalaciones civiles e industriales de Am\u00e9rica del Norte.<\/p>\n<\/div>\n                        <\/a>\n                    \n                \n                                            <a href=\"\/wp-content\/uploads\/2026\/02\/Certificato-UL-e-UL-CSA.pdf\" target=\"_blank\" class=\"certification\">\n                            \n                            <div class=\"head-cert\">\n                                <span class=\"title-box\">UL CSA-C22.2 No.21 &#8211; Conformidad en materia de seguridad para EE. UU. y Canad\u00e1<\/span>\n\n                                <svg xmlns=\"http:\/\/www.w3.org\/2000\/svg\" width=\"32\" height=\"32\" viewBox=\"0 0 32 32\" fill=\"none\">\n                                    <path d=\"M28 20V25.3333C28 26.0406 27.719 26.7189 27.219 27.219C26.7189 27.719 26.0406 28 25.3333 28H6.66667C5.95942 28 5.28115 27.719 4.78105 27.219C4.28095 26.7189 4 26.0406 4 25.3333V20M9.33333 13.3333L16 20M16 20L22.6667 13.3333M16 20V4\" stroke=\"#1E1E1E\" stroke-width=\"3\" stroke-linecap=\"round\" stroke-linejoin=\"round\"\/>\n                                <\/svg>\n                            <\/div>\n\n                            <div class=\"text-box\"><p>La norma de seguridad norteamericana para cables de alimentaci\u00f3n y cables de conexi\u00f3n destinados al mercado de Estados Unidos y Canad\u00e1.<\/p>\n<\/div>\n                        <\/a>\n                    \n                \n                                            <a href=\"\/wp-content\/uploads\/2026\/02\/Scorecard-EcoVadis.pdf\" target=\"_blank\" class=\"certification\">\n                            \n                            <div class=\"head-cert\">\n                                <span class=\"title-box\">Status Silver EcoVadis<\/span>\n\n                                <svg xmlns=\"http:\/\/www.w3.org\/2000\/svg\" width=\"32\" height=\"32\" viewBox=\"0 0 32 32\" fill=\"none\">\n                                    <path d=\"M28 20V25.3333C28 26.0406 27.719 26.7189 27.219 27.219C26.7189 27.719 26.0406 28 25.3333 28H6.66667C5.95942 28 5.28115 27.719 4.78105 27.219C4.28095 26.7189 4 26.0406 4 25.3333V20M9.33333 13.3333L16 20M16 20L22.6667 13.3333M16 20V4\" stroke=\"#1E1E1E\" stroke-width=\"3\" stroke-linecap=\"round\" stroke-linejoin=\"round\"\/>\n                                <\/svg>\n                            <\/div>\n\n                            <div class=\"text-box\"><p>Este reconocimiento certifica nuestro compromiso real con la gesti\u00f3n responsable de los impactos ambientales, sociales y \u00e9ticos a lo largo de toda la cadena de producci\u00f3n.<\/p>\n<\/div>\n                        <\/a>\n                    \n                            <\/div>\n\n        <\/div>\n\n    <\/div>\n<\/div>\n\n\n<p><\/p>\n","protected":false},"excerpt":{"rendered":"","protected":false},"author":1,"featured_media":0,"parent":0,"menu_order":0,"comment_status":"closed","ping_status":"closed","template":"","meta":{"_acf_changed":false,"footnotes":""},"class_list":["post-589","page","type-page","status-publish","hentry"],"acf":[],"yoast_head":"<!-- This site is optimized with the Yoast SEO plugin v27.4 - https:\/\/yoast.com\/product\/yoast-seo-wordpress\/ -->\n<title>Calidad y Certificaciones en Cableado El\u00e9ctrico | Realcable<\/title>\n<meta name=\"description\" content=\"Fabricaci\u00f3n certificada de cableado el\u00e9ctrico con estrictos controles de calidad. Garantizamos precisi\u00f3n, fiabilidad y altos est\u00e1ndares productivos.\" \/>\n<meta name=\"robots\" content=\"index, follow, max-snippet:-1, max-image-preview:large, max-video-preview:-1\" \/>\n<link rel=\"canonical\" href=\"https:\/\/www.realcable.it\/qualita\/\" \/>\n<meta property=\"og:locale\" content=\"es_ES\" \/>\n<meta property=\"og:type\" content=\"article\" \/>\n<meta property=\"og:title\" content=\"Calidad y Certificaciones en Cableado El\u00e9ctrico | Realcable\" \/>\n<meta property=\"og:description\" content=\"Fabricaci\u00f3n certificada de cableado el\u00e9ctrico con estrictos controles de calidad. Garantizamos precisi\u00f3n, fiabilidad y altos est\u00e1ndares productivos.\" \/>\n<meta property=\"og:url\" content=\"https:\/\/www.realcable.it\/qualita\/\" \/>\n<meta property=\"og:site_name\" content=\"Realcable\" \/>\n<meta property=\"article:modified_time\" content=\"2026-04-17T10:22:42+00:00\" \/>\n<meta name=\"twitter:card\" content=\"summary_large_image\" \/>\n<script type=\"application\/ld+json\" class=\"yoast-schema-graph\">{\"@context\":\"https:\\\/\\\/schema.org\",\"@graph\":[{\"@type\":\"WebPage\",\"@id\":\"https:\\\/\\\/www.realcable.it\\\/qualita\\\/\",\"url\":\"https:\\\/\\\/www.realcable.it\\\/qualita\\\/\",\"name\":\"Calidad y Certificaciones en Cableado El\u00e9ctrico | Realcable\",\"isPartOf\":{\"@id\":\"https:\\\/\\\/www.realcable.it\\\/#website\"},\"datePublished\":\"2026-02-05T14:04:43+00:00\",\"dateModified\":\"2026-04-17T10:22:42+00:00\",\"description\":\"Fabricaci\u00f3n certificada de cableado el\u00e9ctrico con estrictos controles de calidad. Garantizamos precisi\u00f3n, fiabilidad y altos est\u00e1ndares productivos.\",\"breadcrumb\":{\"@id\":\"https:\\\/\\\/www.realcable.it\\\/qualita\\\/#breadcrumb\"},\"inLanguage\":\"es\",\"potentialAction\":[{\"@type\":\"ReadAction\",\"target\":[\"https:\\\/\\\/www.realcable.it\\\/qualita\\\/\"]}]},{\"@type\":\"BreadcrumbList\",\"@id\":\"https:\\\/\\\/www.realcable.it\\\/qualita\\\/#breadcrumb\",\"itemListElement\":[{\"@type\":\"ListItem\",\"position\":1,\"name\":\"Home\",\"item\":\"https:\\\/\\\/www.realcable.it\\\/\"},{\"@type\":\"ListItem\",\"position\":2,\"name\":\"Calidad\"}]},{\"@type\":\"WebSite\",\"@id\":\"https:\\\/\\\/www.realcable.it\\\/#website\",\"url\":\"https:\\\/\\\/www.realcable.it\\\/\",\"name\":\"Realcable\",\"description\":\"\",\"potentialAction\":[{\"@type\":\"SearchAction\",\"target\":{\"@type\":\"EntryPoint\",\"urlTemplate\":\"https:\\\/\\\/www.realcable.it\\\/?s={search_term_string}\"},\"query-input\":{\"@type\":\"PropertyValueSpecification\",\"valueRequired\":true,\"valueName\":\"search_term_string\"}}],\"inLanguage\":\"es\"}]}<\/script>\n<!-- \/ Yoast SEO plugin. -->","yoast_head_json":{"title":"Calidad y Certificaciones en Cableado El\u00e9ctrico | Realcable","description":"Fabricaci\u00f3n certificada de cableado el\u00e9ctrico con estrictos controles de calidad. Garantizamos precisi\u00f3n, fiabilidad y altos est\u00e1ndares productivos.","robots":{"index":"index","follow":"follow","max-snippet":"max-snippet:-1","max-image-preview":"max-image-preview:large","max-video-preview":"max-video-preview:-1"},"canonical":"https:\/\/www.realcable.it\/qualita\/","og_locale":"es_ES","og_type":"article","og_title":"Calidad y Certificaciones en Cableado El\u00e9ctrico | Realcable","og_description":"Fabricaci\u00f3n certificada de cableado el\u00e9ctrico con estrictos controles de calidad. Garantizamos precisi\u00f3n, fiabilidad y altos est\u00e1ndares productivos.","og_url":"https:\/\/www.realcable.it\/qualita\/","og_site_name":"Realcable","article_modified_time":"2026-04-17T10:22:42+00:00","twitter_card":"summary_large_image","schema":{"@context":"https:\/\/schema.org","@graph":[{"@type":"WebPage","@id":"https:\/\/www.realcable.it\/qualita\/","url":"https:\/\/www.realcable.it\/qualita\/","name":"Calidad y Certificaciones en Cableado El\u00e9ctrico | Realcable","isPartOf":{"@id":"https:\/\/www.realcable.it\/#website"},"datePublished":"2026-02-05T14:04:43+00:00","dateModified":"2026-04-17T10:22:42+00:00","description":"Fabricaci\u00f3n certificada de cableado el\u00e9ctrico con estrictos controles de calidad. Garantizamos precisi\u00f3n, fiabilidad y altos est\u00e1ndares productivos.","breadcrumb":{"@id":"https:\/\/www.realcable.it\/qualita\/#breadcrumb"},"inLanguage":"es","potentialAction":[{"@type":"ReadAction","target":["https:\/\/www.realcable.it\/qualita\/"]}]},{"@type":"BreadcrumbList","@id":"https:\/\/www.realcable.it\/qualita\/#breadcrumb","itemListElement":[{"@type":"ListItem","position":1,"name":"Home","item":"https:\/\/www.realcable.it\/"},{"@type":"ListItem","position":2,"name":"Calidad"}]},{"@type":"WebSite","@id":"https:\/\/www.realcable.it\/#website","url":"https:\/\/www.realcable.it\/","name":"Realcable","description":"","potentialAction":[{"@type":"SearchAction","target":{"@type":"EntryPoint","urlTemplate":"https:\/\/www.realcable.it\/?s={search_term_string}"},"query-input":{"@type":"PropertyValueSpecification","valueRequired":true,"valueName":"search_term_string"}}],"inLanguage":"es"}]}},"_links":{"self":[{"href":"https:\/\/www.realcable.it\/es\/wp-json\/wp\/v2\/pages\/589","targetHints":{"allow":["GET"]}}],"collection":[{"href":"https:\/\/www.realcable.it\/es\/wp-json\/wp\/v2\/pages"}],"about":[{"href":"https:\/\/www.realcable.it\/es\/wp-json\/wp\/v2\/types\/page"}],"author":[{"embeddable":true,"href":"https:\/\/www.realcable.it\/es\/wp-json\/wp\/v2\/users\/1"}],"replies":[{"embeddable":true,"href":"https:\/\/www.realcable.it\/es\/wp-json\/wp\/v2\/comments?post=589"}],"version-history":[{"count":1,"href":"https:\/\/www.realcable.it\/es\/wp-json\/wp\/v2\/pages\/589\/revisions"}],"predecessor-version":[{"id":596,"href":"https:\/\/www.realcable.it\/es\/wp-json\/wp\/v2\/pages\/589\/revisions\/596"}],"wp:attachment":[{"href":"https:\/\/www.realcable.it\/es\/wp-json\/wp\/v2\/media?parent=589"}],"curies":[{"name":"wp","href":"https:\/\/api.w.org\/{rel}","templated":true}]}}