{"id":585,"date":"2026-01-15T15:26:08","date_gmt":"2026-01-15T14:26:08","guid":{"rendered":"https:\/\/realcable.piano-d.dev\/settori\/"},"modified":"2026-04-17T12:22:01","modified_gmt":"2026-04-17T10:22:01","slug":"sectores","status":"publish","type":"page","link":"https:\/\/www.realcable.it\/es\/sectores\/","title":{"rendered":"Sectores"},"content":{"rendered":"<div class=\"fascia-header-pagine\" style=\"background: url(https:\/\/www.realcable.it\/wp-content\/uploads\/2026\/01\/bg-settori.jpg)\">\n    <div class=\"fascia-header-pagine__inner container\">\n\n            <h1 class=\"title\">Sectores<\/h1>\n\n            <p id=\"breadcrumbs\"><span><span><a href=\"https:\/\/www.realcable.it\/\">Home<\/a><\/span><\/span><\/p>\n    <\/div>\n<\/div>\n\n<div class=\"fascia-testo\">\n    <div class=\"fascia-testo__inner container\">\n\n        <div class=\"text\"><p>Realcable opera en diversos sectores industriales, ofreciendo soluciones fiables y personalizadas de cableado el\u00e9ctrico, cuadros el\u00e9ctricos y ensamblajes electromec\u00e1nicos. Gracias a nuestra gran competencia t\u00e9cnica y a unos procesos de producci\u00f3n flexibles, podemos responder a las necesidades espec\u00edficas de cada sector, garantizando calidad, cumplimiento normativo y asistencia t\u00e9cnica especializada.<\/p>\n<\/div>\n\n    <\/div>\n<\/div>\n\n<div class=\"fascia-elenco-settori\">\n    <div class=\"fascia-elenco-settori__inner container\">\n\n        <div class=\"sector-container\">\n            \n                <div class=\"single-sector\">\n                    <img loading=\"lazy\" decoding=\"async\" src=\"https:\/\/www.realcable.it\/wp-content\/uploads\/2026\/03\/ferroviario.jpg\" alt=\"ferroviario\" width=\"600\" height=\"400\">\n\n                    <div class=\"content-sector\">\n                        <div class=\"top-cont\">\n                            <span class=\"title-sector\">Ferrocarril<\/span>\n                            <div class=\"text\"><p>Soluciones de cableado el\u00e9ctrico y cuadros el\u00e9ctricos para el sector ferroviario, fabricadas seg\u00fan elevados est\u00e1ndares de calidad y fiabilidad. Damos soporte a aplicaciones cr\u00edticas garantizando el cumplimiento de la normativa y la m\u00e1xima seguridad operativa.<\/p>\n<\/div>\n                        <\/div>\n\n                        <a href=\"#\" class=\"btn btn-b\">\n                            Descubra m\u00e1s                        <\/a>\n                    <\/div>\n                <\/div>\n\n            \n                <div class=\"single-sector\">\n                    <img loading=\"lazy\" decoding=\"async\" src=\"https:\/\/www.realcable.it\/wp-content\/uploads\/2026\/03\/mezzi-speciali.jpg\" alt=\"mezzi-speciali\" width=\"600\" height=\"400\">\n\n                    <div class=\"content-sector\">\n                        <div class=\"top-cont\">\n                            <span class=\"title-sector\">Veh\u00edculos especiales<\/span>\n                            <div class=\"text\"><p>Fabricamos cableados el\u00e9ctricos a medida para veh\u00edculos especiales y veh\u00edculos profesionales, dise\u00f1ados para soportar condiciones complejas y entornos exigentes, garantizando un rendimiento \u00f3ptimo y duradero.<\/p>\n<\/div>\n                        <\/div>\n\n                        <a href=\"#\" class=\"btn btn-b\">\n                            Descubra m\u00e1s                        <\/a>\n                    <\/div>\n                <\/div>\n\n            \n                <div class=\"single-sector\">\n                    <img loading=\"lazy\" decoding=\"async\" src=\"https:\/\/www.realcable.it\/wp-content\/uploads\/2026\/03\/navale.jpg\" alt=\"navale\" width=\"600\" height=\"400\">\n\n                    <div class=\"content-sector\">\n                        <div class=\"top-cont\">\n                            <span class=\"title-sector\">Naval<\/span>\n                            <div class=\"text\"><p>Ofrecemos soluciones de cableado para el sector naval, dise\u00f1adas para entornos marinos y aplicaciones que requieren una alta fiabilidad, prestando especial atenci\u00f3n a la resistencia, la seguridad y el cumplimiento normativo.<\/p>\n<\/div>\n                        <\/div>\n\n                        <a href=\"#\" class=\"btn btn-b\">\n                            Descubra m\u00e1s                        <\/a>\n                    <\/div>\n                <\/div>\n\n            \n                <div class=\"single-sector\">\n                    <img loading=\"lazy\" decoding=\"async\" src=\"https:\/\/www.realcable.it\/wp-content\/uploads\/2026\/03\/Italian_Army_-_Cavalry_School_Ariete_C2_main_battle_tank_during_a_crew_training_exercise_2024-1.jpg\" alt=\"Italian_Army_-_Cavalry_School_Ariete_C2_main_battle_tank_during_a_crew_training_exercise_2024\" width=\"600\" height=\"400\">\n\n                    <div class=\"content-sector\">\n                        <div class=\"top-cont\">\n                            <span class=\"title-sector\">Defensa<\/span>\n                            <div class=\"text\"><p>Desarrollamos cableados el\u00e9ctricos y sistemas electromec\u00e1nicos para el sector de la defensa, garantizando altos niveles de calidad, trazabilidad de los procesos y el cumplimiento de las normas exigidas para aplicaciones cr\u00edticas.<\/p>\n<\/div>\n                        <\/div>\n\n                        <a href=\"#\" class=\"btn btn-b\">\n                            Descubra m\u00e1s                        <\/a>\n                    <\/div>\n                <\/div>\n\n            \n                <div class=\"single-sector\">\n                    <img loading=\"lazy\" decoding=\"async\" src=\"https:\/\/www.realcable.it\/wp-content\/uploads\/2026\/03\/automotive.jpg\" alt=\"automotive\" width=\"600\" height=\"400\">\n\n                    <div class=\"content-sector\">\n                        <div class=\"top-cont\">\n                            <span class=\"title-sector\">Automatizaci\u00f3n industrial<\/span>\n                            <div class=\"text\"><p>Dise\u00f1amos y fabricamos cableados y cuadros el\u00e9ctricos para sistemas de automatizaci\u00f3n industrial, proporcionando a m\u00e1quinas e instalaciones soluciones fiables, personalizadas y de alto rendimiento.<\/p>\n<\/div>\n                        <\/div>\n\n                        <a href=\"#\" class=\"btn btn-b\">\n                            Descubra m\u00e1s                        <\/a>\n                    <\/div>\n                <\/div>\n\n            \n                <div class=\"single-sector\">\n                    <img loading=\"lazy\" decoding=\"async\" src=\"https:\/\/www.realcable.it\/wp-content\/uploads\/2026\/03\/hvac.jpg\" alt=\"hvac\" width=\"600\" height=\"400\">\n\n                    <div class=\"content-sector\">\n                        <div class=\"top-cont\">\n                            <span class=\"title-sector\">HVAC<\/span>\n                            <div class=\"text\"><p>Soluciones de cableado el\u00e9ctrico para instalaciones de HVAC, destinadas a sistemas de climatizaci\u00f3n, ventilaci\u00f3n y calefacci\u00f3n, con especial atenci\u00f3n a la eficiencia, la fiabilidad y la integraci\u00f3n con los sistemas de control.<\/p>\n<\/div>\n                        <\/div>\n\n                        <a href=\"#\" class=\"btn btn-b\">\n                            Descubra m\u00e1s                        <\/a>\n                    <\/div>\n                <\/div>\n\n            \n                <div class=\"single-sector\">\n                    <img loading=\"lazy\" decoding=\"async\" src=\"https:\/\/www.realcable.it\/wp-content\/uploads\/2026\/03\/telecomunicazione.jpg\" alt=\"telecomunicazione\" width=\"600\" height=\"400\">\n\n                    <div class=\"content-sector\">\n                        <div class=\"top-cont\">\n                            <span class=\"title-sector\">Telecomunicaciones<\/span>\n                            <div class=\"text\"><p>Realizamos instalaciones de cableado para infraestructuras de telecomunicaciones, garantizando la calidad de las se\u00f1ales, la continuidad operativa y el cumplimiento de las normas exigidas para redes y sistemas de comunicaci\u00f3n.<\/p>\n<\/div>\n                        <\/div>\n\n                        <a href=\"\" class=\"btn btn-b\">\n                            Descubra m\u00e1s                        <\/a>\n                    <\/div>\n                <\/div>\n\n            \n                <div class=\"single-sector\">\n                    <img loading=\"lazy\" decoding=\"async\" src=\"https:\/\/www.realcable.it\/wp-content\/uploads\/2026\/03\/horeca.jpg\" alt=\"horeca\" width=\"600\" height=\"400\">\n\n                    <div class=\"content-sector\">\n                        <div class=\"top-cont\">\n                            <span class=\"title-sector\">Ho.Re.Ca<\/span>\n                            <div class=\"text\"><p>Suministramos cableados el\u00e9ctricos para equipos profesionales destinados al sector HoReCa, apoyando a los fabricantes de maquinaria para la restauraci\u00f3n y la hosteler\u00eda con soluciones seguras, fiables y personalizadas.<\/p>\n<\/div>\n                        <\/div>\n\n                        <a href=\"#\" class=\"btn btn-b\">\n                            Descubra m\u00e1s                        <\/a>\n                    <\/div>\n                <\/div>\n\n                    <\/div>\n\n    <\/div>\n<\/div>\n\n<div class=\"fascia-faq\">\n    <div class=\"fascia-faq__inner container\">\n\n        <span class=\"title\">Faq<\/span>\n\n        <div class=\"container-faq\">\n                            <div class=\"faq\">\n                    <div class=\"header-faq\">\n                        <h4 class=\"titolo-faq\">\u00bfA qu\u00e9 se dedica Realcable? <\/h4>\n\n                        <svg xmlns=\"http:\/\/www.w3.org\/2000\/svg\" width=\"16\" height=\"16\" viewBox=\"0 0 16 16\" fill=\"none\">\n                            <path d=\"M4 6L8 10L12 6\" stroke=\"#1D2530\" stroke-width=\"1.33333\" stroke-linecap=\"round\" stroke-linejoin=\"round\"\/>\n                        <\/svg>\n                    <\/div>\n\n                    <div class=\"bottom-faq\">\n                        <div class=\"testo-faq\">\n                            <p>Realcable se especializa en el dise\u00f1o y la fabricaci\u00f3n de cableados el\u00e9ctricos industriales, cuadros el\u00e9ctricos y ensamblaje electromec\u00e1nicos para diversos sectores industriales.<\/p>\n                        <\/div>\n                    <\/div>\n\n                <\/div>\n                            <div class=\"faq\">\n                    <div class=\"header-faq\">\n                        <h4 class=\"titolo-faq\">\u00bfRealcable ofrece soluciones personalizadas? <\/h4>\n\n                        <svg xmlns=\"http:\/\/www.w3.org\/2000\/svg\" width=\"16\" height=\"16\" viewBox=\"0 0 16 16\" fill=\"none\">\n                            <path d=\"M4 6L8 10L12 6\" stroke=\"#1D2530\" stroke-width=\"1.33333\" stroke-linecap=\"round\" stroke-linejoin=\"round\"\/>\n                        <\/svg>\n                    <\/div>\n\n                    <div class=\"bottom-faq\">\n                        <div class=\"testo-faq\">\n                            <p>S\u00ed, Realcable desarrolla productos a medida seg\u00fan las especificaciones t\u00e9cnicas del cliente, desde la creaci\u00f3n de prototipos hasta la producci\u00f3n en serie.<\/p>\n                        <\/div>\n                    <\/div>\n\n                <\/div>\n                            <div class=\"faq\">\n                    <div class=\"header-faq\">\n                        <h4 class=\"titolo-faq\">\u00bfEn qu\u00e9 sectores industriales operan? <\/h4>\n\n                        <svg xmlns=\"http:\/\/www.w3.org\/2000\/svg\" width=\"16\" height=\"16\" viewBox=\"0 0 16 16\" fill=\"none\">\n                            <path d=\"M4 6L8 10L12 6\" stroke=\"#1D2530\" stroke-width=\"1.33333\" stroke-linecap=\"round\" stroke-linejoin=\"round\"\/>\n                        <\/svg>\n                    <\/div>\n\n                    <div class=\"bottom-faq\">\n                        <div class=\"testo-faq\">\n                            <p>Operamos en numerosos sectores, entre los que se incluyen la automatizaci\u00f3n, la maquinaria industrial, el sector ferroviario, la energ\u00eda, la climatizaci\u00f3n, la electr\u00f3nica y la ingenier\u00eda de instalaciones.<\/p>\n                        <\/div>\n                    <\/div>\n\n                <\/div>\n                            <div class=\"faq\">\n                    <div class=\"header-faq\">\n                        <h4 class=\"titolo-faq\">\u00bfD\u00f3nde se encuentra vuestra planta de producci\u00f3n? <\/h4>\n\n                        <svg xmlns=\"http:\/\/www.w3.org\/2000\/svg\" width=\"16\" height=\"16\" viewBox=\"0 0 16 16\" fill=\"none\">\n                            <path d=\"M4 6L8 10L12 6\" stroke=\"#1D2530\" stroke-width=\"1.33333\" stroke-linecap=\"round\" stroke-linejoin=\"round\"\/>\n                        <\/svg>\n                    <\/div>\n\n                    <div class=\"bottom-faq\">\n                        <div class=\"testo-faq\">\n                            <p>La planta de producci\u00f3n de Realcable se encuentra en Pordenone (Italia), en unas instalaciones de m\u00e1s de 6.000 m\u00b2 dedicadas a la fabricaci\u00f3n y a las pruebas.<\/p>\n                        <\/div>\n                    <\/div>\n\n                <\/div>\n                            <div class=\"faq\">\n                    <div class=\"header-faq\">\n                        <h4 class=\"titolo-faq\">\u00bfTrabajan tambi\u00e9n con clientes internacionales? <\/h4>\n\n                        <svg xmlns=\"http:\/\/www.w3.org\/2000\/svg\" width=\"16\" height=\"16\" viewBox=\"0 0 16 16\" fill=\"none\">\n                            <path d=\"M4 6L8 10L12 6\" stroke=\"#1D2530\" stroke-width=\"1.33333\" stroke-linecap=\"round\" stroke-linejoin=\"round\"\/>\n                        <\/svg>\n                    <\/div>\n\n                    <div class=\"bottom-faq\">\n                        <div class=\"testo-faq\">\n                            <p>S\u00ed, colaboramos con clientes tanto en Italia como en el extranjero, ofreciendo soluciones que cumplen con las principales normativas internacionales.<\/p>\n                        <\/div>\n                    <\/div>\n\n                <\/div>\n                            <div class=\"faq\">\n                    <div class=\"header-faq\">\n                        <h4 class=\"titolo-faq\">\u00bfC\u00f3mo puedo solicitar un presupuesto? <\/h4>\n\n                        <svg xmlns=\"http:\/\/www.w3.org\/2000\/svg\" width=\"16\" height=\"16\" viewBox=\"0 0 16 16\" fill=\"none\">\n                            <path d=\"M4 6L8 10L12 6\" stroke=\"#1D2530\" stroke-width=\"1.33333\" stroke-linecap=\"round\" stroke-linejoin=\"round\"\/>\n                        <\/svg>\n                    <\/div>\n\n                    <div class=\"bottom-faq\">\n                        <div class=\"testo-faq\">\n                            <p>Puede solicitar un presupuesto personalizado rellenando el formulario de contacto de la p\u00e1gina web o poni\u00e9ndose en contacto con nosotros directamente para recibir asesoramiento t\u00e9cnico.<\/p>\n                        <\/div>\n                    <\/div>\n\n                <\/div>\n                    <\/div>\n    <\/div>\n<\/div>","protected":false},"excerpt":{"rendered":"","protected":false},"author":1,"featured_media":0,"parent":0,"menu_order":0,"comment_status":"closed","ping_status":"closed","template":"","meta":{"_acf_changed":false,"footnotes":""},"class_list":["post-585","page","type-page","status-publish","hentry"],"acf":[],"yoast_head":"<!-- This site is optimized with the Yoast SEO plugin v27.4 - https:\/\/yoast.com\/product\/yoast-seo-wordpress\/ -->\n<title>Cableado El\u00e9ctrico para Sectores Ferroviario, Naval e Industrial | Realcable<\/title>\n<meta name=\"description\" content=\"Soluciones de cableado el\u00e9ctrico para sectores ferroviario, veh\u00edculos especiales, naval, defensa, automatizaci\u00f3n, HVAC, telecomunicaciones y Ho.Re.Ca.\" \/>\n<meta name=\"robots\" content=\"index, follow, max-snippet:-1, max-image-preview:large, max-video-preview:-1\" \/>\n<link rel=\"canonical\" href=\"https:\/\/www.realcable.it\/settori\/\" \/>\n<meta property=\"og:locale\" content=\"es_ES\" \/>\n<meta property=\"og:type\" content=\"article\" \/>\n<meta property=\"og:title\" content=\"Cableado El\u00e9ctrico para Sectores Ferroviario, Naval e Industrial | Realcable\" \/>\n<meta property=\"og:description\" content=\"Soluciones de cableado el\u00e9ctrico para sectores ferroviario, veh\u00edculos especiales, naval, defensa, automatizaci\u00f3n, HVAC, telecomunicaciones y Ho.Re.Ca.\" \/>\n<meta property=\"og:url\" content=\"https:\/\/www.realcable.it\/settori\/\" \/>\n<meta property=\"og:site_name\" content=\"Realcable\" \/>\n<meta property=\"article:modified_time\" content=\"2026-04-17T10:22:01+00:00\" \/>\n<meta name=\"twitter:card\" content=\"summary_large_image\" \/>\n<script type=\"application\/ld+json\" class=\"yoast-schema-graph\">{\"@context\":\"https:\\\/\\\/schema.org\",\"@graph\":[{\"@type\":\"WebPage\",\"@id\":\"https:\\\/\\\/www.realcable.it\\\/settori\\\/\",\"url\":\"https:\\\/\\\/www.realcable.it\\\/settori\\\/\",\"name\":\"Cableado El\u00e9ctrico para Sectores Ferroviario, Naval e Industrial | Realcable\",\"isPartOf\":{\"@id\":\"https:\\\/\\\/www.realcable.it\\\/#website\"},\"datePublished\":\"2026-01-15T14:26:08+00:00\",\"dateModified\":\"2026-04-17T10:22:01+00:00\",\"description\":\"Soluciones de cableado el\u00e9ctrico para sectores ferroviario, veh\u00edculos especiales, naval, defensa, automatizaci\u00f3n, HVAC, telecomunicaciones y Ho.Re.Ca.\",\"breadcrumb\":{\"@id\":\"https:\\\/\\\/www.realcable.it\\\/settori\\\/#breadcrumb\"},\"inLanguage\":\"es\",\"potentialAction\":[{\"@type\":\"ReadAction\",\"target\":[\"https:\\\/\\\/www.realcable.it\\\/settori\\\/\"]}]},{\"@type\":\"BreadcrumbList\",\"@id\":\"https:\\\/\\\/www.realcable.it\\\/settori\\\/#breadcrumb\",\"itemListElement\":[{\"@type\":\"ListItem\",\"position\":1,\"name\":\"Home\",\"item\":\"https:\\\/\\\/www.realcable.it\\\/\"},{\"@type\":\"ListItem\",\"position\":2,\"name\":\"Sectores\"}]},{\"@type\":\"WebSite\",\"@id\":\"https:\\\/\\\/www.realcable.it\\\/#website\",\"url\":\"https:\\\/\\\/www.realcable.it\\\/\",\"name\":\"Realcable\",\"description\":\"\",\"potentialAction\":[{\"@type\":\"SearchAction\",\"target\":{\"@type\":\"EntryPoint\",\"urlTemplate\":\"https:\\\/\\\/www.realcable.it\\\/?s={search_term_string}\"},\"query-input\":{\"@type\":\"PropertyValueSpecification\",\"valueRequired\":true,\"valueName\":\"search_term_string\"}}],\"inLanguage\":\"es\"}]}<\/script>\n<!-- \/ Yoast SEO plugin. -->","yoast_head_json":{"title":"Cableado El\u00e9ctrico para Sectores Ferroviario, Naval e Industrial | Realcable","description":"Soluciones de cableado el\u00e9ctrico para sectores ferroviario, veh\u00edculos especiales, naval, defensa, automatizaci\u00f3n, HVAC, telecomunicaciones y Ho.Re.Ca.","robots":{"index":"index","follow":"follow","max-snippet":"max-snippet:-1","max-image-preview":"max-image-preview:large","max-video-preview":"max-video-preview:-1"},"canonical":"https:\/\/www.realcable.it\/settori\/","og_locale":"es_ES","og_type":"article","og_title":"Cableado El\u00e9ctrico para Sectores Ferroviario, Naval e Industrial | Realcable","og_description":"Soluciones de cableado el\u00e9ctrico para sectores ferroviario, veh\u00edculos especiales, naval, defensa, automatizaci\u00f3n, HVAC, telecomunicaciones y Ho.Re.Ca.","og_url":"https:\/\/www.realcable.it\/settori\/","og_site_name":"Realcable","article_modified_time":"2026-04-17T10:22:01+00:00","twitter_card":"summary_large_image","schema":{"@context":"https:\/\/schema.org","@graph":[{"@type":"WebPage","@id":"https:\/\/www.realcable.it\/settori\/","url":"https:\/\/www.realcable.it\/settori\/","name":"Cableado El\u00e9ctrico para Sectores Ferroviario, Naval e Industrial | Realcable","isPartOf":{"@id":"https:\/\/www.realcable.it\/#website"},"datePublished":"2026-01-15T14:26:08+00:00","dateModified":"2026-04-17T10:22:01+00:00","description":"Soluciones de cableado el\u00e9ctrico para sectores ferroviario, veh\u00edculos especiales, naval, defensa, automatizaci\u00f3n, HVAC, telecomunicaciones y Ho.Re.Ca.","breadcrumb":{"@id":"https:\/\/www.realcable.it\/settori\/#breadcrumb"},"inLanguage":"es","potentialAction":[{"@type":"ReadAction","target":["https:\/\/www.realcable.it\/settori\/"]}]},{"@type":"BreadcrumbList","@id":"https:\/\/www.realcable.it\/settori\/#breadcrumb","itemListElement":[{"@type":"ListItem","position":1,"name":"Home","item":"https:\/\/www.realcable.it\/"},{"@type":"ListItem","position":2,"name":"Sectores"}]},{"@type":"WebSite","@id":"https:\/\/www.realcable.it\/#website","url":"https:\/\/www.realcable.it\/","name":"Realcable","description":"","potentialAction":[{"@type":"SearchAction","target":{"@type":"EntryPoint","urlTemplate":"https:\/\/www.realcable.it\/?s={search_term_string}"},"query-input":{"@type":"PropertyValueSpecification","valueRequired":true,"valueName":"search_term_string"}}],"inLanguage":"es"}]}},"_links":{"self":[{"href":"https:\/\/www.realcable.it\/es\/wp-json\/wp\/v2\/pages\/585","targetHints":{"allow":["GET"]}}],"collection":[{"href":"https:\/\/www.realcable.it\/es\/wp-json\/wp\/v2\/pages"}],"about":[{"href":"https:\/\/www.realcable.it\/es\/wp-json\/wp\/v2\/types\/page"}],"author":[{"embeddable":true,"href":"https:\/\/www.realcable.it\/es\/wp-json\/wp\/v2\/users\/1"}],"replies":[{"embeddable":true,"href":"https:\/\/www.realcable.it\/es\/wp-json\/wp\/v2\/comments?post=585"}],"version-history":[{"count":2,"href":"https:\/\/www.realcable.it\/es\/wp-json\/wp\/v2\/pages\/585\/revisions"}],"predecessor-version":[{"id":981,"href":"https:\/\/www.realcable.it\/es\/wp-json\/wp\/v2\/pages\/585\/revisions\/981"}],"wp:attachment":[{"href":"https:\/\/www.realcable.it\/es\/wp-json\/wp\/v2\/media?parent=585"}],"curies":[{"name":"wp","href":"https:\/\/api.w.org\/{rel}","templated":true}]}}