{"id":570,"date":"2026-01-15T15:01:19","date_gmt":"2026-01-15T14:01:19","guid":{"rendered":"https:\/\/realcable.piano-d.dev\/azienda\/"},"modified":"2026-04-17T12:20:33","modified_gmt":"2026-04-17T10:20:33","slug":"empresa","status":"publish","type":"page","link":"https:\/\/www.realcable.it\/es\/empresa\/","title":{"rendered":"Empresa"},"content":{"rendered":"<div class=\"fascia-header-pagine\" style=\"background: url(https:\/\/www.realcable.it\/wp-content\/uploads\/2026\/01\/bg-azienda.jpg)\">\n    <div class=\"fascia-header-pagine__inner container\">\n\n            <h1 class=\"title\">Empresa<\/h1>\n\n            <p id=\"breadcrumbs\"><span><span><a href=\"https:\/\/www.realcable.it\/\">Home<\/a><\/span><\/span><\/p>\n    <\/div>\n<\/div>\n\n\n<div class=\"fascia-img-cta bg-bianco \">\n    <div class=\"fascia-img-cta__inner container\">\n\n        <div class=\"grid-cols pos-right \">\n            <img loading=\"lazy\" decoding=\"async\" src=\"https:\/\/www.realcable.it\/wp-content\/uploads\/2026\/03\/QUA_automazione-industriale.jpg\" alt=\"QUA_automazione industriale\" width=\"600\" height=\"400\">\n\n            <div class=\"container-text\">\n\n                <span class=\"title-small\">Realcable<\/span>\n                <h3 class=\"title\">Qu\u00e9 hacemos<\/h3>\n\n                <div class=\"text\"><p>Realcable es una empresa italiana con sede en Pordenone, especializada en la fabricaci\u00f3n de cableados el\u00e9ctricos industriales, cuadros el\u00e9ctricos y ensamblajes electromec\u00e1nicos a medida. Fundada en 1991, opera a nivel nacional e internacional ofreciendo soluciones fiables y personalizadas para m\u00faltiples sectores industriales.<\/p>\n<\/div>\n\n                                    <a href=\"\/es\/contacto\/\" class=\"btn btn-b\">\n                        Contacto                    <\/a>\n                            <\/div>\n\n        <\/div>\n\n    <\/div>\n<\/div>\n\n\n<div class=\"fascia-img-cta bg-grigio \">\n    <div class=\"fascia-img-cta__inner container\">\n\n        <div class=\"grid-cols pos-left \">\n            <img loading=\"lazy\" decoding=\"async\" src=\"https:\/\/www.realcable.it\/wp-content\/uploads\/2026\/03\/macchina-automatic_taglia_spela-_aggraffa_montaggio-automatico-componenti.jpg\" alt=\"macchina automatic_taglia_spela _aggraffa_montaggio automatico componenti\" width=\"600\" height=\"400\">\n\n            <div class=\"container-text\">\n\n                <span class=\"title-small\">Innovaci\u00f3n<\/span>\n                <h3 class=\"title\">\u00c1rea de producci\u00f3n<\/h3>\n\n                <div class=\"text\"><p>Gracias a una superficie de producci\u00f3n de m\u00e1s de 6.000 m\u00b2 y a un equipo altamente cualificado, Realcable garantiza unos elevados est\u00e1ndares de calidad, controles minuciosos y el cumplimiento de las principales normativas internacionales. La empresa invierte constantemente en innovaci\u00f3n tecnol\u00f3gica para asegurar una r\u00e1pida capacidad de respuesta, competitividad y un servicio t\u00e9cnico completo, desde el dise\u00f1o hasta la entrega final.<\/p>\n<\/div>\n\n                                    <a href=\"\/es\/sectores\/\" class=\"btn btn-b\">\n                        Los Sectores                    <\/a>\n                            <\/div>\n\n        <\/div>\n\n    <\/div>\n<\/div>\n\n<div class=\"fascia-lavorazioni\">\n    <div class=\"fascia-lavorazioni__inner container\">\n\n        <h3 class=\"title\">Nuestros procesos<\/h3>\n\n        <div class=\"cards-container\">\n            \n                <div class=\"single-card\">\n                    <img loading=\"lazy\" decoding=\"async\" src=\"https:\/\/www.realcable.it\/wp-content\/uploads\/2026\/01\/cut-stripe.jpg\" alt=\"\" width=\"600\" height=\"400\">\n\n                    <div class=\"content-card\">\n                        <span class=\"title-card\">Cut &#038; Stripe<\/span>\n                        <div class=\"text\"><p>desenfundado y pelado del cable<\/p>\n<\/div>\n                    <\/div>\n                <\/div>\n\n            \n                <div class=\"single-card\">\n                    <img loading=\"lazy\" decoding=\"async\" src=\"https:\/\/www.realcable.it\/wp-content\/uploads\/2026\/01\/stagnatura.jpg\" alt=\"\" width=\"600\" height=\"400\">\n\n                    <div class=\"content-card\">\n                        <span class=\"title-card\">Esta\u00f1ado <\/span>\n                        <div class=\"text\"><p>Esta\u00f1ado\/soldadura de componentes y conectores<\/p>\n<\/div>\n                    <\/div>\n                <\/div>\n\n            \n                <div class=\"single-card\">\n                    <img loading=\"lazy\" decoding=\"async\" src=\"https:\/\/www.realcable.it\/wp-content\/uploads\/2026\/01\/collaudo.jpg\" alt=\"\" width=\"600\" height=\"400\">\n\n                    <div class=\"content-card\">\n                        <span class=\"title-card\">Prueba <\/span>\n                        <div class=\"text\"><p>Disponemos de una amplia gama de equipos de prueba y de un moderno laboratorio microgr\u00e1fico<\/p>\n<\/div>\n                    <\/div>\n                <\/div>\n\n            \n                <div class=\"single-card\">\n                    <img loading=\"lazy\" decoding=\"async\" src=\"https:\/\/www.realcable.it\/wp-content\/uploads\/2026\/01\/crimp.jpg\" alt=\"\" width=\"600\" height=\"400\">\n\n                    <div class=\"content-card\">\n                        <span class=\"title-card\">Crimpado <\/span>\n                        <div class=\"text\"><p>Contactos de crimpado<\/p>\n<\/div>\n                    <\/div>\n                <\/div>\n\n            \n                <div class=\"single-card\">\n                    <img loading=\"lazy\" decoding=\"async\" src=\"https:\/\/www.realcable.it\/wp-content\/uploads\/2026\/01\/mark.jpg\" alt=\"\" width=\"600\" height=\"400\">\n\n                    <div class=\"content-card\">\n                        <span class=\"title-card\">Marcado <\/span>\n                        <div class=\"text\"><p>Impresi\u00f3n y marcado de cables, libre elecci\u00f3n del etiquetado<\/p>\n<\/div>\n                    <\/div>\n                <\/div>\n\n            \n                <div class=\"single-card\">\n                    <img loading=\"lazy\" decoding=\"async\" src=\"https:\/\/www.realcable.it\/wp-content\/uploads\/2026\/01\/cablaggi.jpg\" alt=\"\" width=\"600\" height=\"400\">\n\n                    <div class=\"content-card\">\n                        <span class=\"title-card\">Cableados el\u00e9ctricos <\/span>\n                        <div class=\"text\"><p>Fabricaci\u00f3n con diferentes tipos de cable y componentes el\u00e9ctricos a elegir<\/p>\n<\/div>\n                    <\/div>\n                <\/div>\n\n            \n                <div class=\"single-card\">\n                    <img loading=\"lazy\" decoding=\"async\" src=\"https:\/\/www.realcable.it\/wp-content\/uploads\/2026\/01\/quadri-elettrici.jpg\" alt=\"\" width=\"600\" height=\"400\">\n\n                    <div class=\"content-card\">\n                        <span class=\"title-card\">Cuadros el\u00e9ctricos <\/span>\n                        <div class=\"text\"><p>Fabricaci\u00f3n de cuadros el\u00e9ctricos<\/p>\n<\/div>\n                    <\/div>\n                <\/div>\n\n            \n                <div class=\"single-card\">\n                    <img loading=\"lazy\" decoding=\"async\" src=\"https:\/\/www.realcable.it\/wp-content\/uploads\/2026\/03\/assemblaggio-elettromeccanico-per-elettrodomestici-hvac-automazione-con-condensatore-cilindrico-connettori-e-pressostato.jpg\" alt=\"assemblaggio elettromeccanico per elettrodomestici, hvac, automazione con condensatore cilindrico, connettori e pressostato\" width=\"600\" height=\"400\">\n\n                    <div class=\"content-card\">\n                        <span class=\"title-card\">Ensamblajes electromec\u00e1nicos <\/span>\n                        <div class=\"text\"><p>Ensamblajes electromec\u00e1nicos<\/p>\n<\/div>\n                    <\/div>\n                <\/div>\n\n                    <\/div>\n\n    <\/div>\n<\/div>\n\n<div class=\"timeline\">\n    <div class=\"timeline__inner container\">\n\n        <span class=\"title\">Milestone<\/span>\n\n        <div class=\"fast-scroll\">\n            <svg xmlns=\"http:\/\/www.w3.org\/2000\/svg\" width=\"16\" height=\"16\" viewBox=\"0 0 16 16\" fill=\"none\" class=\"arrow next\">\n                <path d=\"M0.487987 7.2091C0.0504616 7.64662 0.0504616 8.35716 0.487987 8.79469L6.0883 14.395C6.52582 14.8325 7.23636 14.8325 7.67389 14.395C8.11141 13.9575 8.11141 13.2469 7.67389 12.8094L3.98118 9.12021L14.7198 9.12021C15.3393 9.12021 15.8398 8.61968 15.8398 8.00014C15.8398 7.38061 15.3393 6.88008 14.7198 6.88008L3.98468 6.88008L7.67039 3.19088C8.10791 2.75335 8.10791 2.04281 7.67039 1.60529C7.23286 1.16776 6.52232 1.16776 6.0848 1.60529L0.484487 7.2056L0.487987 7.2091Z\" fill=\"black\"\/>\n            <\/svg>\n\n            <svg xmlns=\"http:\/\/www.w3.org\/2000\/svg\" width=\"16\" height=\"16\" viewBox=\"0 0 16 16\" fill=\"none\" class=\"arrow prev\">\n                <path d=\"M15.512 8.7909C15.9495 8.35338 15.9495 7.64284 15.512 7.20531L9.9117 1.605C9.47418 1.16747 8.76364 1.16747 8.32611 1.605C7.88859 2.04252 7.88859 2.75306 8.32611 3.19059L12.0188 6.87979H1.28022C0.660685 6.87979 0.160156 7.38032 0.160156 7.99986C0.160156 8.61939 0.660685 9.11992 1.28022 9.11992H12.0153L8.32961 12.8091C7.89209 13.2466 7.89209 13.9572 8.32961 14.3947C8.76714 14.8322 9.47768 14.8322 9.9152 14.3947L15.5155 8.7944L15.512 8.7909Z\" fill=\"black\"\/>\n            <\/svg>\n        <\/div>\n\n        <div class=\"timeline-container\">\n\n            <div class=\"timeline-wrapper\">\n                <div class=\"timeline-track\">\n                    <div class=\"timeline-line\">\n                        <div class=\"timeline-line-fill\"><\/div>\n                    <\/div>\n\n\n                                            <div class=\"timeline-item\" data-index=\"0\">\n                            <div class=\"timeline-dot\" style=\"--dot-color: #eea998; --dot-bg: #fae3dc\"><\/div>\n\n                            <div class=\"timeline-card\" style=\"--accent: #eea998;\">\n\n                                <div class=\"card-icon\" style=\"--icon-bg:#fae3dc; --icon-color: #eea998;\">\n                                    <img loading=\"lazy\" decoding=\"async\" src=\"https:\/\/www.realcable.it\/wp-content\/uploads\/2026\/03\/fondazione-1.svg\" alt=\"\" width=\"600\" height=\"400\">\n                                <\/div>\n\n                                <span class=\"card-title\">Fundaci\u00f3n<\/span>\n                                <div class=\"card-text\"><p>Realcable: fabricaci\u00f3n de cableados el\u00e9ctricos industriales (especialmente para sistemas de refrigeraci\u00f3n y calefacci\u00f3n)<\/p>\n<\/div>\n                            <\/div>\n\n                            <span class=\"card-year\" style=\"--accent: #eea998\">1991<\/span>\n                        <\/div>\n                                            <div class=\"timeline-item\" data-index=\"1\">\n                            <div class=\"timeline-dot\" style=\"--dot-color: #eea998; --dot-bg: #fae3dc\"><\/div>\n\n                            <div class=\"timeline-card\" style=\"--accent: #eea998;\">\n\n                                <div class=\"card-icon\" style=\"--icon-bg:#fae3dc; --icon-color: #eea998;\">\n                                    <img loading=\"lazy\" decoding=\"async\" src=\"https:\/\/www.realcable.it\/wp-content\/uploads\/2026\/03\/certification-1.svg\" alt=\"\" width=\"600\" height=\"400\">\n                                <\/div>\n\n                                <span class=\"card-title\">Certificaci\u00f3n <\/span>\n                                <div class=\"card-text\"><p>ISO 9002 (DNV)<\/p>\n<\/div>\n                            <\/div>\n\n                            <span class=\"card-year\" style=\"--accent: #eea998\">1997<\/span>\n                        <\/div>\n                                            <div class=\"timeline-item\" data-index=\"2\">\n                            <div class=\"timeline-dot\" style=\"--dot-color: #e68e79; --dot-bg: #f8d5cc\"><\/div>\n\n                            <div class=\"timeline-card\" style=\"--accent: #e68e79;\">\n\n                                <div class=\"card-icon\" style=\"--icon-bg:#f8d5cc; --icon-color: #e68e79;\">\n                                    <img loading=\"lazy\" decoding=\"async\" src=\"https:\/\/www.realcable.it\/wp-content\/uploads\/2026\/03\/certification-2.svg\" alt=\"\" width=\"600\" height=\"400\">\n                                <\/div>\n\n                                <span class=\"card-title\">Certificaci\u00f3n <\/span>\n                                <div class=\"card-text\"><p>UNI EN ISO 9001.2008 (DNV)<\/p>\n<\/div>\n                            <\/div>\n\n                            <span class=\"card-year\" style=\"--accent: #e68e79\">2003<\/span>\n                        <\/div>\n                                            <div class=\"timeline-item\" data-index=\"3\">\n                            <div class=\"timeline-dot\" style=\"--dot-color: #dc725b; --dot-bg: #f6c8bc\"><\/div>\n\n                            <div class=\"timeline-card\" style=\"--accent: #dc725b;\">\n\n                                <div class=\"card-icon\" style=\"--icon-bg:#f6c8bc; --icon-color: #dc725b;\">\n                                    <img loading=\"lazy\" decoding=\"async\" src=\"https:\/\/www.realcable.it\/wp-content\/uploads\/2026\/03\/certification-3.svg\" alt=\"\" width=\"600\" height=\"400\">\n                                <\/div>\n\n                                <span class=\"card-title\">Certificaci\u00f3n <\/span>\n                                <div class=\"card-text\"><p>IRIS\u00a0Introducci\u00f3n c\u00f3digo \u00e9tico Realcable<\/p>\n<\/div>\n                            <\/div>\n\n                            <span class=\"card-year\" style=\"--accent: #dc725b\">2014<\/span>\n                        <\/div>\n                                            <div class=\"timeline-item\" data-index=\"4\">\n                            <div class=\"timeline-dot\" style=\"--dot-color: #d35641; --dot-bg: #f4bcb0\"><\/div>\n\n                            <div class=\"timeline-card\" style=\"--accent: #d35641;\">\n\n                                <div class=\"card-icon\" style=\"--icon-bg:#f4bcb0; --icon-color: #d35641;\">\n                                    <img loading=\"lazy\" decoding=\"async\" src=\"https:\/\/www.realcable.it\/wp-content\/uploads\/2026\/03\/digitalizzazione-1.svg\" alt=\"\" width=\"600\" height=\"400\">\n                                <\/div>\n\n                                <span class=\"card-title\">Introducci\u00f3n<\/span>\n                                <div class=\"card-text\"><p>digitalizaci\u00f3n de la estaci\u00f3n de trabajo<\/p>\n<\/div>\n                            <\/div>\n\n                            <span class=\"card-year\" style=\"--accent: #d35641\">2018<\/span>\n                        <\/div>\n                                            <div class=\"timeline-item\" data-index=\"5\">\n                            <div class=\"timeline-dot\" style=\"--dot-color: #cb442f; --dot-bg: #f2b4a7\"><\/div>\n\n                            <div class=\"timeline-card\" style=\"--accent: #cb442f;\">\n\n                                <div class=\"card-icon\" style=\"--icon-bg:#f2b4a7; --icon-color: #cb442f;\">\n                                    <img loading=\"lazy\" decoding=\"async\" src=\"https:\/\/www.realcable.it\/wp-content\/uploads\/2026\/03\/kaizen-1.svg\" alt=\"\" width=\"600\" height=\"400\">\n                                <\/div>\n\n                                <span class=\"card-title\">Introducci\u00f3n<\/span>\n                                <div class=\"card-text\"><p>Inicio del proceso Kaizen<\/p>\n<\/div>\n                            <\/div>\n\n                            <span class=\"card-year\" style=\"--accent: #cb442f\">2021<\/span>\n                        <\/div>\n                                            <div class=\"timeline-item\" data-index=\"6\">\n                            <div class=\"timeline-dot\" style=\"--dot-color: #c93d31; --dot-bg: #f1b2a5\"><\/div>\n\n                            <div class=\"timeline-card\" style=\"--accent: #c93d31;\">\n\n                                <div class=\"card-icon\" style=\"--icon-bg:#f1b2a5; --icon-color: #c93d31;\">\n                                    <img loading=\"lazy\" decoding=\"async\" src=\"https:\/\/www.realcable.it\/wp-content\/uploads\/2026\/03\/digitalizzazione-1.svg\" alt=\"\" width=\"600\" height=\"400\">\n                                <\/div>\n\n                                <span class=\"card-title\">Sostenibilidad <\/span>\n                                <div class=\"card-text\"><p>Iluminaci\u00f3n inteligente y sistema fotovoltaico<\/p>\n<p>&nbsp;<\/p>\n<p>Puntuaci\u00f3n Silver de EcoVadis<\/p>\n<\/div>\n                            <\/div>\n\n                            <span class=\"card-year\" style=\"--accent: #c93d31\">2023<\/span>\n                        <\/div>\n                                            <div class=\"timeline-item\" data-index=\"7\">\n                            <div class=\"timeline-dot\" style=\"--dot-color: #c73e31; --dot-bg: #f0b8ad\"><\/div>\n\n                            <div class=\"timeline-card\" style=\"--accent: #c73e31;\">\n\n                                <div class=\"card-icon\" style=\"--icon-bg:#f0b8ad; --icon-color: #c73e31;\">\n                                    <img loading=\"lazy\" decoding=\"async\" src=\"https:\/\/www.realcable.it\/wp-content\/uploads\/2026\/03\/progress-1.svg\" alt=\"\" width=\"600\" height=\"400\">\n                                <\/div>\n\n                                <span class=\"card-title\">Progreso <\/span>\n                                <div class=\"card-text\"><p>Certificaci\u00f3n IPC<\/p>\n<p>&nbsp;<\/p>\n<p>Homologaci\u00f3n como proveedor para el sector de la defensa<\/p>\n<\/div>\n                            <\/div>\n\n                            <span class=\"card-year\" style=\"--accent: #c73e31\">2024<\/span>\n                        <\/div>\n                    \n                <\/div>\n            <\/div>\n\n            <!-- Mobile navigation dots -->\n            <div class=\"mobile-nav\">\n                <button class=\"mobile-nav-arrow mobile-nav-prev\" aria-label=\"Previous\">\n                    <svg xmlns=\"http:\/\/www.w3.org\/2000\/svg\" width=\"16\" height=\"16\" viewBox=\"0 0 16 16\" fill=\"none\">\n                        <path d=\"M0.487987 7.2091C0.0504616 7.64662 0.0504616 8.35716 0.487987 8.79469L6.0883 14.395C6.52582 14.8325 7.23636 14.8325 7.67389 14.395C8.11141 13.9575 8.11141 13.2469 7.67389 12.8094L3.98118 9.12021L14.7198 9.12021C15.3393 9.12021 15.8398 8.61968 15.8398 8.00014C15.8398 7.38061 15.3393 6.88008 14.7198 6.88008L3.98468 6.88008L7.67039 3.19088C8.10791 2.75335 8.10791 2.04281 7.67039 1.60529C7.23286 1.16776 6.52232 1.16776 6.0848 1.60529L0.484487 7.2056L0.487987 7.2091Z\" fill=\"black\"\/>\n                    <\/svg>\n                <\/button>\n                <div class=\"mobile-nav-dots\"><\/div>\n                <button class=\"mobile-nav-arrow mobile-nav-next\" aria-label=\"Next\">\n                    <svg xmlns=\"http:\/\/www.w3.org\/2000\/svg\" width=\"16\" height=\"16\" viewBox=\"0 0 16 16\" fill=\"none\">\n                        <path d=\"M15.512 8.7909C15.9495 8.35338 15.9495 7.64284 15.512 7.20531L9.9117 1.605C9.47418 1.16747 8.76364 1.16747 8.32611 1.605C7.88859 2.04252 7.88859 2.75306 8.32611 3.19059L12.0188 6.87979H1.28022C0.660685 6.87979 0.160156 7.38032 0.160156 7.99986C0.160156 8.61939 0.660685 9.11992 1.28022 9.11992H12.0153L8.32961 12.8091C7.89209 13.2466 7.89209 13.9572 8.32961 14.3947C8.76714 14.8322 9.47768 14.8322 9.9152 14.3947L15.5155 8.7944L15.512 8.7909Z\" fill=\"black\"\/>\n                    <\/svg>\n                <\/button>\n            <\/div>\n        <\/div>\n\n    <\/div>\n<\/div>","protected":false},"excerpt":{"rendered":"","protected":false},"author":1,"featured_media":0,"parent":0,"menu_order":0,"comment_status":"closed","ping_status":"closed","template":"","meta":{"_acf_changed":false,"footnotes":""},"class_list":["post-570","page","type-page","status-publish","hentry"],"acf":[],"yoast_head":"<!-- This site is optimized with the Yoast SEO plugin v27.4 - https:\/\/yoast.com\/product\/yoast-seo-wordpress\/ -->\n<title>Realcable: Fabricante de Cableado El\u00e9ctrico desde 1991<\/title>\n<meta name=\"description\" content=\"Desde 1991, Realcable fabrica cableado y arneses el\u00e9ctricos para diferentes sectores industriales. Experiencia, innovaci\u00f3n y procesos certificados.\" \/>\n<meta name=\"robots\" content=\"index, follow, max-snippet:-1, max-image-preview:large, max-video-preview:-1\" \/>\n<link rel=\"canonical\" href=\"https:\/\/www.realcable.it\/azienda\/\" \/>\n<meta property=\"og:locale\" content=\"es_ES\" \/>\n<meta property=\"og:type\" content=\"article\" \/>\n<meta property=\"og:title\" content=\"Realcable: Fabricante de Cableado El\u00e9ctrico desde 1991\" \/>\n<meta property=\"og:description\" content=\"Desde 1991, Realcable fabrica cableado y arneses el\u00e9ctricos para diferentes sectores industriales. Experiencia, innovaci\u00f3n y procesos certificados.\" \/>\n<meta property=\"og:url\" content=\"https:\/\/www.realcable.it\/azienda\/\" \/>\n<meta property=\"og:site_name\" content=\"Realcable\" \/>\n<meta property=\"article:modified_time\" content=\"2026-04-17T10:20:33+00:00\" \/>\n<meta name=\"twitter:card\" content=\"summary_large_image\" \/>\n<script type=\"application\/ld+json\" class=\"yoast-schema-graph\">{\"@context\":\"https:\\\/\\\/schema.org\",\"@graph\":[{\"@type\":\"WebPage\",\"@id\":\"https:\\\/\\\/www.realcable.it\\\/azienda\\\/\",\"url\":\"https:\\\/\\\/www.realcable.it\\\/azienda\\\/\",\"name\":\"Realcable: Fabricante de Cableado El\u00e9ctrico desde 1991\",\"isPartOf\":{\"@id\":\"https:\\\/\\\/www.realcable.it\\\/#website\"},\"datePublished\":\"2026-01-15T14:01:19+00:00\",\"dateModified\":\"2026-04-17T10:20:33+00:00\",\"description\":\"Desde 1991, Realcable fabrica cableado y arneses el\u00e9ctricos para diferentes sectores industriales. Experiencia, innovaci\u00f3n y procesos certificados.\",\"breadcrumb\":{\"@id\":\"https:\\\/\\\/www.realcable.it\\\/azienda\\\/#breadcrumb\"},\"inLanguage\":\"es\",\"potentialAction\":[{\"@type\":\"ReadAction\",\"target\":[\"https:\\\/\\\/www.realcable.it\\\/azienda\\\/\"]}]},{\"@type\":\"BreadcrumbList\",\"@id\":\"https:\\\/\\\/www.realcable.it\\\/azienda\\\/#breadcrumb\",\"itemListElement\":[{\"@type\":\"ListItem\",\"position\":1,\"name\":\"Home\",\"item\":\"https:\\\/\\\/www.realcable.it\\\/\"},{\"@type\":\"ListItem\",\"position\":2,\"name\":\"Empresa\"}]},{\"@type\":\"WebSite\",\"@id\":\"https:\\\/\\\/www.realcable.it\\\/#website\",\"url\":\"https:\\\/\\\/www.realcable.it\\\/\",\"name\":\"Realcable\",\"description\":\"\",\"potentialAction\":[{\"@type\":\"SearchAction\",\"target\":{\"@type\":\"EntryPoint\",\"urlTemplate\":\"https:\\\/\\\/www.realcable.it\\\/?s={search_term_string}\"},\"query-input\":{\"@type\":\"PropertyValueSpecification\",\"valueRequired\":true,\"valueName\":\"search_term_string\"}}],\"inLanguage\":\"es\"}]}<\/script>\n<!-- \/ Yoast SEO plugin. -->","yoast_head_json":{"title":"Realcable: Fabricante de Cableado El\u00e9ctrico desde 1991","description":"Desde 1991, Realcable fabrica cableado y arneses el\u00e9ctricos para diferentes sectores industriales. Experiencia, innovaci\u00f3n y procesos certificados.","robots":{"index":"index","follow":"follow","max-snippet":"max-snippet:-1","max-image-preview":"max-image-preview:large","max-video-preview":"max-video-preview:-1"},"canonical":"https:\/\/www.realcable.it\/azienda\/","og_locale":"es_ES","og_type":"article","og_title":"Realcable: Fabricante de Cableado El\u00e9ctrico desde 1991","og_description":"Desde 1991, Realcable fabrica cableado y arneses el\u00e9ctricos para diferentes sectores industriales. Experiencia, innovaci\u00f3n y procesos certificados.","og_url":"https:\/\/www.realcable.it\/azienda\/","og_site_name":"Realcable","article_modified_time":"2026-04-17T10:20:33+00:00","twitter_card":"summary_large_image","schema":{"@context":"https:\/\/schema.org","@graph":[{"@type":"WebPage","@id":"https:\/\/www.realcable.it\/azienda\/","url":"https:\/\/www.realcable.it\/azienda\/","name":"Realcable: Fabricante de Cableado El\u00e9ctrico desde 1991","isPartOf":{"@id":"https:\/\/www.realcable.it\/#website"},"datePublished":"2026-01-15T14:01:19+00:00","dateModified":"2026-04-17T10:20:33+00:00","description":"Desde 1991, Realcable fabrica cableado y arneses el\u00e9ctricos para diferentes sectores industriales. Experiencia, innovaci\u00f3n y procesos certificados.","breadcrumb":{"@id":"https:\/\/www.realcable.it\/azienda\/#breadcrumb"},"inLanguage":"es","potentialAction":[{"@type":"ReadAction","target":["https:\/\/www.realcable.it\/azienda\/"]}]},{"@type":"BreadcrumbList","@id":"https:\/\/www.realcable.it\/azienda\/#breadcrumb","itemListElement":[{"@type":"ListItem","position":1,"name":"Home","item":"https:\/\/www.realcable.it\/"},{"@type":"ListItem","position":2,"name":"Empresa"}]},{"@type":"WebSite","@id":"https:\/\/www.realcable.it\/#website","url":"https:\/\/www.realcable.it\/","name":"Realcable","description":"","potentialAction":[{"@type":"SearchAction","target":{"@type":"EntryPoint","urlTemplate":"https:\/\/www.realcable.it\/?s={search_term_string}"},"query-input":{"@type":"PropertyValueSpecification","valueRequired":true,"valueName":"search_term_string"}}],"inLanguage":"es"}]}},"_links":{"self":[{"href":"https:\/\/www.realcable.it\/es\/wp-json\/wp\/v2\/pages\/570","targetHints":{"allow":["GET"]}}],"collection":[{"href":"https:\/\/www.realcable.it\/es\/wp-json\/wp\/v2\/pages"}],"about":[{"href":"https:\/\/www.realcable.it\/es\/wp-json\/wp\/v2\/types\/page"}],"author":[{"embeddable":true,"href":"https:\/\/www.realcable.it\/es\/wp-json\/wp\/v2\/users\/1"}],"replies":[{"embeddable":true,"href":"https:\/\/www.realcable.it\/es\/wp-json\/wp\/v2\/comments?post=570"}],"version-history":[{"count":3,"href":"https:\/\/www.realcable.it\/es\/wp-json\/wp\/v2\/pages\/570\/revisions"}],"predecessor-version":[{"id":968,"href":"https:\/\/www.realcable.it\/es\/wp-json\/wp\/v2\/pages\/570\/revisions\/968"}],"wp:attachment":[{"href":"https:\/\/www.realcable.it\/es\/wp-json\/wp\/v2\/media?parent=570"}],"curies":[{"name":"wp","href":"https:\/\/api.w.org\/{rel}","templated":true}]}}