{"id":937,"date":"2026-03-26T15:27:21","date_gmt":"2026-03-26T14:27:21","guid":{"rendered":"https:\/\/realcable.piano-d.dev\/richiedi-preventivo\/"},"modified":"2026-03-31T11:36:32","modified_gmt":"2026-03-31T09:36:32","slug":"angebot-anfordern","status":"publish","type":"page","link":"https:\/\/www.realcable.it\/de\/angebot-anfordern\/","title":{"rendered":"Angebot anfordern"},"content":{"rendered":"<div class=\"fascia-header-pagine\" style=\"background: url(https:\/\/www.realcable.it\/wp-content\/uploads\/2026\/01\/bg-azienda.jpg)\">\n    <div class=\"fascia-header-pagine__inner container\">\n\n            <h1 class=\"title\">Angebot anfordern<\/h1>\n\n            <p id=\"breadcrumbs\"><span><span><a href=\"https:\/\/www.realcable.it\/\">Home<\/a><\/span><\/span><\/p>\n    <\/div>\n<\/div>\n\n<div class=\"fascia-testo-form\">\n    <div class=\"fascia-testo-form__inner container\">\n\n                    <div class=\"text\"><p>F\u00fcllen Sie das untenstehende Formular aus, um ein Angebot anzufordern.<br \/>\nHinweis: Alle mit einem Sternchen gekennzeichneten Felder sind Pflichtfelder.<\/p>\n<\/div>\n        \n                    <div class=\"form-container\">\n                <div class=\"frm_forms  with_frm_style frm_style_stile-formidable\" id=\"frm_form_13_container\" >\n<form enctype=\"multipart\/form-data\" method=\"post\" class=\"frm-show-form  frm_js_validate  frm_pro_form \" id=\"form_richiesta-preventivo-de\" >\n<div class=\"frm_form_fields \">\n<fieldset>\n<legend class=\"frm_screen_reader\">Richiesta preventivo DE<\/legend>\r\n\r\n<div class=\"frm_fields_container\">\n<input type=\"hidden\" name=\"frm_action\" value=\"create\" \/>\n<input type=\"hidden\" name=\"form_id\" value=\"13\" \/>\n<input type=\"hidden\" name=\"frm_hide_fields_13\" id=\"frm_hide_fields_13\" value=\"\" \/>\n<input type=\"hidden\" name=\"form_key\" value=\"richiesta-preventivo-de\" \/>\n<input type=\"hidden\" name=\"item_meta[0]\" value=\"\" \/>\n<input type=\"hidden\" id=\"frm_submit_entry_13\" name=\"frm_submit_entry_13\" value=\"6b3b28a6aa\" \/><input type=\"hidden\" name=\"_wp_http_referer\" value=\"\/de\/wp-json\/wp\/v2\/pages\/937\" \/><div id=\"frm_field_109_container\" class=\"frm_form_field form-field  frm_required_field frm_top_container frm_first frm_half\">\r\n\t<label for=\"field_qh4icy42\" id=\"field_qh4icy42_label\" class=\"frm_primary_label\">Name\r\n\t\t<span class=\"frm_required\" aria-hidden=\"true\">*<\/span>\r\n\t<\/label>\r\n\t<input  type=\"text\" id=\"field_qh4icy42\" name=\"item_meta[109]\" value=\"\"  placeholder=\"Ihr Name\" data-reqmsg=\"Name non pu\u00f2 essere vuoto.\" aria-required=\"true\" data-invmsg=\"Name non \u00e8 valido\" aria-invalid=\"false\"   \/>\r\n\t\r\n\t\r\n<\/div>\n<div id=\"frm_field_110_container\" class=\"frm_form_field form-field  frm_top_container frm_half\">\r\n\t<label for=\"field_ocfup142\" id=\"field_ocfup142_label\" class=\"frm_primary_label\">Unternehmen\r\n\t\t<span class=\"frm_required\" aria-hidden=\"true\"><\/span>\r\n\t<\/label>\r\n\t<input  type=\"text\" id=\"field_ocfup142\" name=\"item_meta[110]\" value=\"\"  placeholder=\"Name des Unternehmens\" data-invmsg=\"Unternehmen non \u00e8 valido\" aria-invalid=\"false\"   \/>\r\n\t\r\n\t\r\n<\/div>\n<div id=\"frm_field_111_container\" class=\"frm_form_field form-field  frm_required_field frm_top_container frm6 frm_first\">\r\n\t<label for=\"field_29yf4d42\" id=\"field_29yf4d42_label\" class=\"frm_primary_label\">Email\r\n\t\t<span class=\"frm_required\" aria-hidden=\"true\">*<\/span>\r\n\t<\/label>\r\n\t<input type=\"email\" id=\"field_29yf4d42\" name=\"item_meta[111]\" value=\"\"  placeholder=\"email@unternehmen.com\" data-reqmsg=\"Email non pu\u00f2 essere vuoto.\" aria-required=\"true\" data-invmsg=\"Please enter a valid email address\" aria-invalid=\"false\"  \/>\r\n\t\r\n\t\r\n<\/div>\n<div id=\"frm_field_112_container\" class=\"frm_form_field form-field  frm_top_container frm6\">\r\n\t<label for=\"field_zo4vp42\" id=\"field_zo4vp42_label\" class=\"frm_primary_label\">Telefon\r\n\t\t<span class=\"frm_required\" aria-hidden=\"true\"><\/span>\r\n\t<\/label>\r\n\t<input type=\"tel\" id=\"field_zo4vp42\" name=\"item_meta[112]\" value=\"\"  data-invmsg=\"Telefon non \u00e8 valido\" aria-invalid=\"false\" pattern=\"((\\+\\d{1,3}(-|.| )?\\(?\\d\\)?(-| |.)?\\d{1,5})|(\\(?\\d{2,6}\\)?))(-|.| )?(\\d{3,4})(-|.| )?(\\d{4})(( x| ext)\\d{1,5}){0,1}$\"  \/>\r\n\t\r\n\t\r\n<\/div>\n<div id=\"frm_field_113_container\" class=\"frm_form_field form-field  frm_top_container frm_full\">\r\n\t<label for=\"field_e6lis632\" id=\"field_e6lis632_label\" class=\"frm_primary_label\">Sektor der Zugeh\u00f6rigkeit\r\n\t\t<span class=\"frm_required\" aria-hidden=\"true\"><\/span>\r\n\t<\/label>\r\n\t<input  type=\"text\" id=\"field_e6lis632\" name=\"item_meta[113]\" value=\"\"  data-invmsg=\"Sektor der Zugeh\u00f6rigkeit non \u00e8 valido\" aria-invalid=\"false\"   \/>\r\n\t\r\n\t\r\n<\/div>\n<div id=\"frm_field_114_container\" class=\"frm_form_field form-field  frm_required_field frm_top_container frm_full\">\r\n\t<label for=\"field_9jv0r142\" id=\"field_9jv0r142_label\" class=\"frm_primary_label\">Nachricht\r\n\t\t<span class=\"frm_required\" aria-hidden=\"true\">*<\/span>\r\n\t<\/label>\r\n\t<textarea name=\"item_meta[114]\" id=\"field_9jv0r142\" rows=\"5\"  data-reqmsg=\"Nachricht non pu\u00f2 essere vuoto.\" aria-required=\"true\" data-invmsg=\"Nachricht non \u00e8 valido\" aria-invalid=\"false\"  ><\/textarea>\r\n\t\r\n\t\r\n<\/div>\n<div id=\"frm_field_118_container\" class=\"frm_form_field form-field  frm_top_container\">\r\n\t<label for=\"field_yzcst\" id=\"field_yzcst_label\" class=\"frm_primary_label\">Laden Sie Ihre Anfrage oder Datei hoch.\r\n\t\t<span class=\"frm_required\" aria-hidden=\"true\"><\/span>\r\n\t<\/label>\r\n\t<input type=\"hidden\"  data-invmsg=\"Laden Sie Ihre Anfrage oder Datei hoch. non \u00e8 valido\" aria-invalid=\"false\"   name=\"item_meta[118]\"  value=\"\" data-frmfile=\"118\" \/>\n\n<div class=\"frm_dropzone frm_single_upload frm_clearfix\" id=\"file118_dropzone\" role=\"group\" >\n\t<div class=\"fallback\">\n\t\t<input type=\"file\" name=\"file118\" id=\"field_yzcst\"\n\t\t\t data-invmsg=\"Laden Sie Ihre Anfrage oder Datei hoch. non \u00e8 valido\" aria-invalid=\"false\"  \t\t\t\/>\n\t\t\t\t<div class=\"frm_clearfix \"><\/div>\n\t<\/div>\n\t<div class=\"dz-message needsclick\">\n\t\t\t\t<svg  viewBox=\"0 0 18 18\" class=\"frmsvg frm-svg-icon\">\n\t<path viewBox=\"0 0 18 18\" fill-rule=\"evenodd\" clip-rule=\"evenodd\" d=\"M8.2 4v8a.8.8 0 001.5 0V4l2.1 2.2A.7.7 0 1013 5L9.5 1.7a.7.7 0 00-1.1 0L5.1 5.2a.8.8 0 001 1l2.1-2zm7.6 4.3c.4 0 .7.3.7.7v6.8c0 .4-.3.7-.8.7H2.3a.8.8 0 01-.8-.8V9A.8.8 0 013 9v6h12V9c0-.4.3-.8.8-.8z\"><\/path>\n<\/svg>\t\t<span class=\"frm_upload_text\"><button type=\"button\" aria-label=\"Laden Sie Ihre Anfrage oder Datei hoch.. Ziehen Sie Ihre Datei hierher oder klicken Sie zum Hochladen.. Maximale Dateigr\u00f6\u00dfe: 67.11MB\">Ziehen Sie Ihre Datei hierher oder klicken Sie zum Hochladen.<\/button><\/span>\n\t\t<span class=\"frm_compact_text\"><button type=\"button\" aria-label=\"Laden Sie Ihre Anfrage oder Datei hoch.. Datei ausw\u00e4hlen. Maximale Dateigr\u00f6\u00dfe: 67.11MB\">Datei ausw\u00e4hlen<\/button><\/span>\n\t\t<div class=\"frm_small_text\">\n\t\t\t<p>Maximale Dateigr\u00f6\u00dfe: 67.11MB<\/p>\n\t\t<\/div>\n\t<\/div>\n<\/div>\n\t\r\n\t\r\n\t\r\n<\/div>\n<div id=\"frm_field_115_container\" class=\"frm_form_field form-field  frm_required_field frm_top_container vertical_radio\">\r\n\t<div  id=\"field_adr4f2_label\" class=\"frm_primary_label\">Datenschutzerkl\u00e4rung\r\n\t\t<span class=\"frm_required\" aria-hidden=\"true\">*<\/span>\r\n\t<\/div>\r\n\t<div class=\"frm_opt_container\" aria-labelledby=\"field_adr4f2_label\" role=\"group\">\t\t<div class=\"frm_checkbox\" id=\"frm_checkbox_115-0\">\t\t\t<label  for=\"field_adr4f2-0\">\n\t\t\t<input type=\"checkbox\" name=\"item_meta[115][]\" id=\"field_adr4f2-0\" value=\"Ich habe die &lt;a href=&quot;\/de\/privacy-policy\/&quot;&gt;Datenschutzerkl\u00e4rung&lt;\/a&gt; gelesen und akzeptiere sie\"  data-reqmsg=\"Datenschutzerkl\u00e4rung non pu\u00f2 essere vuoto.\" data-invmsg=\"Datenschutzerkl\u00e4rung non \u00e8 valido\"   aria-required=\"true\"  \/> Ich habe die <a href=\"\/de\/privacy-policy\/\">Datenschutzerkl\u00e4rung<\/a> gelesen und akzeptiere sie<\/label><\/div>\n<\/div>\r\n\t\r\n\t\r\n<\/div>\n<div id=\"frm_field_116_container\" class=\"frm_form_field form-field  frm_none_container\">\r\n\t<label for=\"g-recaptcha-response\" id=\"field_1f5mp2_label\" class=\"frm_primary_label\">Captcha\r\n\t\t<span class=\"frm_required\" aria-hidden=\"true\"><\/span>\r\n\t<\/label>\r\n\t\r\n\t\r\n\t\r\n<\/div>\n<div id=\"frm_field_117_container\" class=\"frm_form_field form-field \">\r\n\t<div class=\"frm_submit frm_flex\">\r\n<button class=\"frm_button_submit frm_final_submit\" type=\"submit\"   formnovalidate=\"formnovalidate\">Anfrage senden<\/button>\r\n\r\n\r\n\r\n<\/div>\r\n<\/div>\n\t<input type=\"hidden\" name=\"item_key\" value=\"\" \/>\n\t\t\t<div id=\"frm_field_142_container\">\n\t\t\t<label for=\"field_xq3li\" >\n\t\t\t\tFalls Du menschlich bist, lasse dieses Feld leer.\t\t\t<\/label>\n\t\t\t<input  id=\"field_xq3li\" type=\"text\" class=\"frm_form_field form-field frm_verify\" name=\"item_meta[142]\" value=\"\"  \/>\n\t\t<\/div>\n\t\t<input name=\"frm_state\" type=\"hidden\" value=\"4zDTn8cgpzaiCDXka4fItiAgw\/pxWcupakUF85jEDcniRIblNVPSZ2oz5nkAi8lE\" \/><\/div>\n<\/fieldset>\n<\/div>\n\n<\/form>\n<\/div>\n            <\/div>\n        \n    <\/div>\n<\/div>","protected":false},"excerpt":{"rendered":"","protected":false},"author":1,"featured_media":0,"parent":0,"menu_order":0,"comment_status":"closed","ping_status":"closed","template":"","meta":{"_acf_changed":false,"footnotes":""},"class_list":["post-937","page","type-page","status-publish","hentry"],"acf":[],"yoast_head":"<!-- This site is optimized with the Yoast SEO plugin v27.4 - https:\/\/yoast.com\/product\/yoast-seo-wordpress\/ -->\n<title>Angebot anfordern - Realcable<\/title>\n<meta name=\"robots\" content=\"index, follow, max-snippet:-1, max-image-preview:large, max-video-preview:-1\" \/>\n<link rel=\"canonical\" href=\"https:\/\/www.realcable.it\/richiedi-preventivo\/\" \/>\n<meta property=\"og:locale\" content=\"de_DE\" \/>\n<meta property=\"og:type\" content=\"article\" \/>\n<meta property=\"og:title\" content=\"Angebot anfordern - Realcable\" \/>\n<meta property=\"og:url\" content=\"https:\/\/www.realcable.it\/richiedi-preventivo\/\" \/>\n<meta property=\"og:site_name\" content=\"Realcable\" \/>\n<meta property=\"article:modified_time\" content=\"2026-03-31T09:36:32+00:00\" \/>\n<meta name=\"twitter:card\" content=\"summary_large_image\" \/>\n<script type=\"application\/ld+json\" class=\"yoast-schema-graph\">{\"@context\":\"https:\\\/\\\/schema.org\",\"@graph\":[{\"@type\":\"WebPage\",\"@id\":\"https:\\\/\\\/www.realcable.it\\\/richiedi-preventivo\\\/\",\"url\":\"https:\\\/\\\/www.realcable.it\\\/richiedi-preventivo\\\/\",\"name\":\"Angebot anfordern - Realcable\",\"isPartOf\":{\"@id\":\"https:\\\/\\\/www.realcable.it\\\/#website\"},\"datePublished\":\"2026-03-26T14:27:21+00:00\",\"dateModified\":\"2026-03-31T09:36:32+00:00\",\"breadcrumb\":{\"@id\":\"https:\\\/\\\/www.realcable.it\\\/richiedi-preventivo\\\/#breadcrumb\"},\"inLanguage\":\"de\",\"potentialAction\":[{\"@type\":\"ReadAction\",\"target\":[\"https:\\\/\\\/www.realcable.it\\\/richiedi-preventivo\\\/\"]}]},{\"@type\":\"BreadcrumbList\",\"@id\":\"https:\\\/\\\/www.realcable.it\\\/richiedi-preventivo\\\/#breadcrumb\",\"itemListElement\":[{\"@type\":\"ListItem\",\"position\":1,\"name\":\"Home\",\"item\":\"https:\\\/\\\/www.realcable.it\\\/\"},{\"@type\":\"ListItem\",\"position\":2,\"name\":\"Angebot anfordern\"}]},{\"@type\":\"WebSite\",\"@id\":\"https:\\\/\\\/www.realcable.it\\\/#website\",\"url\":\"https:\\\/\\\/www.realcable.it\\\/\",\"name\":\"Realcable\",\"description\":\"\",\"potentialAction\":[{\"@type\":\"SearchAction\",\"target\":{\"@type\":\"EntryPoint\",\"urlTemplate\":\"https:\\\/\\\/www.realcable.it\\\/?s={search_term_string}\"},\"query-input\":{\"@type\":\"PropertyValueSpecification\",\"valueRequired\":true,\"valueName\":\"search_term_string\"}}],\"inLanguage\":\"de\"}]}<\/script>\n<!-- \/ Yoast SEO plugin. -->","yoast_head_json":{"title":"Angebot anfordern - Realcable","robots":{"index":"index","follow":"follow","max-snippet":"max-snippet:-1","max-image-preview":"max-image-preview:large","max-video-preview":"max-video-preview:-1"},"canonical":"https:\/\/www.realcable.it\/richiedi-preventivo\/","og_locale":"de_DE","og_type":"article","og_title":"Angebot anfordern - Realcable","og_url":"https:\/\/www.realcable.it\/richiedi-preventivo\/","og_site_name":"Realcable","article_modified_time":"2026-03-31T09:36:32+00:00","twitter_card":"summary_large_image","schema":{"@context":"https:\/\/schema.org","@graph":[{"@type":"WebPage","@id":"https:\/\/www.realcable.it\/richiedi-preventivo\/","url":"https:\/\/www.realcable.it\/richiedi-preventivo\/","name":"Angebot anfordern - Realcable","isPartOf":{"@id":"https:\/\/www.realcable.it\/#website"},"datePublished":"2026-03-26T14:27:21+00:00","dateModified":"2026-03-31T09:36:32+00:00","breadcrumb":{"@id":"https:\/\/www.realcable.it\/richiedi-preventivo\/#breadcrumb"},"inLanguage":"de","potentialAction":[{"@type":"ReadAction","target":["https:\/\/www.realcable.it\/richiedi-preventivo\/"]}]},{"@type":"BreadcrumbList","@id":"https:\/\/www.realcable.it\/richiedi-preventivo\/#breadcrumb","itemListElement":[{"@type":"ListItem","position":1,"name":"Home","item":"https:\/\/www.realcable.it\/"},{"@type":"ListItem","position":2,"name":"Angebot anfordern"}]},{"@type":"WebSite","@id":"https:\/\/www.realcable.it\/#website","url":"https:\/\/www.realcable.it\/","name":"Realcable","description":"","potentialAction":[{"@type":"SearchAction","target":{"@type":"EntryPoint","urlTemplate":"https:\/\/www.realcable.it\/?s={search_term_string}"},"query-input":{"@type":"PropertyValueSpecification","valueRequired":true,"valueName":"search_term_string"}}],"inLanguage":"de"}]}},"_links":{"self":[{"href":"https:\/\/www.realcable.it\/de\/wp-json\/wp\/v2\/pages\/937","targetHints":{"allow":["GET"]}}],"collection":[{"href":"https:\/\/www.realcable.it\/de\/wp-json\/wp\/v2\/pages"}],"about":[{"href":"https:\/\/www.realcable.it\/de\/wp-json\/wp\/v2\/types\/page"}],"author":[{"embeddable":true,"href":"https:\/\/www.realcable.it\/de\/wp-json\/wp\/v2\/users\/1"}],"replies":[{"embeddable":true,"href":"https:\/\/www.realcable.it\/de\/wp-json\/wp\/v2\/comments?post=937"}],"version-history":[{"count":2,"href":"https:\/\/www.realcable.it\/de\/wp-json\/wp\/v2\/pages\/937\/revisions"}],"predecessor-version":[{"id":950,"href":"https:\/\/www.realcable.it\/de\/wp-json\/wp\/v2\/pages\/937\/revisions\/950"}],"wp:attachment":[{"href":"https:\/\/www.realcable.it\/de\/wp-json\/wp\/v2\/media?parent=937"}],"curies":[{"name":"wp","href":"https:\/\/api.w.org\/{rel}","templated":true}]}}