{"id":730,"date":"2026-03-03T11:48:36","date_gmt":"2026-03-03T10:48:36","guid":{"rendered":"https:\/\/realcable.piano-d.dev\/faq\/"},"modified":"2026-03-18T11:39:40","modified_gmt":"2026-03-18T10:39:40","slug":"faq","status":"publish","type":"page","link":"https:\/\/www.realcable.it\/de\/faq\/","title":{"rendered":"Faq"},"content":{"rendered":"<div class=\"fascia-header-pagine\" style=\"background: url(https:\/\/www.realcable.it\/wp-content\/uploads\/2026\/01\/bg-settori.jpg)\">\n    <div class=\"fascia-header-pagine__inner container\">\n\n            <h1 class=\"title\">Faq<\/h1>\n\n            <p id=\"breadcrumbs\"><span><span><a href=\"https:\/\/www.realcable.it\/\">Home<\/a><\/span><\/span><\/p>\n    <\/div>\n<\/div>\n\n<div class=\"fascia-faq\">\n    <div class=\"fascia-faq__inner container\">\n\n        <span class=\"title\">Faq<\/span>\n\n        <div class=\"container-faq\">\n                            <div class=\"faq\">\n                    <div class=\"header-faq\">\n                        <h4 class=\"titolo-faq\">Womit besch\u00e4ftigt sich Realcable?<\/h4>\n\n                        <svg xmlns=\"http:\/\/www.w3.org\/2000\/svg\" width=\"16\" height=\"16\" viewBox=\"0 0 16 16\" fill=\"none\">\n                            <path d=\"M4 6L8 10L12 6\" stroke=\"#1D2530\" stroke-width=\"1.33333\" stroke-linecap=\"round\" stroke-linejoin=\"round\"\/>\n                        <\/svg>\n                    <\/div>\n\n                    <div class=\"bottom-faq\">\n                        <div class=\"testo-faq\">\n                            <p>Realcable entwickelt und produziert industrielle Kabelkonfektionen, Schaltschr\u00e4nke und elektromechanische Baugruppen f\u00fcr verschiedene Industriebereiche.<\/p>\n                        <\/div>\n                    <\/div>\n\n                <\/div>\n                            <div class=\"faq\">\n                    <div class=\"header-faq\">\n                        <h4 class=\"titolo-faq\">Bietet Realcable auch kundenspezifische L\u00f6sungen an?<\/h4>\n\n                        <svg xmlns=\"http:\/\/www.w3.org\/2000\/svg\" width=\"16\" height=\"16\" viewBox=\"0 0 16 16\" fill=\"none\">\n                            <path d=\"M4 6L8 10L12 6\" stroke=\"#1D2530\" stroke-width=\"1.33333\" stroke-linecap=\"round\" stroke-linejoin=\"round\"\/>\n                        <\/svg>\n                    <\/div>\n\n                    <div class=\"bottom-faq\">\n                        <div class=\"testo-faq\">\n                            <p>Ja. Realcable realisiert ma\u00dfgeschneiderte L\u00f6sungen nach Kundenspezifikation, von der Prototypenentwicklung bis zur Serienfertigung.<\/p>\n                        <\/div>\n                    <\/div>\n\n                <\/div>\n                            <div class=\"faq\">\n                    <div class=\"header-faq\">\n                        <h4 class=\"titolo-faq\">In welchen Branchen ist Realcable t\u00e4tig?<\/h4>\n\n                        <svg xmlns=\"http:\/\/www.w3.org\/2000\/svg\" width=\"16\" height=\"16\" viewBox=\"0 0 16 16\" fill=\"none\">\n                            <path d=\"M4 6L8 10L12 6\" stroke=\"#1D2530\" stroke-width=\"1.33333\" stroke-linecap=\"round\" stroke-linejoin=\"round\"\/>\n                        <\/svg>\n                    <\/div>\n\n                    <div class=\"bottom-faq\">\n                        <div class=\"testo-faq\">\n                            <p>Realcable ist in mehreren Industriebereichen aktiv, darunter Industrieautomation, Maschinenbau, Bahnindustrie, Energie, HVAC, Elektronik und Anlagentechnik.<\/p>\n                        <\/div>\n                    <\/div>\n\n                <\/div>\n                            <div class=\"faq\">\n                    <div class=\"header-faq\">\n                        <h4 class=\"titolo-faq\">Wo befindet sich der Produktionsstandort?<\/h4>\n\n                        <svg xmlns=\"http:\/\/www.w3.org\/2000\/svg\" width=\"16\" height=\"16\" viewBox=\"0 0 16 16\" fill=\"none\">\n                            <path d=\"M4 6L8 10L12 6\" stroke=\"#1D2530\" stroke-width=\"1.33333\" stroke-linecap=\"round\" stroke-linejoin=\"round\"\/>\n                        <\/svg>\n                    <\/div>\n\n                    <div class=\"bottom-faq\">\n                        <div class=\"testo-faq\">\n                            <p>Der Produktionsstandort von Realcable befindet sich in Pordenone (Italien) und umfasst eine Produktions- und Pr\u00fcffl\u00e4che von \u00fcber 6.000 m\u00b2.<\/p>\n                        <\/div>\n                    <\/div>\n\n                <\/div>\n                            <div class=\"faq\">\n                    <div class=\"header-faq\">\n                        <h4 class=\"titolo-faq\">Arbeitet Realcable auch mit internationalen Kunden?<\/h4>\n\n                        <svg xmlns=\"http:\/\/www.w3.org\/2000\/svg\" width=\"16\" height=\"16\" viewBox=\"0 0 16 16\" fill=\"none\">\n                            <path d=\"M4 6L8 10L12 6\" stroke=\"#1D2530\" stroke-width=\"1.33333\" stroke-linecap=\"round\" stroke-linejoin=\"round\"\/>\n                        <\/svg>\n                    <\/div>\n\n                    <div class=\"bottom-faq\">\n                        <div class=\"testo-faq\">\n                            <p>Ja. Realcable arbeitet mit Kunden in Italien und international zusammen und liefert L\u00f6sungen gem\u00e4\u00df den ma\u00dfgeblichen internationalen Normen.<\/p>\n                        <\/div>\n                    <\/div>\n\n                <\/div>\n                            <div class=\"faq\">\n                    <div class=\"header-faq\">\n                        <h4 class=\"titolo-faq\">Wie kann ich ein Angebot anfordern?<\/h4>\n\n                        <svg xmlns=\"http:\/\/www.w3.org\/2000\/svg\" width=\"16\" height=\"16\" viewBox=\"0 0 16 16\" fill=\"none\">\n                            <path d=\"M4 6L8 10L12 6\" stroke=\"#1D2530\" stroke-width=\"1.33333\" stroke-linecap=\"round\" stroke-linejoin=\"round\"\/>\n                        <\/svg>\n                    <\/div>\n\n                    <div class=\"bottom-faq\">\n                        <div class=\"testo-faq\">\n                            <p>Ein individuelles Angebot k\u00f6nnen Sie \u00fcber das Kontaktformular auf der Website anfordern oder direkt Kontakt mit unserem Team aufnehmen.<\/p>\n                        <\/div>\n                    <\/div>\n\n                <\/div>\n                    <\/div>\n    <\/div>\n<\/div>","protected":false},"excerpt":{"rendered":"","protected":false},"author":1,"featured_media":0,"parent":0,"menu_order":0,"comment_status":"closed","ping_status":"closed","template":"","meta":{"_acf_changed":false,"footnotes":""},"class_list":["post-730","page","type-page","status-publish","hentry"],"acf":[],"yoast_head":"<!-- This site is optimized with the Yoast SEO plugin v27.4 - https:\/\/yoast.com\/product\/yoast-seo-wordpress\/ -->\n<title>Faq - Realcable<\/title>\n<meta name=\"robots\" content=\"index, follow, max-snippet:-1, max-image-preview:large, max-video-preview:-1\" \/>\n<link rel=\"canonical\" href=\"https:\/\/www.realcable.it\/faq\/\" \/>\n<meta property=\"og:locale\" content=\"de_DE\" \/>\n<meta property=\"og:type\" content=\"article\" \/>\n<meta property=\"og:title\" content=\"Faq - Realcable\" \/>\n<meta property=\"og:url\" content=\"https:\/\/www.realcable.it\/faq\/\" \/>\n<meta property=\"og:site_name\" content=\"Realcable\" \/>\n<meta property=\"article:modified_time\" content=\"2026-03-18T10:39:40+00:00\" \/>\n<meta name=\"twitter:card\" content=\"summary_large_image\" \/>\n<script type=\"application\/ld+json\" class=\"yoast-schema-graph\">{\"@context\":\"https:\\\/\\\/schema.org\",\"@graph\":[{\"@type\":\"WebPage\",\"@id\":\"https:\\\/\\\/www.realcable.it\\\/faq\\\/\",\"url\":\"https:\\\/\\\/www.realcable.it\\\/faq\\\/\",\"name\":\"Faq - Realcable\",\"isPartOf\":{\"@id\":\"https:\\\/\\\/www.realcable.it\\\/#website\"},\"datePublished\":\"2026-03-03T10:48:36+00:00\",\"dateModified\":\"2026-03-18T10:39:40+00:00\",\"breadcrumb\":{\"@id\":\"https:\\\/\\\/www.realcable.it\\\/faq\\\/#breadcrumb\"},\"inLanguage\":\"de\",\"potentialAction\":[{\"@type\":\"ReadAction\",\"target\":[\"https:\\\/\\\/www.realcable.it\\\/faq\\\/\"]}]},{\"@type\":\"BreadcrumbList\",\"@id\":\"https:\\\/\\\/www.realcable.it\\\/faq\\\/#breadcrumb\",\"itemListElement\":[{\"@type\":\"ListItem\",\"position\":1,\"name\":\"Home\",\"item\":\"https:\\\/\\\/www.realcable.it\\\/\"},{\"@type\":\"ListItem\",\"position\":2,\"name\":\"Faq\"}]},{\"@type\":\"WebSite\",\"@id\":\"https:\\\/\\\/www.realcable.it\\\/#website\",\"url\":\"https:\\\/\\\/www.realcable.it\\\/\",\"name\":\"Realcable\",\"description\":\"\",\"potentialAction\":[{\"@type\":\"SearchAction\",\"target\":{\"@type\":\"EntryPoint\",\"urlTemplate\":\"https:\\\/\\\/www.realcable.it\\\/?s={search_term_string}\"},\"query-input\":{\"@type\":\"PropertyValueSpecification\",\"valueRequired\":true,\"valueName\":\"search_term_string\"}}],\"inLanguage\":\"de\"}]}<\/script>\n<!-- \/ Yoast SEO plugin. -->","yoast_head_json":{"title":"Faq - Realcable","robots":{"index":"index","follow":"follow","max-snippet":"max-snippet:-1","max-image-preview":"max-image-preview:large","max-video-preview":"max-video-preview:-1"},"canonical":"https:\/\/www.realcable.it\/faq\/","og_locale":"de_DE","og_type":"article","og_title":"Faq - Realcable","og_url":"https:\/\/www.realcable.it\/faq\/","og_site_name":"Realcable","article_modified_time":"2026-03-18T10:39:40+00:00","twitter_card":"summary_large_image","schema":{"@context":"https:\/\/schema.org","@graph":[{"@type":"WebPage","@id":"https:\/\/www.realcable.it\/faq\/","url":"https:\/\/www.realcable.it\/faq\/","name":"Faq - Realcable","isPartOf":{"@id":"https:\/\/www.realcable.it\/#website"},"datePublished":"2026-03-03T10:48:36+00:00","dateModified":"2026-03-18T10:39:40+00:00","breadcrumb":{"@id":"https:\/\/www.realcable.it\/faq\/#breadcrumb"},"inLanguage":"de","potentialAction":[{"@type":"ReadAction","target":["https:\/\/www.realcable.it\/faq\/"]}]},{"@type":"BreadcrumbList","@id":"https:\/\/www.realcable.it\/faq\/#breadcrumb","itemListElement":[{"@type":"ListItem","position":1,"name":"Home","item":"https:\/\/www.realcable.it\/"},{"@type":"ListItem","position":2,"name":"Faq"}]},{"@type":"WebSite","@id":"https:\/\/www.realcable.it\/#website","url":"https:\/\/www.realcable.it\/","name":"Realcable","description":"","potentialAction":[{"@type":"SearchAction","target":{"@type":"EntryPoint","urlTemplate":"https:\/\/www.realcable.it\/?s={search_term_string}"},"query-input":{"@type":"PropertyValueSpecification","valueRequired":true,"valueName":"search_term_string"}}],"inLanguage":"de"}]}},"_links":{"self":[{"href":"https:\/\/www.realcable.it\/de\/wp-json\/wp\/v2\/pages\/730","targetHints":{"allow":["GET"]}}],"collection":[{"href":"https:\/\/www.realcable.it\/de\/wp-json\/wp\/v2\/pages"}],"about":[{"href":"https:\/\/www.realcable.it\/de\/wp-json\/wp\/v2\/types\/page"}],"author":[{"embeddable":true,"href":"https:\/\/www.realcable.it\/de\/wp-json\/wp\/v2\/users\/1"}],"replies":[{"embeddable":true,"href":"https:\/\/www.realcable.it\/de\/wp-json\/wp\/v2\/comments?post=730"}],"version-history":[{"count":1,"href":"https:\/\/www.realcable.it\/de\/wp-json\/wp\/v2\/pages\/730\/revisions"}],"predecessor-version":[{"id":732,"href":"https:\/\/www.realcable.it\/de\/wp-json\/wp\/v2\/pages\/730\/revisions\/732"}],"wp:attachment":[{"href":"https:\/\/www.realcable.it\/de\/wp-json\/wp\/v2\/media?parent=730"}],"curies":[{"name":"wp","href":"https:\/\/api.w.org\/{rel}","templated":true}]}}