{"id":728,"date":"2026-03-10T15:45:25","date_gmt":"2026-03-10T14:45:25","guid":{"rendered":"https:\/\/realcable.piano-d.dev\/lavora-con-noi\/"},"modified":"2026-03-25T11:51:37","modified_gmt":"2026-03-25T10:51:37","slug":"karriere","status":"publish","type":"page","link":"https:\/\/www.realcable.it\/de\/karriere\/","title":{"rendered":"Karriere"},"content":{"rendered":"<div class=\"fascia-header-pagine\" style=\"background: url(https:\/\/www.realcable.it\/wp-content\/uploads\/2026\/01\/bg-azienda.jpg)\">\n    <div class=\"fascia-header-pagine__inner container\">\n\n            <h1 class=\"title\">Karriere<\/h1>\n\n            <p id=\"breadcrumbs\"><span><span><a href=\"https:\/\/www.realcable.it\/\">Home<\/a><\/span><\/span><\/p>\n    <\/div>\n<\/div>\n\n<div class=\"fascia-testo-form\">\n    <div class=\"fascia-testo-form__inner container\">\n\n                    <div class=\"text\"><p>F\u00fcllen Sie das Formular aus, um Ihre Bewerbung direkt an Realcable zu senden.<br \/>\nHinweis: Pflichtfelder sind mit * gekennzeichnet.<\/p>\n<\/div>\n        \n                    <div class=\"form-container\">\n                <div class=\"frm_forms  with_frm_style frm_style_stile-formidable\" id=\"frm_form_8_container\" >\n<form enctype=\"multipart\/form-data\" method=\"post\" class=\"frm-show-form  frm_js_validate  frm_pro_form \" id=\"form_lavora-con-noi-de\" >\n<div class=\"frm_form_fields \">\n<fieldset>\n<legend class=\"frm_screen_reader\">Lavora con noi DE<\/legend>\r\n\r\n<div class=\"frm_fields_container\">\n<input type=\"hidden\" name=\"frm_action\" value=\"create\" \/>\n<input type=\"hidden\" name=\"form_id\" value=\"8\" \/>\n<input type=\"hidden\" name=\"frm_hide_fields_8\" id=\"frm_hide_fields_8\" value=\"\" \/>\n<input type=\"hidden\" name=\"form_key\" value=\"lavora-con-noi-de\" \/>\n<input type=\"hidden\" name=\"item_meta[0]\" value=\"\" \/>\n<input type=\"hidden\" id=\"frm_submit_entry_8\" name=\"frm_submit_entry_8\" value=\"6b3b28a6aa\" \/><input type=\"hidden\" name=\"_wp_http_referer\" value=\"\/de\/wp-json\/wp\/v2\/pages\/728\" \/><div id=\"frm_field_58_container\" class=\"frm_form_field form-field  frm_required_field frm_top_container frm_first frm_half\">\r\n\t<label for=\"field_qh4icy7\" id=\"field_qh4icy7_label\" class=\"frm_primary_label\">Name\r\n\t\t<span class=\"frm_required\" aria-hidden=\"true\">*<\/span>\r\n\t<\/label>\r\n\t<input  type=\"text\" id=\"field_qh4icy7\" name=\"item_meta[58]\" value=\"\"  placeholder=\"Ihrem Namen\" data-reqmsg=\"Name non pu\u00f2 essere vuoto.\" aria-required=\"true\" data-invmsg=\"Name non \u00e8 valido\" aria-invalid=\"false\"   \/>\r\n\t\r\n\t\r\n<\/div>\n<div id=\"frm_field_59_container\" class=\"frm_form_field form-field  frm_required_field frm_top_container frm_half\">\r\n\t<label for=\"field_ocfup17\" id=\"field_ocfup17_label\" class=\"frm_primary_label\">Nachname\r\n\t\t<span class=\"frm_required\" aria-hidden=\"true\">*<\/span>\r\n\t<\/label>\r\n\t<input  type=\"text\" id=\"field_ocfup17\" name=\"item_meta[59]\" value=\"\"  placeholder=\"Ihren Nachname\" data-reqmsg=\"Nachname non pu\u00f2 essere vuoto.\" aria-required=\"true\" data-invmsg=\"Nachname non \u00e8 valido\" aria-invalid=\"false\"   \/>\r\n\t\r\n\t\r\n<\/div>\n<div id=\"frm_field_60_container\" class=\"frm_form_field form-field  frm_required_field frm_top_container frm6 frm_first\">\r\n\t<label for=\"field_29yf4d7\" id=\"field_29yf4d7_label\" class=\"frm_primary_label\">E-Mail\r\n\t\t<span class=\"frm_required\" aria-hidden=\"true\">*<\/span>\r\n\t<\/label>\r\n\t<input type=\"email\" id=\"field_29yf4d7\" name=\"item_meta[60]\" value=\"\"  placeholder=\"email@firma.com\" data-reqmsg=\"E-Mail non pu\u00f2 essere vuoto.\" aria-required=\"true\" data-invmsg=\"Please enter a valid email address\" aria-invalid=\"false\"  \/>\r\n\t\r\n\t\r\n<\/div>\n<div id=\"frm_field_61_container\" class=\"frm_form_field form-field  frm_top_container frm6\">\r\n\t<label for=\"field_zo4vp7\" id=\"field_zo4vp7_label\" class=\"frm_primary_label\">Telefon\r\n\t\t<span class=\"frm_required\" aria-hidden=\"true\"><\/span>\r\n\t<\/label>\r\n\t<input type=\"tel\" id=\"field_zo4vp7\" name=\"item_meta[61]\" value=\"\"  data-invmsg=\"Telefon non \u00e8 valido\" aria-invalid=\"false\" pattern=\"((\\+\\d{1,3}(-|.| )?\\(?\\d\\)?(-| |.)?\\d{1,5})|(\\(?\\d{2,6}\\)?))(-|.| )?(\\d{3,4})(-|.| )?(\\d{4})(( x| ext)\\d{1,5}){0,1}$\"  \/>\r\n\t\r\n\t\r\n<\/div>\n<div id=\"frm_field_62_container\" class=\"frm_form_field form-field  frm_required_field frm_top_container frm_full\">\r\n\t<label for=\"field_9jv0r17\" id=\"field_9jv0r17_label\" class=\"frm_primary_label\">Nachricht\r\n\t\t<span class=\"frm_required\" aria-hidden=\"true\">*<\/span>\r\n\t<\/label>\r\n\t<textarea name=\"item_meta[62]\" id=\"field_9jv0r17\" rows=\"5\"  placeholder=\"Ihrer Nachricht\" data-reqmsg=\"Nachricht non pu\u00f2 essere vuoto.\" aria-required=\"true\" data-invmsg=\"Nachricht non \u00e8 valido\" aria-invalid=\"false\"  ><\/textarea>\r\n\t\r\n\t\r\n<\/div>\n<div id=\"frm_field_63_container\" class=\"frm_form_field form-field  frm_required_field frm_top_container\">\r\n\t<label for=\"field_xfxvr3\" id=\"field_xfxvr3_label\" class=\"frm_primary_label\">Hochladen von Dateien\r\n\t\t<span class=\"frm_required\" aria-hidden=\"true\">*<\/span>\r\n\t<\/label>\r\n\t<input type=\"hidden\"  data-reqmsg=\"Hochladen von Dateien non pu\u00f2 essere vuoto.\" data-invmsg=\"Hochladen von Dateien non \u00e8 valido\" aria-invalid=\"false\"   name=\"item_meta[63]\"  data-reqmsg=\"Hochladen von Dateien non pu\u00f2 essere vuoto.\"  value=\"\" data-frmfile=\"63\" \/>\n\n<div class=\"frm_dropzone frm_single_upload frm_clearfix\" id=\"file63_dropzone\" role=\"group\" >\n\t<div class=\"fallback\">\n\t\t<input type=\"file\" name=\"file63\" id=\"field_xfxvr3\"\n\t\t\t data-reqmsg=\"Hochladen von Dateien non pu\u00f2 essere vuoto.\" data-invmsg=\"Hochladen von Dateien non \u00e8 valido\" aria-invalid=\"false\"  \t\t\t\/>\n\t\t\t\t<div class=\"frm_clearfix \"><\/div>\n\t<\/div>\n\t<div class=\"dz-message needsclick\">\n\t\t\t\t<svg  viewBox=\"0 0 18 18\" class=\"frmsvg frm-svg-icon\">\n\t<path viewBox=\"0 0 18 18\" fill-rule=\"evenodd\" clip-rule=\"evenodd\" d=\"M8.2 4v8a.8.8 0 001.5 0V4l2.1 2.2A.7.7 0 1013 5L9.5 1.7a.7.7 0 00-1.1 0L5.1 5.2a.8.8 0 001 1l2.1-2zm7.6 4.3c.4 0 .7.3.7.7v6.8c0 .4-.3.7-.8.7H2.3a.8.8 0 01-.8-.8V9A.8.8 0 013 9v6h12V9c0-.4.3-.8.8-.8z\"><\/path>\n<\/svg>\t\t<span class=\"frm_upload_text\"><button type=\"button\" aria-label=\"Hochladen von Dateien. Ziehen Sie Ihre Datei hier oder klicken Sie, um sie hochzuladen. Maximale Dateigr\u00f6\u00dfe: 67.11MB\">Ziehen Sie Ihre Datei hier oder klicken Sie, um sie hochzuladen<\/button><\/span>\n\t\t<span class=\"frm_compact_text\"><button type=\"button\" aria-label=\"Hochladen von Dateien. Datei ausw\u00e4hlen. Maximale Dateigr\u00f6\u00dfe: 67.11MB\">Datei ausw\u00e4hlen<\/button><\/span>\n\t\t<div class=\"frm_small_text\">\n\t\t\t<p>Maximale Dateigr\u00f6\u00dfe: 67.11MB<\/p>\n\t\t<\/div>\n\t<\/div>\n<\/div>\n\t\r\n\t\r\n\t\r\n<\/div>\n<div id=\"frm_field_64_container\" class=\"frm_form_field form-field  frm_required_field frm_top_container vertical_radio\">\r\n\t<div  id=\"field_8a2ob3_label\" class=\"frm_primary_label\">Datenschutzerkl\u00e4rung\r\n\t\t<span class=\"frm_required\" aria-hidden=\"true\">*<\/span>\r\n\t<\/div>\r\n\t<div class=\"frm_opt_container\" aria-labelledby=\"field_8a2ob3_label\" role=\"group\">\t\t<div class=\"frm_checkbox\" id=\"frm_checkbox_64-0\">\t\t\t<label  for=\"field_8a2ob3-0\">\n\t\t\t<input type=\"checkbox\" name=\"item_meta[64][]\" id=\"field_8a2ob3-0\" value=\"Ich habe die &lt;a href=&quot;\/de\/privacy-policy\/&quot;&gt;Datenschutzerkl\u00e4rung&lt;\/a&gt; gelesen und akzeptiere sie\"  data-reqmsg=\"Datenschutzerkl\u00e4rung non pu\u00f2 essere vuoto.\" data-invmsg=\"Datenschutzerkl\u00e4rung non \u00e8 valido\"   aria-required=\"true\"  \/> Ich habe die <a href=\"\/de\/privacy-policy\/\">Datenschutzerkl\u00e4rung<\/a> gelesen und akzeptiere sie<\/label><\/div>\n<\/div>\r\n\t\r\n\t\r\n<\/div>\n<div id=\"frm_field_76_container\" class=\"frm_form_field form-field  frm_none_container\">\r\n\t<label for=\"g-recaptcha-response\" id=\"field_r7sb4_label\" class=\"frm_primary_label\">Captcha\r\n\t\t<span class=\"frm_required\" aria-hidden=\"true\"><\/span>\r\n\t<\/label>\r\n\t\r\n\t\r\n\t\r\n<\/div>\n<div id=\"frm_field_65_container\" class=\"frm_form_field form-field \">\r\n\t<div class=\"frm_submit frm_flex\">\r\n<button class=\"frm_button_submit frm_final_submit\" type=\"submit\"   formnovalidate=\"formnovalidate\">Bewerbung einreichen<\/button>\r\n\r\n\r\n\r\n<\/div>\r\n<\/div>\n\t<input type=\"hidden\" name=\"item_key\" value=\"\" \/>\n\t\t\t<div id=\"frm_field_142_container\">\n\t\t\t<label for=\"field_t0o2b\" >\n\t\t\t\tFalls Du menschlich bist, lasse dieses Feld leer.\t\t\t<\/label>\n\t\t\t<input  id=\"field_t0o2b\" type=\"text\" class=\"frm_form_field form-field frm_verify\" name=\"item_meta[142]\" value=\"\"  \/>\n\t\t<\/div>\n\t\t<input name=\"frm_state\" type=\"hidden\" value=\"4zDTn8cgpzaiCDXka4fItgHbw0wHz4HtRpP6wZYVNijiRIblNVPSZ2oz5nkAi8lE\" \/><\/div>\n<\/fieldset>\n<\/div>\n\n<\/form>\n<\/div>\n            <\/div>\n        \n    <\/div>\n<\/div>","protected":false},"excerpt":{"rendered":"","protected":false},"author":1,"featured_media":0,"parent":0,"menu_order":0,"comment_status":"closed","ping_status":"closed","template":"","meta":{"_acf_changed":false,"footnotes":""},"class_list":["post-728","page","type-page","status-publish","hentry"],"acf":[],"yoast_head":"<!-- This site is optimized with the Yoast SEO plugin v27.4 - https:\/\/yoast.com\/product\/yoast-seo-wordpress\/ -->\n<title>Karriere - Realcable<\/title>\n<meta name=\"robots\" content=\"index, follow, max-snippet:-1, max-image-preview:large, max-video-preview:-1\" \/>\n<link rel=\"canonical\" href=\"https:\/\/www.realcable.it\/lavora-con-noi\/\" \/>\n<meta property=\"og:locale\" content=\"de_DE\" \/>\n<meta property=\"og:type\" content=\"article\" \/>\n<meta property=\"og:title\" content=\"Karriere - Realcable\" \/>\n<meta property=\"og:url\" content=\"https:\/\/www.realcable.it\/lavora-con-noi\/\" \/>\n<meta property=\"og:site_name\" content=\"Realcable\" \/>\n<meta property=\"article:modified_time\" content=\"2026-03-25T10:51:37+00:00\" \/>\n<meta name=\"twitter:card\" content=\"summary_large_image\" \/>\n<script type=\"application\/ld+json\" class=\"yoast-schema-graph\">{\"@context\":\"https:\\\/\\\/schema.org\",\"@graph\":[{\"@type\":\"WebPage\",\"@id\":\"https:\\\/\\\/www.realcable.it\\\/lavora-con-noi\\\/\",\"url\":\"https:\\\/\\\/www.realcable.it\\\/lavora-con-noi\\\/\",\"name\":\"Karriere - Realcable\",\"isPartOf\":{\"@id\":\"https:\\\/\\\/www.realcable.it\\\/#website\"},\"datePublished\":\"2026-03-10T14:45:25+00:00\",\"dateModified\":\"2026-03-25T10:51:37+00:00\",\"breadcrumb\":{\"@id\":\"https:\\\/\\\/www.realcable.it\\\/lavora-con-noi\\\/#breadcrumb\"},\"inLanguage\":\"de\",\"potentialAction\":[{\"@type\":\"ReadAction\",\"target\":[\"https:\\\/\\\/www.realcable.it\\\/lavora-con-noi\\\/\"]}]},{\"@type\":\"BreadcrumbList\",\"@id\":\"https:\\\/\\\/www.realcable.it\\\/lavora-con-noi\\\/#breadcrumb\",\"itemListElement\":[{\"@type\":\"ListItem\",\"position\":1,\"name\":\"Home\",\"item\":\"https:\\\/\\\/www.realcable.it\\\/\"},{\"@type\":\"ListItem\",\"position\":2,\"name\":\"Karriere\"}]},{\"@type\":\"WebSite\",\"@id\":\"https:\\\/\\\/www.realcable.it\\\/#website\",\"url\":\"https:\\\/\\\/www.realcable.it\\\/\",\"name\":\"Realcable\",\"description\":\"\",\"potentialAction\":[{\"@type\":\"SearchAction\",\"target\":{\"@type\":\"EntryPoint\",\"urlTemplate\":\"https:\\\/\\\/www.realcable.it\\\/?s={search_term_string}\"},\"query-input\":{\"@type\":\"PropertyValueSpecification\",\"valueRequired\":true,\"valueName\":\"search_term_string\"}}],\"inLanguage\":\"de\"}]}<\/script>\n<!-- \/ Yoast SEO plugin. -->","yoast_head_json":{"title":"Karriere - Realcable","robots":{"index":"index","follow":"follow","max-snippet":"max-snippet:-1","max-image-preview":"max-image-preview:large","max-video-preview":"max-video-preview:-1"},"canonical":"https:\/\/www.realcable.it\/lavora-con-noi\/","og_locale":"de_DE","og_type":"article","og_title":"Karriere - Realcable","og_url":"https:\/\/www.realcable.it\/lavora-con-noi\/","og_site_name":"Realcable","article_modified_time":"2026-03-25T10:51:37+00:00","twitter_card":"summary_large_image","schema":{"@context":"https:\/\/schema.org","@graph":[{"@type":"WebPage","@id":"https:\/\/www.realcable.it\/lavora-con-noi\/","url":"https:\/\/www.realcable.it\/lavora-con-noi\/","name":"Karriere - Realcable","isPartOf":{"@id":"https:\/\/www.realcable.it\/#website"},"datePublished":"2026-03-10T14:45:25+00:00","dateModified":"2026-03-25T10:51:37+00:00","breadcrumb":{"@id":"https:\/\/www.realcable.it\/lavora-con-noi\/#breadcrumb"},"inLanguage":"de","potentialAction":[{"@type":"ReadAction","target":["https:\/\/www.realcable.it\/lavora-con-noi\/"]}]},{"@type":"BreadcrumbList","@id":"https:\/\/www.realcable.it\/lavora-con-noi\/#breadcrumb","itemListElement":[{"@type":"ListItem","position":1,"name":"Home","item":"https:\/\/www.realcable.it\/"},{"@type":"ListItem","position":2,"name":"Karriere"}]},{"@type":"WebSite","@id":"https:\/\/www.realcable.it\/#website","url":"https:\/\/www.realcable.it\/","name":"Realcable","description":"","potentialAction":[{"@type":"SearchAction","target":{"@type":"EntryPoint","urlTemplate":"https:\/\/www.realcable.it\/?s={search_term_string}"},"query-input":{"@type":"PropertyValueSpecification","valueRequired":true,"valueName":"search_term_string"}}],"inLanguage":"de"}]}},"_links":{"self":[{"href":"https:\/\/www.realcable.it\/de\/wp-json\/wp\/v2\/pages\/728","targetHints":{"allow":["GET"]}}],"collection":[{"href":"https:\/\/www.realcable.it\/de\/wp-json\/wp\/v2\/pages"}],"about":[{"href":"https:\/\/www.realcable.it\/de\/wp-json\/wp\/v2\/types\/page"}],"author":[{"embeddable":true,"href":"https:\/\/www.realcable.it\/de\/wp-json\/wp\/v2\/users\/1"}],"replies":[{"embeddable":true,"href":"https:\/\/www.realcable.it\/de\/wp-json\/wp\/v2\/comments?post=728"}],"version-history":[{"count":3,"href":"https:\/\/www.realcable.it\/de\/wp-json\/wp\/v2\/pages\/728\/revisions"}],"predecessor-version":[{"id":921,"href":"https:\/\/www.realcable.it\/de\/wp-json\/wp\/v2\/pages\/728\/revisions\/921"}],"wp:attachment":[{"href":"https:\/\/www.realcable.it\/de\/wp-json\/wp\/v2\/media?parent=728"}],"curies":[{"name":"wp","href":"https:\/\/api.w.org\/{rel}","templated":true}]}}