{"id":712,"date":"2026-03-03T12:03:20","date_gmt":"2026-03-03T11:03:20","guid":{"rendered":"https:\/\/realcable.piano-d.dev\/soluzioni\/"},"modified":"2026-04-17T12:13:32","modified_gmt":"2026-04-17T10:13:32","slug":"losungen","status":"publish","type":"page","link":"https:\/\/www.realcable.it\/de\/losungen\/","title":{"rendered":"L\u00f6sungen"},"content":{"rendered":"<div class=\"fascia-header-pagine\" style=\"background: url(https:\/\/www.realcable.it\/wp-content\/uploads\/2026\/01\/bg-azienda.jpg)\">\n    <div class=\"fascia-header-pagine__inner container\">\n\n            <h1 class=\"title\">L\u00f6sungen<\/h1>\n\n            <p id=\"breadcrumbs\"><span><span><a href=\"https:\/\/www.realcable.it\/\">Home<\/a><\/span><\/span><\/p>\n    <\/div>\n<\/div>\n\n\n<div class=\"fascia-img-cta bg-bianco \">\n    <div class=\"fascia-img-cta__inner container\">\n\n        <div class=\"grid-cols pos-right \">\n            <img loading=\"lazy\" decoding=\"async\" src=\"https:\/\/www.realcable.it\/wp-content\/uploads\/2026\/03\/connettori-industriali-HARTING-multipolari-ad-innesto-macchine-speciali-automazioen-industriale.jpg\" alt=\"connettori industriali HARTING multipolari ad innesto , macchine speciali , automazioen industriale\" width=\"600\" height=\"400\">\n\n            <div class=\"container-text\">\n\n                <span class=\"title-small\"><\/span>\n                <h3 class=\"title\">YOU PLAN, WE CONNECT<\/h3>\n\n                <div class=\"text\"><p>Realcable ist darauf ausgerichtet, schnell und flexibel auf die individuellen Anforderungen seiner Kunden zu reagieren. Von der Angebotsphase bis zur Lieferung von Prototypen, Kleinserien oder Gro\u00dfserien werden unsere Kunden von einem internationalen Team eng begleitet. Dank der langj\u00e4hrigen Erfahrung unserer Ingenieure und unseres technischen B\u00fcros entwickeln wir ma\u00dfgeschneiderte L\u00f6sungen, die mit modernen Planungssystemen wie AutoCAD pr\u00e4zise ausgearbeitet werden.<\/p>\n<\/div>\n\n                            <\/div>\n\n        <\/div>\n\n    <\/div>\n<\/div>\n\n<div class=\"fascia-lavorazioni\">\n    <div class=\"fascia-lavorazioni__inner container\">\n\n        <h3 class=\"title\">Unser Produktionsprozess<\/h3>\n\n        <div class=\"cards-container\">\n            \n                <div class=\"single-card\">\n                    <img loading=\"lazy\" decoding=\"async\" src=\"https:\/\/www.realcable.it\/wp-content\/uploads\/2026\/03\/docs-rc.jpg\" alt=\"\" width=\"600\" height=\"400\">\n\n                    <div class=\"content-card\">\n                        <span class=\"title-card\">Dokumentation<\/span>\n                        <div class=\"text\"><p>\u00dcbermittlung der technischen Unterlagen und\/oder von Mustern vom Kunden.<\/p>\n<\/div>\n                    <\/div>\n                <\/div>\n\n            \n                <div class=\"single-card\">\n                    <img loading=\"lazy\" decoding=\"async\" src=\"https:\/\/www.realcable.it\/wp-content\/uploads\/2026\/03\/check-rc.jpg\" alt=\"check-rc\" width=\"600\" height=\"400\">\n\n                    <div class=\"content-card\">\n                        <span class=\"title-card\">Analyse<\/span>\n                        <div class=\"text\"><p>Individuelle Projektanalyse und technische Unterst\u00fctzung durch unsere internen Ingenieure.<\/p>\n<\/div>\n                    <\/div>\n                <\/div>\n\n            \n                <div class=\"single-card\">\n                    <img loading=\"lazy\" decoding=\"async\" src=\"https:\/\/www.realcable.it\/wp-content\/uploads\/2026\/03\/value-rc.jpg\" alt=\"value-rc\" width=\"600\" height=\"400\">\n\n                    <div class=\"content-card\">\n                        <span class=\"title-card\">Angebot<\/span>\n                        <div class=\"text\"><p>Schnelle und flexible Ausarbeitung unseres bestm\u00f6glichen Angebots<\/p>\n<\/div>\n                    <\/div>\n                <\/div>\n\n            \n                <div class=\"single-card\">\n                    <img loading=\"lazy\" decoding=\"async\" src=\"https:\/\/www.realcable.it\/wp-content\/uploads\/2026\/03\/target-rc.jpg\" alt=\"target-rc\" width=\"600\" height=\"400\">\n\n                    <div class=\"content-card\">\n                        <span class=\"title-card\">Partnerschaft<\/span>\n                        <div class=\"text\"><p>Langfristige und nachhaltige Zusammenarbeit mit unseren Kunden<\/p>\n<\/div>\n                    <\/div>\n                <\/div>\n\n                    <\/div>\n\n    <\/div>\n<\/div>\n\n\n<div class=\"fascia-img-cta bg-grigio \">\n    <div class=\"fascia-img-cta__inner container\">\n\n        <div class=\"grid-cols pos-left \">\n            <img loading=\"lazy\" decoding=\"async\" src=\"https:\/\/www.realcable.it\/wp-content\/uploads\/2026\/03\/cablaggio-di-alimetazione-assemblato-con-pressacavo-e-connettori-a-innesto.jpg\" alt=\"cablaggio di alimetazione assemblato con pressacavo e connettori a innesto\" width=\"600\" height=\"400\">\n\n            <div class=\"container-text\">\n\n                <span class=\"title-small\"><\/span>\n                <h3 class=\"title\">Ma\u00dfgeschneiderte Kabelkonfektionen<\/h3>\n\n                <div class=\"text\"><p>Dank eines modernen und umfangreichen Maschinenparks kann Realcable eine breite Palette an elektrischen Kabeln verarbeiten und flexible, kundenspezifische L\u00f6sungen realisieren.<\/p>\n<p>Wir sind spezialisiert auf die Verarbeitung von:<\/p>\n<ul>\n<li>einadrigen und mehradrigen Kabeln<\/li>\n<li>Flachbandkabeln<\/li>\n<li>Kabelquerschnitten von AWG 0,12 mm\u00b2 bis 70 mm\u00b2<\/li>\n<\/ul>\n<p>Um unsere Produktionskapazit\u00e4ten weiter zu st\u00e4rken, hat Realcable 2025 in eine neue TSA-Maschine mit Industrie-5.0-Technologie investiert.<\/p>\n<p>Diese Anlage erm\u00f6glicht eine intelligente und vernetzte Prozess\u00fcberwachung in Echtzeit, wodurch Effizienz, Qualit\u00e4t und R\u00fcckverfolgbarkeit deutlich verbessert werden. Das Ergebnis ist eine hochmoderne Produktion, die auch komplexe Anforderungen zuverl\u00e4ssig erf\u00fcllt.<\/p>\n<\/div>\n\n                            <\/div>\n\n        <\/div>\n\n    <\/div>\n<\/div>\n\n\n<div class=\"fascia-img-cta bg-bianco \">\n    <div class=\"fascia-img-cta__inner container\">\n\n        <div class=\"grid-cols pos-right \">\n            <img loading=\"lazy\" decoding=\"async\" src=\"https:\/\/www.realcable.it\/wp-content\/uploads\/2026\/03\/nterno-di-un-quadro-eletrico-componenti-vari-cablaggi-preassemblati-automazioen-industriale-o-railweay.jpg\" alt=\"nterno di un quadro eletrico , componenti vari, cablaggi preassemblati, automazioen industriale o railweay\" width=\"600\" height=\"400\">\n\n            <div class=\"container-text\">\n\n                <span class=\"title-small\"><\/span>\n                <h3 class=\"title\">Schaltschr\u00e4nke und elektromechanische Baugruppen<\/h3>\n\n                <div class=\"text\"><p>Realcable ist ein zuverl\u00e4ssiger Partner f\u00fcr die Fertigung von Schaltschr\u00e4nken, Steuerungen und Maschinenbordverkabelungen, die nach Kundenspezifikationen oder Mustern gefertigt werden.<\/p>\n<p>Wir bieten elektromechanische Baugruppen im Niederspannungsbereich sowie flexible L\u00f6sungen, darunter:<\/p>\n<ul>\n<li>Schl\u00fcsselfertige Projekte<\/li>\n<li>Lohnfertigung (Contract Manufacturing)<\/li>\n<\/ul>\n<p>Dank unserer technischen Expertise und einer effizienten Organisation liefern wir hochwertige, installationsfertige Produkte, die pr\u00e4zise den Anforderungen unserer Kunden entsprechen<\/p>\n<\/div>\n\n                            <\/div>\n\n        <\/div>\n\n    <\/div>\n<\/div>\n\n\n<div class=\"fascia-img-cta bg-grigio \">\n    <div class=\"fascia-img-cta__inner container\">\n\n        <div class=\"grid-cols pos-left \">\n            <img loading=\"lazy\" decoding=\"async\" src=\"https:\/\/www.realcable.it\/wp-content\/uploads\/2026\/03\/lavorazioni-scaled.jpg\" alt=\"lavorazioni\" width=\"600\" height=\"400\">\n\n            <div class=\"container-text\">\n\n                <span class=\"title-small\"><\/span>\n                <h3 class=\"title\">Fertigungsprozesse<\/h3>\n\n                <div class=\"text\"><p>Realcable setzt automatische und halbautomatische Prozesse f\u00fcr Schneiden, Abisolieren und Crimpen ein und garantiert dabei h\u00f6chste Pr\u00e4zision und Prozesssicherheit.<\/p>\n<p>Unser Leistungsangebot umfasst:<\/p>\n<ul>\n<li>Gro\u00dfe Auswahl an Crimpkontakten (lose oder auf Rolle)<\/li>\n<li>L\u00f6tarbeiten<\/li>\n<li>Individuelle Kabelkennzeichnung mittels Inkjet-Technologie f\u00fcr die eindeutige Identifikation jedes Bauteils<\/li>\n<\/ul>\n<\/div>\n\n                            <\/div>\n\n        <\/div>\n\n    <\/div>\n<\/div>\n\n\n<div class=\"fascia-img-cta bg-bianco \">\n    <div class=\"fascia-img-cta__inner container\">\n\n        <div class=\"grid-cols pos-right \">\n            <img loading=\"lazy\" decoding=\"async\" src=\"https:\/\/www.realcable.it\/wp-content\/uploads\/2026\/03\/tecnologie-cablaggio-avanzate.jpg\" alt=\"tecnologie-cablaggio-avanzate\" width=\"600\" height=\"400\">\n\n            <div class=\"container-text\">\n\n                <span class=\"title-small\"><\/span>\n                <h3 class=\"title\">Fortschrittliche Technologien: Standard- und IDC-Verbindungen<\/h3>\n\n                <div class=\"text\"><p>Realcable nutzt moderne Fertigungstechnologien, um Effizienz und Qualit\u00e4t in der Kabelkonfektion zu maximieren.<\/p>\n<p>Dank der automatischen Verarbeitung von Rast-2,5- und Rast-5-Steckverbindern auf Stromkabeln mit Querschnitten von 0,35 mm\u00b2 bis 1,5 mm\u00b2 k\u00f6nnen wir leistungsstarke und zuverl\u00e4ssige L\u00f6sungen anbieten.<\/p>\n<p>Die IDC-Technologie (Insulation-Displacement Connector) erm\u00f6glicht eine schnelle und pr\u00e4zise Verbindung, wodurch sich Produktions- und Lieferzeiten verk\u00fcrzen, ohne dass die Qualit\u00e4t des Endprodukts beeintr\u00e4chtigt wird.<\/p>\n<\/div>\n\n                            <\/div>\n\n        <\/div>\n\n    <\/div>\n<\/div>","protected":false},"excerpt":{"rendered":"","protected":false},"author":1,"featured_media":0,"parent":0,"menu_order":0,"comment_status":"closed","ping_status":"closed","template":"","meta":{"_acf_changed":false,"footnotes":""},"class_list":["post-712","page","type-page","status-publish","hentry"],"acf":[],"yoast_head":"<!-- This site is optimized with the Yoast SEO plugin v27.4 - https:\/\/yoast.com\/product\/yoast-seo-wordpress\/ -->\n<title>Kabelkonfektion, Kabelb\u00e4ume &amp; Baugruppen | Realcable<\/title>\n<meta name=\"description\" content=\"Individuelle Kabelkonfektion, Kabelb\u00e4ume und elektromechanische Baugruppen. Von Prototypen bis zur Serienfertigung mit modernsten Technologien.\" \/>\n<meta name=\"robots\" content=\"index, follow, max-snippet:-1, max-image-preview:large, max-video-preview:-1\" \/>\n<link rel=\"canonical\" href=\"https:\/\/www.realcable.it\/soluzioni\/\" \/>\n<meta property=\"og:locale\" content=\"de_DE\" \/>\n<meta property=\"og:type\" content=\"article\" \/>\n<meta property=\"og:title\" content=\"Kabelkonfektion, Kabelb\u00e4ume &amp; Baugruppen | Realcable\" \/>\n<meta property=\"og:description\" content=\"Individuelle Kabelkonfektion, Kabelb\u00e4ume und elektromechanische Baugruppen. Von Prototypen bis zur Serienfertigung mit modernsten Technologien.\" \/>\n<meta property=\"og:url\" content=\"https:\/\/www.realcable.it\/soluzioni\/\" \/>\n<meta property=\"og:site_name\" content=\"Realcable\" \/>\n<meta property=\"article:modified_time\" content=\"2026-04-17T10:13:32+00:00\" \/>\n<meta name=\"twitter:card\" content=\"summary_large_image\" \/>\n<script type=\"application\/ld+json\" class=\"yoast-schema-graph\">{\"@context\":\"https:\\\/\\\/schema.org\",\"@graph\":[{\"@type\":\"WebPage\",\"@id\":\"https:\\\/\\\/www.realcable.it\\\/soluzioni\\\/\",\"url\":\"https:\\\/\\\/www.realcable.it\\\/soluzioni\\\/\",\"name\":\"Kabelkonfektion, Kabelb\u00e4ume & Baugruppen | Realcable\",\"isPartOf\":{\"@id\":\"https:\\\/\\\/www.realcable.it\\\/#website\"},\"datePublished\":\"2026-03-03T11:03:20+00:00\",\"dateModified\":\"2026-04-17T10:13:32+00:00\",\"description\":\"Individuelle Kabelkonfektion, Kabelb\u00e4ume und elektromechanische Baugruppen. Von Prototypen bis zur Serienfertigung mit modernsten Technologien.\",\"breadcrumb\":{\"@id\":\"https:\\\/\\\/www.realcable.it\\\/soluzioni\\\/#breadcrumb\"},\"inLanguage\":\"de\",\"potentialAction\":[{\"@type\":\"ReadAction\",\"target\":[\"https:\\\/\\\/www.realcable.it\\\/soluzioni\\\/\"]}]},{\"@type\":\"BreadcrumbList\",\"@id\":\"https:\\\/\\\/www.realcable.it\\\/soluzioni\\\/#breadcrumb\",\"itemListElement\":[{\"@type\":\"ListItem\",\"position\":1,\"name\":\"Home\",\"item\":\"https:\\\/\\\/www.realcable.it\\\/\"},{\"@type\":\"ListItem\",\"position\":2,\"name\":\"L\u00f6sungen\"}]},{\"@type\":\"WebSite\",\"@id\":\"https:\\\/\\\/www.realcable.it\\\/#website\",\"url\":\"https:\\\/\\\/www.realcable.it\\\/\",\"name\":\"Realcable\",\"description\":\"\",\"potentialAction\":[{\"@type\":\"SearchAction\",\"target\":{\"@type\":\"EntryPoint\",\"urlTemplate\":\"https:\\\/\\\/www.realcable.it\\\/?s={search_term_string}\"},\"query-input\":{\"@type\":\"PropertyValueSpecification\",\"valueRequired\":true,\"valueName\":\"search_term_string\"}}],\"inLanguage\":\"de\"}]}<\/script>\n<!-- \/ Yoast SEO plugin. -->","yoast_head_json":{"title":"Kabelkonfektion, Kabelb\u00e4ume & Baugruppen | Realcable","description":"Individuelle Kabelkonfektion, Kabelb\u00e4ume und elektromechanische Baugruppen. Von Prototypen bis zur Serienfertigung mit modernsten Technologien.","robots":{"index":"index","follow":"follow","max-snippet":"max-snippet:-1","max-image-preview":"max-image-preview:large","max-video-preview":"max-video-preview:-1"},"canonical":"https:\/\/www.realcable.it\/soluzioni\/","og_locale":"de_DE","og_type":"article","og_title":"Kabelkonfektion, Kabelb\u00e4ume & Baugruppen | Realcable","og_description":"Individuelle Kabelkonfektion, Kabelb\u00e4ume und elektromechanische Baugruppen. Von Prototypen bis zur Serienfertigung mit modernsten Technologien.","og_url":"https:\/\/www.realcable.it\/soluzioni\/","og_site_name":"Realcable","article_modified_time":"2026-04-17T10:13:32+00:00","twitter_card":"summary_large_image","schema":{"@context":"https:\/\/schema.org","@graph":[{"@type":"WebPage","@id":"https:\/\/www.realcable.it\/soluzioni\/","url":"https:\/\/www.realcable.it\/soluzioni\/","name":"Kabelkonfektion, Kabelb\u00e4ume & Baugruppen | Realcable","isPartOf":{"@id":"https:\/\/www.realcable.it\/#website"},"datePublished":"2026-03-03T11:03:20+00:00","dateModified":"2026-04-17T10:13:32+00:00","description":"Individuelle Kabelkonfektion, Kabelb\u00e4ume und elektromechanische Baugruppen. Von Prototypen bis zur Serienfertigung mit modernsten Technologien.","breadcrumb":{"@id":"https:\/\/www.realcable.it\/soluzioni\/#breadcrumb"},"inLanguage":"de","potentialAction":[{"@type":"ReadAction","target":["https:\/\/www.realcable.it\/soluzioni\/"]}]},{"@type":"BreadcrumbList","@id":"https:\/\/www.realcable.it\/soluzioni\/#breadcrumb","itemListElement":[{"@type":"ListItem","position":1,"name":"Home","item":"https:\/\/www.realcable.it\/"},{"@type":"ListItem","position":2,"name":"L\u00f6sungen"}]},{"@type":"WebSite","@id":"https:\/\/www.realcable.it\/#website","url":"https:\/\/www.realcable.it\/","name":"Realcable","description":"","potentialAction":[{"@type":"SearchAction","target":{"@type":"EntryPoint","urlTemplate":"https:\/\/www.realcable.it\/?s={search_term_string}"},"query-input":{"@type":"PropertyValueSpecification","valueRequired":true,"valueName":"search_term_string"}}],"inLanguage":"de"}]}},"_links":{"self":[{"href":"https:\/\/www.realcable.it\/de\/wp-json\/wp\/v2\/pages\/712","targetHints":{"allow":["GET"]}}],"collection":[{"href":"https:\/\/www.realcable.it\/de\/wp-json\/wp\/v2\/pages"}],"about":[{"href":"https:\/\/www.realcable.it\/de\/wp-json\/wp\/v2\/types\/page"}],"author":[{"embeddable":true,"href":"https:\/\/www.realcable.it\/de\/wp-json\/wp\/v2\/users\/1"}],"replies":[{"embeddable":true,"href":"https:\/\/www.realcable.it\/de\/wp-json\/wp\/v2\/comments?post=712"}],"version-history":[{"count":2,"href":"https:\/\/www.realcable.it\/de\/wp-json\/wp\/v2\/pages\/712\/revisions"}],"predecessor-version":[{"id":971,"href":"https:\/\/www.realcable.it\/de\/wp-json\/wp\/v2\/pages\/712\/revisions\/971"}],"wp:attachment":[{"href":"https:\/\/www.realcable.it\/de\/wp-json\/wp\/v2\/media?parent=712"}],"curies":[{"name":"wp","href":"https:\/\/api.w.org\/{rel}","templated":true}]}}