{"id":704,"date":"2026-02-05T15:04:43","date_gmt":"2026-02-05T14:04:43","guid":{"rendered":"https:\/\/realcable.piano-d.dev\/qualita\/"},"modified":"2026-04-17T12:14:08","modified_gmt":"2026-04-17T10:14:08","slug":"qualitat","status":"publish","type":"page","link":"https:\/\/www.realcable.it\/de\/qualitat\/","title":{"rendered":"Qualit\u00e4t"},"content":{"rendered":"<div class=\"fascia-header-pagine\" style=\"background: url(https:\/\/www.realcable.it\/wp-content\/uploads\/2026\/01\/bg-azienda.jpg)\">\n    <div class=\"fascia-header-pagine__inner container\">\n\n            <h1 class=\"title\">Qualit\u00e4t<\/h1>\n\n            <p id=\"breadcrumbs\"><span><span><a href=\"https:\/\/www.realcable.it\/\">Home<\/a><\/span><\/span><\/p>\n    <\/div>\n<\/div>\n\n\n<div class=\"fascia-img-cta bg-bianco \">\n    <div class=\"fascia-img-cta__inner container\">\n\n        <div class=\"grid-cols pos-left \">\n            <img loading=\"lazy\" decoding=\"async\" src=\"https:\/\/www.realcable.it\/wp-content\/uploads\/2026\/03\/assemblaggio-centralina-elettronica-settori-HVAC-automazione-industriale-quadri-elettrici.jpg\" alt=\"assemblaggio centralina elettronica - settori HVAC, automazione industriale, quadri elettrici\" width=\"600\" height=\"400\">\n\n            <div class=\"container-text\">\n\n                <span class=\"title-small\">Null-Fehler-Strategie<\/span>\n                <h3 class=\"title\">Qualit\u00e4t 5.0<\/h3>\n\n                <div class=\"text\"><p>Seit 1991 steht Realcable f\u00fcr Zuverl\u00e4ssigkeit und Pr\u00e4zision. Mit unserer Strategie \u201eNull Fehler\u201c gehen wir einen weiteren Schritt in Richtung moderner Qualit\u00e4tskultur und integrieren die Prinzipien der Qualit\u00e4t 5.0 in unsere Produktionsprozesse.<\/p>\n<p>Jede Phase der Fertigung wird sorgf\u00e4ltig \u00fcberwacht \u2013 von der strengen Kontrolle der Rohmaterialien bis hin zu den abschlie\u00dfenden Pr\u00fcfungen von Kabelkonfektionen und Schaltschr\u00e4nken.<\/p>\n<p>Alle Produkte von Realcable werden umfassenden Tests unterzogen. Auf Wunsch stellen wir Konformit\u00e4tszertifikate zur Verf\u00fcgung. Durch statistische Qualit\u00e4tskontrollen verfolgen wir eine kontinuierliche Verbesserung unserer Prozesse, um stets leistungsf\u00e4hige und zuverl\u00e4ssige Produkte zu gew\u00e4hrleisten.<\/p>\n<\/div>\n\n                            <\/div>\n\n        <\/div>\n\n    <\/div>\n<\/div>\n\n\n<div class=\"fascia-img-cta bg-grigio \">\n    <div class=\"fascia-img-cta__inner container\">\n\n        <div class=\"grid-cols pos-right \">\n            <img loading=\"lazy\" decoding=\"async\" src=\"https:\/\/www.realcable.it\/wp-content\/uploads\/2026\/03\/spellatura-e-preparazione-cavo-schermato-per-preparare-cavo-per-la-crimpatura-o-per-essere-saldato-lampada-con-lente-per-altro-grado-di-precisione.jpg\" alt=\"spellatura e preparazione cavo schermato per preparare cavo per la crimpatura o per essere saldato , lampada con lente per altro grado di precisione\" width=\"600\" height=\"400\">\n\n            <div class=\"container-text\">\n\n                <span class=\"title-small\"><\/span>\n                <h3 class=\"title\">Zertifizierte und normkonforme Kabel<\/h3>\n\n                <div class=\"text\"><p>Unsere Produkte erf\u00fcllen die wichtigsten internationalen Normen und Richtlinien f\u00fcr industrielle und spezielle Elektrokabel:<\/p>\n<ul>\n<li>Normen IEC und EN, auf Anfrage auch UL<\/li>\n<li>Richtlinien CPR, RoHS und REACH<\/li>\n<li>Kundenspezifische technische Anforderungen<\/li>\n<\/ul>\n<p>Damit ist Realcable ein zuverl\u00e4ssiger Partner f\u00fcr Unternehmen, die strenge regulatorische Anforderungen und h\u00f6chste Qualit\u00e4tsstandards erf\u00fcllen m\u00fcssen.<\/p>\n<\/div>\n\n                            <\/div>\n\n        <\/div>\n\n    <\/div>\n<\/div>\n\n\n<div class=\"fascia-img-cta bg-bianco \">\n    <div class=\"fascia-img-cta__inner container\">\n\n        <div class=\"grid-cols pos-left \">\n            <img loading=\"lazy\" decoding=\"async\" src=\"https:\/\/www.realcable.it\/wp-content\/uploads\/2026\/03\/laboratorio-micrografico.jpg\" alt=\"laboratorio-micrografico\" width=\"600\" height=\"400\">\n\n            <div class=\"container-text\">\n\n                <span class=\"title-small\"><\/span>\n                <h3 class=\"title\">Modernes mikrographisches Labor f\u00fcr Crimpanalysen<\/h3>\n\n                <div class=\"text\"><p>Realcable verf\u00fcgt \u00fcber ein internes mikrographisches Labor, ausgestattet mit modernen digitalen Mikroskopen. Dadurch k\u00f6nnen wir pr\u00e4zise Analysen von Crimpverbindungen an Kabeln und Kontakten durchf\u00fchren.<\/p>\n<p>Diese Technologie erm\u00f6glicht es uns:<\/p>\n<ul>\n<li>die Mikrostruktur metallischer Werkstoffe nach dem Crimpprozess zu bewerten<\/li>\n<li>die Verdichtung und Homogenit\u00e4t der Litzen zu analysieren<\/li>\n<li>die Qualit\u00e4t der Crimpverbindung anhand hochaufl\u00f6sender Bilder zu pr\u00fcfen<\/li>\n<li>nichtmetallische Einschl\u00fcsse oder mikroskopische Defekte zu erkennen<\/li>\n<li>wichtige Parameter wie die Korngr\u00f6\u00dfe der Metallstruktur zu bestimmen, die f\u00fcr die mechanischen Eigenschaften entscheidend ist<\/li>\n<\/ul>\n<p>Diese Pr\u00fcfungen \u2013 auf Wunsch auch kundenspezifisch \u2013 stellen sicher, dass jede Verbindung h\u00f6chste Anforderungen an Festigkeit und Zuverl\u00e4ssigkeit erf\u00fcllt.<\/p>\n<\/div>\n\n                            <\/div>\n\n        <\/div>\n\n    <\/div>\n<\/div>\n\n\n<div class=\"fascia-img-cta bg-grigio \">\n    <div class=\"fascia-img-cta__inner container\">\n\n        <div class=\"grid-cols pos-right \">\n            <img loading=\"lazy\" decoding=\"async\" src=\"https:\/\/www.realcable.it\/wp-content\/uploads\/2026\/03\/realcable-qualita.jpg\" alt=\"realcable-qualit\u00e0\" width=\"600\" height=\"400\">\n\n            <div class=\"container-text\">\n\n                <span class=\"title-small\"><\/span>\n                <h3 class=\"title\">Kaizen \u2013 Kontinuierliche Verbesserung<\/h3>\n\n                <div class=\"text\"><p>Seit 2021 verfolgt Realcable einen kontinuierlichen Verbesserungsprozess nach der Kaizen-Philosophie. Ziel ist es, unsere Arbeitsabl\u00e4ufe und Produkte stetig weiterzuentwickeln.<\/p>\n<p>Dabei binden wir unser gesamtes Team und alle Produktionsphasen ein, um:<\/p>\n<ul>\n<li>Verschwendung zu reduzieren<\/li>\n<li>Prozesse effizienter zu gestalten<\/li>\n<li>Qualit\u00e4t und Zuverl\u00e4ssigkeit weiter zu steigern<\/li>\n<li>kurze und zuverl\u00e4ssige Lieferzeiten sicherzustellen<\/li>\n<\/ul>\n<p>Dieser Prozess ist kontinuierlich, mit einem klaren Ziel: immer bessere und ma\u00dfgeschneiderte L\u00f6sungen f\u00fcr unsere Kunden zu entwickeln.<\/p>\n<\/div>\n\n                            <\/div>\n\n        <\/div>\n\n    <\/div>\n<\/div>\n\n<div class=\"fascia-certificazioni\">\n    <div class=\"fascia-certificazioni__inner container\">\n\n        <div class=\"grid-cols\">\n\n            <div class=\"container-text\">\n                <span class=\"title-small\">Zertifizierte Qualit\u00e4t<\/span>\n                <h3 class=\"title\">Exzellenz und Einhaltung internationaler Standards<\/h3>\n                <div class=\"text\"><p>Qualit\u00e4t ist ein zentraler Bestandteil der Unternehmensphilosophie von Realcable. Jedes Produkt wird nach strengen Kontrollprotokollen und im Einklang mit den relevanten Branchenstandards gefertigt.<\/p>\n<\/div>\n\n                <div class=\"elenco-quality\">\n                    \n                        <div class=\"single-cert\">\n                            <svg xmlns=\"http:\/\/www.w3.org\/2000\/svg\" width=\"20\" height=\"20\" viewBox=\"0 0 20 20\" fill=\"none\">\n                                <path d=\"M10.0003 18.3333C14.6027 18.3333 18.3337 14.6023 18.3337 9.99996C18.3337 5.39759 14.6027 1.66663 10.0003 1.66663C5.39795 1.66663 1.66699 5.39759 1.66699 9.99996C1.66699 14.6023 5.39795 18.3333 10.0003 18.3333Z\" stroke=\"#323437\" stroke-width=\"1.66667\" stroke-linecap=\"round\" stroke-linejoin=\"round\"\/>\n                                <path d=\"M7.5 10L9.16667 11.6667L12.5 8.33337\" stroke=\"#323437\" stroke-width=\"1.66667\" stroke-linecap=\"round\" stroke-linejoin=\"round\"\/>\n                            <\/svg>\n\n                            <p class=\"text-quality\">Qualit\u00e4tskontrolle in jeder Produktionsphase<\/p>\n                        <\/div>\n\n                    \n                        <div class=\"single-cert\">\n                            <svg xmlns=\"http:\/\/www.w3.org\/2000\/svg\" width=\"20\" height=\"20\" viewBox=\"0 0 20 20\" fill=\"none\">\n                                <path d=\"M10.0003 18.3333C14.6027 18.3333 18.3337 14.6023 18.3337 9.99996C18.3337 5.39759 14.6027 1.66663 10.0003 1.66663C5.39795 1.66663 1.66699 5.39759 1.66699 9.99996C1.66699 14.6023 5.39795 18.3333 10.0003 18.3333Z\" stroke=\"#323437\" stroke-width=\"1.66667\" stroke-linecap=\"round\" stroke-linejoin=\"round\"\/>\n                                <path d=\"M7.5 10L9.16667 11.6667L12.5 8.33337\" stroke=\"#323437\" stroke-width=\"1.66667\" stroke-linecap=\"round\" stroke-linejoin=\"round\"\/>\n                            <\/svg>\n\n                            <p class=\"text-quality\">Vollst\u00e4ndige R\u00fcckverfolgbarkeit der Materialien<\/p>\n                        <\/div>\n\n                    \n                        <div class=\"single-cert\">\n                            <svg xmlns=\"http:\/\/www.w3.org\/2000\/svg\" width=\"20\" height=\"20\" viewBox=\"0 0 20 20\" fill=\"none\">\n                                <path d=\"M10.0003 18.3333C14.6027 18.3333 18.3337 14.6023 18.3337 9.99996C18.3337 5.39759 14.6027 1.66663 10.0003 1.66663C5.39795 1.66663 1.66699 5.39759 1.66699 9.99996C1.66699 14.6023 5.39795 18.3333 10.0003 18.3333Z\" stroke=\"#323437\" stroke-width=\"1.66667\" stroke-linecap=\"round\" stroke-linejoin=\"round\"\/>\n                                <path d=\"M7.5 10L9.16667 11.6667L12.5 8.33337\" stroke=\"#323437\" stroke-width=\"1.66667\" stroke-linecap=\"round\" stroke-linejoin=\"round\"\/>\n                            <\/svg>\n\n                            <p class=\"text-quality\">Zertifizierte elektrische und funktionale Pr\u00fcfungen<\/p>\n                        <\/div>\n\n                    \n                        <div class=\"single-cert\">\n                            <svg xmlns=\"http:\/\/www.w3.org\/2000\/svg\" width=\"20\" height=\"20\" viewBox=\"0 0 20 20\" fill=\"none\">\n                                <path d=\"M10.0003 18.3333C14.6027 18.3333 18.3337 14.6023 18.3337 9.99996C18.3337 5.39759 14.6027 1.66663 10.0003 1.66663C5.39795 1.66663 1.66699 5.39759 1.66699 9.99996C1.66699 14.6023 5.39795 18.3333 10.0003 18.3333Z\" stroke=\"#323437\" stroke-width=\"1.66667\" stroke-linecap=\"round\" stroke-linejoin=\"round\"\/>\n                                <path d=\"M7.5 10L9.16667 11.6667L12.5 8.33337\" stroke=\"#323437\" stroke-width=\"1.66667\" stroke-linecap=\"round\" stroke-linejoin=\"round\"\/>\n                            <\/svg>\n\n                            <p class=\"text-quality\">Technische Dokumentation nach internationalen Standards<\/p>\n                        <\/div>\n\n                                    <\/div>\n\n                            <\/div>\n\n            <div class=\"container-certifications\">\n                \n                                            <a href=\"\/wp-content\/uploads\/2026\/02\/Certificato-ISO-9001.pdf\" target=\"_blank\" class=\"certification\">\n                                                            <img decoding=\"async\" src=\"https:\/\/www.realcable.it\/wp-content\/uploads\/2026\/02\/iso-9001.png\" alt=\"\">\n                            \n                            <div class=\"head-cert\">\n                                <span class=\"title-box\">UNI EN ISO 9001:2015<\/span>\n\n                                <svg xmlns=\"http:\/\/www.w3.org\/2000\/svg\" width=\"32\" height=\"32\" viewBox=\"0 0 32 32\" fill=\"none\">\n                                    <path d=\"M28 20V25.3333C28 26.0406 27.719 26.7189 27.219 27.219C26.7189 27.719 26.0406 28 25.3333 28H6.66667C5.95942 28 5.28115 27.719 4.78105 27.219C4.28095 26.7189 4 26.0406 4 25.3333V20M9.33333 13.3333L16 20M16 20L22.6667 13.3333M16 20V4\" stroke=\"#1E1E1E\" stroke-width=\"3\" stroke-linecap=\"round\" stroke-linejoin=\"round\"\/>\n                                <\/svg>\n                            <\/div>\n\n                            <div class=\"text-box\"><p>Der internationale Referenzstandard f\u00fcr Qualit\u00e4tsmanagement. Bei Realcable garantiert er strukturierte Prozesse, strenge Kontrollen und kontinuierliches Engagement f\u00fcr h\u00f6chste Qualit\u00e4t.<\/p>\n<p>Wer sich f\u00fcr Realcable entscheidet, vertraut auf einen zertifizierten Partner, der Qualit\u00e4t in jeder Produktionsphase an erste Stelle setzt.<\/p>\n<\/div>\n                        <\/a>\n                    \n                \n                                            <a href=\"\/wp-content\/uploads\/2026\/02\/Certificato-IRIS.pdf\" target=\"_blank\" class=\"certification\">\n                                                            <img decoding=\"async\" src=\"https:\/\/www.realcable.it\/wp-content\/uploads\/2026\/02\/Logo-ISO-TS-22163-1.png\" alt=\"\">\n                            \n                            <div class=\"head-cert\">\n                                <span class=\"title-box\">ISO\/TS 22163 (ehemals IRIS)<\/span>\n\n                                <svg xmlns=\"http:\/\/www.w3.org\/2000\/svg\" width=\"32\" height=\"32\" viewBox=\"0 0 32 32\" fill=\"none\">\n                                    <path d=\"M28 20V25.3333C28 26.0406 27.719 26.7189 27.219 27.219C26.7189 27.719 26.0406 28 25.3333 28H6.66667C5.95942 28 5.28115 27.719 4.78105 27.219C4.28095 26.7189 4 26.0406 4 25.3333V20M9.33333 13.3333L16 20M16 20L22.6667 13.3333M16 20V4\" stroke=\"#1E1E1E\" stroke-width=\"3\" stroke-linecap=\"round\" stroke-linejoin=\"round\"\/>\n                                <\/svg>\n                            <\/div>\n\n                            <div class=\"text-box\"><p>Die f\u00fchrende Zertifizierung f\u00fcr die Herstellung von elektrischen Kabeln, Kabelkonfektionen und Schaltschr\u00e4nken in der Eisenbahnindustrie.<\/p>\n<p>Realcable garantiert h\u00f6chste Qualit\u00e4ts-, Sicherheits- und Zuverl\u00e4ssigkeitsstandards, die den anspruchsvollen Anforderungen des Bahnsektors entsprechen, und liefert Produkte, die den strengsten Normen gen\u00fcgen.<\/p>\n<\/div>\n                        <\/a>\n                    \n                \n                                            <div class=\"certification\">\n                                                            <img decoding=\"async\" src=\"https:\/\/www.realcable.it\/wp-content\/uploads\/2026\/02\/IPC_logo_cert-spec.png\" alt=\"\">\n                            \n                            <div class=\"head-cert\">\n                                <span class=\"title-box\">Fachkr\u00e4fte nach Standard IPC WHMA-A-620 zertifiziert<\/span>\n                            <\/div>\n\n                            <div class=\"text-box\"><p>Realcable investiert kontinuierlich in die Weiterbildung seines technischen Teams. Unsere Mitarbeiter sind nach dem globalen Referenzstandard IPC WHMA-A-620 zertifiziert, dem Ma\u00dfstab f\u00fcr die Qualit\u00e4t von Kabelkonfektionen und elektronischen Verbindungen.<\/p>\n<\/div>\n                        <\/div>\n                    \n                \n                                            <a href=\"\/wp-content\/uploads\/2026\/02\/Certificato-UL-e-UL-CSA.pdf\" target=\"_blank\" class=\"certification\">\n                            \n                            <div class=\"head-cert\">\n                                <span class=\"title-box\">UL 817 \u2013 Konformit\u00e4t f\u00fcr die M\u00e4rkte USA und Kanada<\/span>\n\n                                <svg xmlns=\"http:\/\/www.w3.org\/2000\/svg\" width=\"32\" height=\"32\" viewBox=\"0 0 32 32\" fill=\"none\">\n                                    <path d=\"M28 20V25.3333C28 26.0406 27.719 26.7189 27.219 27.219C26.7189 27.719 26.0406 28 25.3333 28H6.66667C5.95942 28 5.28115 27.719 4.78105 27.219C4.28095 26.7189 4 26.0406 4 25.3333V20M9.33333 13.3333L16 20M16 20L22.6667 13.3333M16 20V4\" stroke=\"#1E1E1E\" stroke-width=\"3\" stroke-linecap=\"round\" stroke-linejoin=\"round\"\/>\n                                <\/svg>\n                            <\/div>\n\n                            <div class=\"text-box\"><p>Ein anerkannter Sicherheitsstandard f\u00fcr Netzkabel und elektrische Kabelkonfektionen f\u00fcr die M\u00e4rkte der Vereinigten Staaten und Kanadas.<br \/>\nEr stellt sicher, dass Produkte strenge Anforderungen an elektrische Sicherheit und Leistungsf\u00e4higkeit gem\u00e4\u00df den technischen Normen Nordamerikas erf\u00fcllen.<\/p>\n<\/div>\n                        <\/a>\n                    \n                \n                                            <a href=\"\/wp-content\/uploads\/2026\/02\/Certificato-UL-e-UL-CSA.pdf\" target=\"_blank\" class=\"certification\">\n                            \n                            <div class=\"head-cert\">\n                                <span class=\"title-box\">UL CSA-C22.2 No.21 \u2013 Sicherheitskonformit\u00e4t f\u00fcr USA und Kanada<\/span>\n\n                                <svg xmlns=\"http:\/\/www.w3.org\/2000\/svg\" width=\"32\" height=\"32\" viewBox=\"0 0 32 32\" fill=\"none\">\n                                    <path d=\"M28 20V25.3333C28 26.0406 27.719 26.7189 27.219 27.219C26.7189 27.719 26.0406 28 25.3333 28H6.66667C5.95942 28 5.28115 27.719 4.78105 27.219C4.28095 26.7189 4 26.0406 4 25.3333V20M9.33333 13.3333L16 20M16 20L22.6667 13.3333M16 20V4\" stroke=\"#1E1E1E\" stroke-width=\"3\" stroke-linecap=\"round\" stroke-linejoin=\"round\"\/>\n                                <\/svg>\n                            <\/div>\n\n                            <div class=\"text-box\"><p>Sicherheitsstandard f\u00fcr Netzkabel und Stromversorgungsleitungen f\u00fcr den Markt der Vereinigten Staaten und Kanadas.<\/p>\n<\/div>\n                        <\/a>\n                    \n                \n                                            <a href=\"\/wp-content\/uploads\/2026\/02\/Scorecard-EcoVadis.pdf\" target=\"_blank\" class=\"certification\">\n                            \n                            <div class=\"head-cert\">\n                                <span class=\"title-box\">EcoVadis Silver Status<\/span>\n\n                                <svg xmlns=\"http:\/\/www.w3.org\/2000\/svg\" width=\"32\" height=\"32\" viewBox=\"0 0 32 32\" fill=\"none\">\n                                    <path d=\"M28 20V25.3333C28 26.0406 27.719 26.7189 27.219 27.219C26.7189 27.719 26.0406 28 25.3333 28H6.66667C5.95942 28 5.28115 27.719 4.78105 27.219C4.28095 26.7189 4 26.0406 4 25.3333V20M9.33333 13.3333L16 20M16 20L22.6667 13.3333M16 20V4\" stroke=\"#1E1E1E\" stroke-width=\"3\" stroke-linecap=\"round\" stroke-linejoin=\"round\"\/>\n                                <\/svg>\n                            <\/div>\n\n                            <div class=\"text-box\"><p>Diese Auszeichnung best\u00e4tigt unser konsequentes Engagement f\u00fcr \u00f6kologische, soziale und ethische Verantwortung entlang der gesamten Produktionskette.<\/p>\n<\/div>\n                        <\/a>\n                    \n                            <\/div>\n\n        <\/div>\n\n    <\/div>\n<\/div>\n\n\n<p><\/p>\n","protected":false},"excerpt":{"rendered":"","protected":false},"author":1,"featured_media":0,"parent":0,"menu_order":0,"comment_status":"closed","ping_status":"closed","template":"","meta":{"_acf_changed":false,"footnotes":""},"class_list":["post-704","page","type-page","status-publish","hentry"],"acf":[],"yoast_head":"<!-- This site is optimized with the Yoast SEO plugin v27.4 - https:\/\/yoast.com\/product\/yoast-seo-wordpress\/ -->\n<title>Qualit\u00e4t &amp; Zertifizierungen in der Kabelkonfektion | Realcable<\/title>\n<meta name=\"description\" content=\"Zertifizierte Kabelkonfektion mit strengen Qualit\u00e4tskontrollen und Tests. Realcable steht f\u00fcr Pr\u00e4zision, Zuverl\u00e4ssigkeit und h\u00f6chste Standards.\" \/>\n<meta name=\"robots\" content=\"index, follow, max-snippet:-1, max-image-preview:large, max-video-preview:-1\" \/>\n<link rel=\"canonical\" href=\"https:\/\/www.realcable.it\/qualita\/\" \/>\n<meta property=\"og:locale\" content=\"de_DE\" \/>\n<meta property=\"og:type\" content=\"article\" \/>\n<meta property=\"og:title\" content=\"Qualit\u00e4t &amp; Zertifizierungen in der Kabelkonfektion | Realcable\" \/>\n<meta property=\"og:description\" content=\"Zertifizierte Kabelkonfektion mit strengen Qualit\u00e4tskontrollen und Tests. Realcable steht f\u00fcr Pr\u00e4zision, Zuverl\u00e4ssigkeit und h\u00f6chste Standards.\" \/>\n<meta property=\"og:url\" content=\"https:\/\/www.realcable.it\/qualita\/\" \/>\n<meta property=\"og:site_name\" content=\"Realcable\" \/>\n<meta property=\"article:modified_time\" content=\"2026-04-17T10:14:08+00:00\" \/>\n<meta name=\"twitter:card\" content=\"summary_large_image\" \/>\n<script type=\"application\/ld+json\" class=\"yoast-schema-graph\">{\"@context\":\"https:\\\/\\\/schema.org\",\"@graph\":[{\"@type\":\"WebPage\",\"@id\":\"https:\\\/\\\/www.realcable.it\\\/qualita\\\/\",\"url\":\"https:\\\/\\\/www.realcable.it\\\/qualita\\\/\",\"name\":\"Qualit\u00e4t & Zertifizierungen in der Kabelkonfektion | Realcable\",\"isPartOf\":{\"@id\":\"https:\\\/\\\/www.realcable.it\\\/#website\"},\"datePublished\":\"2026-02-05T14:04:43+00:00\",\"dateModified\":\"2026-04-17T10:14:08+00:00\",\"description\":\"Zertifizierte Kabelkonfektion mit strengen Qualit\u00e4tskontrollen und Tests. Realcable steht f\u00fcr Pr\u00e4zision, Zuverl\u00e4ssigkeit und h\u00f6chste Standards.\",\"breadcrumb\":{\"@id\":\"https:\\\/\\\/www.realcable.it\\\/qualita\\\/#breadcrumb\"},\"inLanguage\":\"de\",\"potentialAction\":[{\"@type\":\"ReadAction\",\"target\":[\"https:\\\/\\\/www.realcable.it\\\/qualita\\\/\"]}]},{\"@type\":\"BreadcrumbList\",\"@id\":\"https:\\\/\\\/www.realcable.it\\\/qualita\\\/#breadcrumb\",\"itemListElement\":[{\"@type\":\"ListItem\",\"position\":1,\"name\":\"Home\",\"item\":\"https:\\\/\\\/www.realcable.it\\\/\"},{\"@type\":\"ListItem\",\"position\":2,\"name\":\"Qualit\u00e4t\"}]},{\"@type\":\"WebSite\",\"@id\":\"https:\\\/\\\/www.realcable.it\\\/#website\",\"url\":\"https:\\\/\\\/www.realcable.it\\\/\",\"name\":\"Realcable\",\"description\":\"\",\"potentialAction\":[{\"@type\":\"SearchAction\",\"target\":{\"@type\":\"EntryPoint\",\"urlTemplate\":\"https:\\\/\\\/www.realcable.it\\\/?s={search_term_string}\"},\"query-input\":{\"@type\":\"PropertyValueSpecification\",\"valueRequired\":true,\"valueName\":\"search_term_string\"}}],\"inLanguage\":\"de\"}]}<\/script>\n<!-- \/ Yoast SEO plugin. -->","yoast_head_json":{"title":"Qualit\u00e4t & Zertifizierungen in der Kabelkonfektion | Realcable","description":"Zertifizierte Kabelkonfektion mit strengen Qualit\u00e4tskontrollen und Tests. Realcable steht f\u00fcr Pr\u00e4zision, Zuverl\u00e4ssigkeit und h\u00f6chste Standards.","robots":{"index":"index","follow":"follow","max-snippet":"max-snippet:-1","max-image-preview":"max-image-preview:large","max-video-preview":"max-video-preview:-1"},"canonical":"https:\/\/www.realcable.it\/qualita\/","og_locale":"de_DE","og_type":"article","og_title":"Qualit\u00e4t & Zertifizierungen in der Kabelkonfektion | Realcable","og_description":"Zertifizierte Kabelkonfektion mit strengen Qualit\u00e4tskontrollen und Tests. Realcable steht f\u00fcr Pr\u00e4zision, Zuverl\u00e4ssigkeit und h\u00f6chste Standards.","og_url":"https:\/\/www.realcable.it\/qualita\/","og_site_name":"Realcable","article_modified_time":"2026-04-17T10:14:08+00:00","twitter_card":"summary_large_image","schema":{"@context":"https:\/\/schema.org","@graph":[{"@type":"WebPage","@id":"https:\/\/www.realcable.it\/qualita\/","url":"https:\/\/www.realcable.it\/qualita\/","name":"Qualit\u00e4t & Zertifizierungen in der Kabelkonfektion | Realcable","isPartOf":{"@id":"https:\/\/www.realcable.it\/#website"},"datePublished":"2026-02-05T14:04:43+00:00","dateModified":"2026-04-17T10:14:08+00:00","description":"Zertifizierte Kabelkonfektion mit strengen Qualit\u00e4tskontrollen und Tests. Realcable steht f\u00fcr Pr\u00e4zision, Zuverl\u00e4ssigkeit und h\u00f6chste Standards.","breadcrumb":{"@id":"https:\/\/www.realcable.it\/qualita\/#breadcrumb"},"inLanguage":"de","potentialAction":[{"@type":"ReadAction","target":["https:\/\/www.realcable.it\/qualita\/"]}]},{"@type":"BreadcrumbList","@id":"https:\/\/www.realcable.it\/qualita\/#breadcrumb","itemListElement":[{"@type":"ListItem","position":1,"name":"Home","item":"https:\/\/www.realcable.it\/"},{"@type":"ListItem","position":2,"name":"Qualit\u00e4t"}]},{"@type":"WebSite","@id":"https:\/\/www.realcable.it\/#website","url":"https:\/\/www.realcable.it\/","name":"Realcable","description":"","potentialAction":[{"@type":"SearchAction","target":{"@type":"EntryPoint","urlTemplate":"https:\/\/www.realcable.it\/?s={search_term_string}"},"query-input":{"@type":"PropertyValueSpecification","valueRequired":true,"valueName":"search_term_string"}}],"inLanguage":"de"}]}},"_links":{"self":[{"href":"https:\/\/www.realcable.it\/de\/wp-json\/wp\/v2\/pages\/704","targetHints":{"allow":["GET"]}}],"collection":[{"href":"https:\/\/www.realcable.it\/de\/wp-json\/wp\/v2\/pages"}],"about":[{"href":"https:\/\/www.realcable.it\/de\/wp-json\/wp\/v2\/types\/page"}],"author":[{"embeddable":true,"href":"https:\/\/www.realcable.it\/de\/wp-json\/wp\/v2\/users\/1"}],"replies":[{"embeddable":true,"href":"https:\/\/www.realcable.it\/de\/wp-json\/wp\/v2\/comments?post=704"}],"version-history":[{"count":1,"href":"https:\/\/www.realcable.it\/de\/wp-json\/wp\/v2\/pages\/704\/revisions"}],"predecessor-version":[{"id":711,"href":"https:\/\/www.realcable.it\/de\/wp-json\/wp\/v2\/pages\/704\/revisions\/711"}],"wp:attachment":[{"href":"https:\/\/www.realcable.it\/de\/wp-json\/wp\/v2\/media?parent=704"}],"curies":[{"name":"wp","href":"https:\/\/api.w.org\/{rel}","templated":true}]}}