{"id":700,"date":"2026-01-15T15:26:08","date_gmt":"2026-01-15T14:26:08","guid":{"rendered":"https:\/\/realcable.piano-d.dev\/settori\/"},"modified":"2026-04-17T12:14:36","modified_gmt":"2026-04-17T10:14:36","slug":"branchen","status":"publish","type":"page","link":"https:\/\/www.realcable.it\/de\/branchen\/","title":{"rendered":"Branchen"},"content":{"rendered":"<div class=\"fascia-header-pagine\" style=\"background: url(https:\/\/www.realcable.it\/wp-content\/uploads\/2026\/01\/bg-settori.jpg)\">\n    <div class=\"fascia-header-pagine__inner container\">\n\n            <h1 class=\"title\">Branchen<\/h1>\n\n            <p id=\"breadcrumbs\"><span><span><a href=\"https:\/\/www.realcable.it\/\">Home<\/a><\/span><\/span><\/p>\n    <\/div>\n<\/div>\n\n<div class=\"fascia-testo\">\n    <div class=\"fascia-testo__inner container\">\n\n        <div class=\"text\"><p>Realcable ist in zahlreichen Industriebereichen t\u00e4tig und liefert zuverl\u00e4ssige, ma\u00dfgeschneiderte L\u00f6sungen f\u00fcr Elektrokabel, Schaltschr\u00e4nke und elektromechanische Baugruppen. Dank umfassender technischer Kompetenz und flexibler Produktionsprozesse erf\u00fcllen wir die spezifischen Anforderungen jeder Branche \u2013 mit h\u00f6chster Qualit\u00e4t, Normkonformit\u00e4t und kompetenter technischer Unterst\u00fctzung.<\/p>\n<\/div>\n\n    <\/div>\n<\/div>\n\n<div class=\"fascia-elenco-settori\">\n    <div class=\"fascia-elenco-settori__inner container\">\n\n        <div class=\"sector-container\">\n            \n                <div class=\"single-sector\">\n                    <img loading=\"lazy\" decoding=\"async\" src=\"https:\/\/www.realcable.it\/wp-content\/uploads\/2026\/03\/ferroviario.jpg\" alt=\"ferroviario\" width=\"600\" height=\"400\">\n\n                    <div class=\"content-sector\">\n                        <div class=\"top-cont\">\n                            <span class=\"title-sector\">Bahnindustrie<\/span>\n                            <div class=\"text\"><p>L\u00f6sungen f\u00fcr Elektrokabel und Schaltschr\u00e4nke im Bahnsektor, entwickelt nach h\u00f6chsten Qualit\u00e4ts- und Zuverl\u00e4ssigkeitsstandards. Wir unterst\u00fctzen sicherheitskritische Anwendungen und gew\u00e4hrleisten die Einhaltung aller relevanten Normen sowie maximale Betriebssicherheit.<\/p>\n<\/div>\n                        <\/div>\n\n                        <a href=\"#\" class=\"btn btn-b\">\n                            Erfahren Sie mehr                        <\/a>\n                    <\/div>\n                <\/div>\n\n            \n                <div class=\"single-sector\">\n                    <img loading=\"lazy\" decoding=\"async\" src=\"https:\/\/www.realcable.it\/wp-content\/uploads\/2026\/03\/mezzi-speciali.jpg\" alt=\"mezzi-speciali\" width=\"600\" height=\"400\">\n\n                    <div class=\"content-sector\">\n                        <div class=\"top-cont\">\n                            <span class=\"title-sector\">Spezialfahrzeuge<\/span>\n                            <div class=\"text\"><p>Ma\u00dfgeschneiderte elektrische Kabelkonfektionen f\u00fcr Spezial- und Nutzfahrzeuge, ausgelegt f\u00fcr anspruchsvolle Einsatzbedingungen und schwierige Umgebungen. Unsere L\u00f6sungen gew\u00e4hrleisten Zuverl\u00e4ssigkeit, Leistung und Langlebigkeit.<\/p>\n<\/div>\n                        <\/div>\n\n                        <a href=\"#\" class=\"btn btn-b\">\n                            Erfahren Sie mehr                        <\/a>\n                    <\/div>\n                <\/div>\n\n            \n                <div class=\"single-sector\">\n                    <img loading=\"lazy\" decoding=\"async\" src=\"https:\/\/www.realcable.it\/wp-content\/uploads\/2026\/03\/navale.jpg\" alt=\"navale\" width=\"600\" height=\"400\">\n\n                    <div class=\"content-sector\">\n                        <div class=\"top-cont\">\n                            <span class=\"title-sector\">Marine \/ Schiffbau<\/span>\n                            <div class=\"text\"><p>Kabelkonfektionen und elektrische Systeme f\u00fcr maritime Anwendungen, entwickelt f\u00fcr den Einsatz in anspruchsvollen Meeresumgebungen. Fokus auf Robustheit, Sicherheit und Normkonformit\u00e4t.<\/p>\n<\/div>\n                        <\/div>\n\n                        <a href=\"#\" class=\"btn btn-b\">\n                            Erfahren Sie mehr                        <\/a>\n                    <\/div>\n                <\/div>\n\n            \n                <div class=\"single-sector\">\n                    <img loading=\"lazy\" decoding=\"async\" src=\"https:\/\/www.realcable.it\/wp-content\/uploads\/2026\/03\/Italian_Army_-_Cavalry_School_Ariete_C2_main_battle_tank_during_a_crew_training_exercise_2024-1.jpg\" alt=\"Italian_Army_-_Cavalry_School_Ariete_C2_main_battle_tank_during_a_crew_training_exercise_2024\" width=\"600\" height=\"400\">\n\n                    <div class=\"content-sector\">\n                        <div class=\"top-cont\">\n                            <span class=\"title-sector\">Verteidigung<\/span>\n                            <div class=\"text\"><p>Entwicklung und Fertigung von elektrischen Kabelsystemen und elektromechanischen Baugruppen f\u00fcr den Verteidigungssektor. Wir gew\u00e4hrleisten h\u00f6chste Qualit\u00e4tsstandards, vollst\u00e4ndige R\u00fcckverfolgbarkeit und die Einhaltung strengster Spezifikationen f\u00fcr sicherheitskritische Anwendungen.<\/p>\n<\/div>\n                        <\/div>\n\n                        <a href=\"#\" class=\"btn btn-b\">\n                            Erfahren Sie mehr                        <\/a>\n                    <\/div>\n                <\/div>\n\n            \n                <div class=\"single-sector\">\n                    <img loading=\"lazy\" decoding=\"async\" src=\"https:\/\/www.realcable.it\/wp-content\/uploads\/2026\/03\/automotive.jpg\" alt=\"automotive\" width=\"600\" height=\"400\">\n\n                    <div class=\"content-sector\">\n                        <div class=\"top-cont\">\n                            <span class=\"title-sector\">Industrieautomation<\/span>\n                            <div class=\"text\"><p>Planung und Herstellung von Kabelkonfektionen und Schaltschr\u00e4nken f\u00fcr industrielle Automationssysteme. Unsere L\u00f6sungen unterst\u00fctzen Maschinen und Anlagen mit zuverl\u00e4ssigen, leistungsstarken und kundenspezifischen Systemen.<\/p>\n<\/div>\n                        <\/div>\n\n                        <a href=\"#\" class=\"btn btn-b\">\n                            Erfahren Sie mehr                        <\/a>\n                    <\/div>\n                <\/div>\n\n            \n                <div class=\"single-sector\">\n                    <img loading=\"lazy\" decoding=\"async\" src=\"https:\/\/www.realcable.it\/wp-content\/uploads\/2026\/03\/hvac.jpg\" alt=\"hvac\" width=\"600\" height=\"400\">\n\n                    <div class=\"content-sector\">\n                        <div class=\"top-cont\">\n                            <span class=\"title-sector\">HVAC<\/span>\n                            <div class=\"text\"><p>Soluzioni di cablaggio elettrico per impianti HVAC, dedicate a sistemi di climatizzazione, ventilazione e riscaldamento, con focus su efficienza, affidabilit\u00e0 e integrazione con sistemi di controllo.<\/p>\n<\/div>\n                        <\/div>\n\n                        <a href=\"#\" class=\"btn btn-b\">\n                            Erfahren Sie mehr                        <\/a>\n                    <\/div>\n                <\/div>\n\n            \n                <div class=\"single-sector\">\n                    <img loading=\"lazy\" decoding=\"async\" src=\"https:\/\/www.realcable.it\/wp-content\/uploads\/2026\/03\/telecomunicazione.jpg\" alt=\"telecomunicazione\" width=\"600\" height=\"400\">\n\n                    <div class=\"content-sector\">\n                        <div class=\"top-cont\">\n                            <span class=\"title-sector\">Telekommunikation<\/span>\n                            <div class=\"text\"><p>Kabelkonfektionen f\u00fcr Telekommunikationsinfrastrukturen, die eine hohe Signalqualit\u00e4t, Betriebssicherheit und Normkonformit\u00e4t f\u00fcr Netzwerke und Kommunikationssysteme gew\u00e4hrleisten.<\/p>\n<\/div>\n                        <\/div>\n\n                        <a href=\"\" class=\"btn btn-b\">\n                            Erfahren Sie mehr                        <\/a>\n                    <\/div>\n                <\/div>\n\n            \n                <div class=\"single-sector\">\n                    <img loading=\"lazy\" decoding=\"async\" src=\"https:\/\/www.realcable.it\/wp-content\/uploads\/2026\/03\/horeca.jpg\" alt=\"horeca\" width=\"600\" height=\"400\">\n\n                    <div class=\"content-sector\">\n                        <div class=\"top-cont\">\n                            <span class=\"title-sector\">Ho.Re.Ca<\/span>\n                            <div class=\"text\"><p>Elektrische Kabelsysteme f\u00fcr professionelle Ger\u00e4te im HoReCa-Bereich (Hotel, Restaurant, Catering). Wir unterst\u00fctzen Hersteller von Gastronomie- und Hospitality-Technik mit sicheren, zuverl\u00e4ssigen und ma\u00dfgeschneiderten L\u00f6sungen.<\/p>\n<\/div>\n                        <\/div>\n\n                        <a href=\"#\" class=\"btn btn-b\">\n                            Erfahren Sie mehr                        <\/a>\n                    <\/div>\n                <\/div>\n\n                    <\/div>\n\n    <\/div>\n<\/div>\n\n<div class=\"fascia-faq\">\n    <div class=\"fascia-faq__inner container\">\n\n        <span class=\"title\">Faq<\/span>\n\n        <div class=\"container-faq\">\n                            <div class=\"faq\">\n                    <div class=\"header-faq\">\n                        <h4 class=\"titolo-faq\">Womit besch\u00e4ftigt sich Realcable?<\/h4>\n\n                        <svg xmlns=\"http:\/\/www.w3.org\/2000\/svg\" width=\"16\" height=\"16\" viewBox=\"0 0 16 16\" fill=\"none\">\n                            <path d=\"M4 6L8 10L12 6\" stroke=\"#1D2530\" stroke-width=\"1.33333\" stroke-linecap=\"round\" stroke-linejoin=\"round\"\/>\n                        <\/svg>\n                    <\/div>\n\n                    <div class=\"bottom-faq\">\n                        <div class=\"testo-faq\">\n                            <p>Realcable entwickelt und produziert industrielle Kabelkonfektionen, Schaltschr\u00e4nke und elektromechanische Baugruppen f\u00fcr verschiedene Industriebereiche.<\/p>\n                        <\/div>\n                    <\/div>\n\n                <\/div>\n                            <div class=\"faq\">\n                    <div class=\"header-faq\">\n                        <h4 class=\"titolo-faq\">Bietet Realcable auch kundenspezifische L\u00f6sungen an?<\/h4>\n\n                        <svg xmlns=\"http:\/\/www.w3.org\/2000\/svg\" width=\"16\" height=\"16\" viewBox=\"0 0 16 16\" fill=\"none\">\n                            <path d=\"M4 6L8 10L12 6\" stroke=\"#1D2530\" stroke-width=\"1.33333\" stroke-linecap=\"round\" stroke-linejoin=\"round\"\/>\n                        <\/svg>\n                    <\/div>\n\n                    <div class=\"bottom-faq\">\n                        <div class=\"testo-faq\">\n                            <p>Ja. Realcable realisiert ma\u00dfgeschneiderte L\u00f6sungen nach Kundenspezifikation, von der Prototypenentwicklung bis zur Serienfertigung.<\/p>\n                        <\/div>\n                    <\/div>\n\n                <\/div>\n                            <div class=\"faq\">\n                    <div class=\"header-faq\">\n                        <h4 class=\"titolo-faq\">In welchen Branchen ist Realcable t\u00e4tig?<\/h4>\n\n                        <svg xmlns=\"http:\/\/www.w3.org\/2000\/svg\" width=\"16\" height=\"16\" viewBox=\"0 0 16 16\" fill=\"none\">\n                            <path d=\"M4 6L8 10L12 6\" stroke=\"#1D2530\" stroke-width=\"1.33333\" stroke-linecap=\"round\" stroke-linejoin=\"round\"\/>\n                        <\/svg>\n                    <\/div>\n\n                    <div class=\"bottom-faq\">\n                        <div class=\"testo-faq\">\n                            <p>Realcable ist in mehreren Industriebereichen aktiv, darunter Industrieautomation, Maschinenbau, Bahnindustrie, Energie, HVAC, Elektronik und Anlagentechnik.<\/p>\n                        <\/div>\n                    <\/div>\n\n                <\/div>\n                            <div class=\"faq\">\n                    <div class=\"header-faq\">\n                        <h4 class=\"titolo-faq\">Wo befindet sich der Produktionsstandort?<\/h4>\n\n                        <svg xmlns=\"http:\/\/www.w3.org\/2000\/svg\" width=\"16\" height=\"16\" viewBox=\"0 0 16 16\" fill=\"none\">\n                            <path d=\"M4 6L8 10L12 6\" stroke=\"#1D2530\" stroke-width=\"1.33333\" stroke-linecap=\"round\" stroke-linejoin=\"round\"\/>\n                        <\/svg>\n                    <\/div>\n\n                    <div class=\"bottom-faq\">\n                        <div class=\"testo-faq\">\n                            <p>Der Produktionsstandort von Realcable befindet sich in Pordenone (Italien) und umfasst eine Produktions- und Pr\u00fcffl\u00e4che von \u00fcber 6.000 m\u00b2.<\/p>\n                        <\/div>\n                    <\/div>\n\n                <\/div>\n                            <div class=\"faq\">\n                    <div class=\"header-faq\">\n                        <h4 class=\"titolo-faq\">Arbeitet Realcable auch mit internationalen Kunden?<\/h4>\n\n                        <svg xmlns=\"http:\/\/www.w3.org\/2000\/svg\" width=\"16\" height=\"16\" viewBox=\"0 0 16 16\" fill=\"none\">\n                            <path d=\"M4 6L8 10L12 6\" stroke=\"#1D2530\" stroke-width=\"1.33333\" stroke-linecap=\"round\" stroke-linejoin=\"round\"\/>\n                        <\/svg>\n                    <\/div>\n\n                    <div class=\"bottom-faq\">\n                        <div class=\"testo-faq\">\n                            <p>Ja. Realcable arbeitet mit Kunden in Italien und international zusammen und liefert L\u00f6sungen gem\u00e4\u00df den ma\u00dfgeblichen internationalen Normen.<\/p>\n                        <\/div>\n                    <\/div>\n\n                <\/div>\n                            <div class=\"faq\">\n                    <div class=\"header-faq\">\n                        <h4 class=\"titolo-faq\">Wie kann ich ein Angebot anfordern?<\/h4>\n\n                        <svg xmlns=\"http:\/\/www.w3.org\/2000\/svg\" width=\"16\" height=\"16\" viewBox=\"0 0 16 16\" fill=\"none\">\n                            <path d=\"M4 6L8 10L12 6\" stroke=\"#1D2530\" stroke-width=\"1.33333\" stroke-linecap=\"round\" stroke-linejoin=\"round\"\/>\n                        <\/svg>\n                    <\/div>\n\n                    <div class=\"bottom-faq\">\n                        <div class=\"testo-faq\">\n                            <p>Ein individuelles Angebot k\u00f6nnen Sie \u00fcber das Kontaktformular auf der Website anfordern oder direkt Kontakt mit unserem Team aufnehmen.<\/p>\n                        <\/div>\n                    <\/div>\n\n                <\/div>\n                    <\/div>\n    <\/div>\n<\/div>\n\n\n<p><\/p>\n","protected":false},"excerpt":{"rendered":"","protected":false},"author":1,"featured_media":0,"parent":0,"menu_order":0,"comment_status":"closed","ping_status":"closed","template":"","meta":{"_acf_changed":false,"footnotes":""},"class_list":["post-700","page","type-page","status-publish","hentry"],"acf":[],"yoast_head":"<!-- This site is optimized with the Yoast SEO plugin v27.4 - https:\/\/yoast.com\/product\/yoast-seo-wordpress\/ -->\n<title>Kabelkonfektion f\u00fcr Bahn, Marine und Industrie | Realcable<\/title>\n<meta name=\"description\" content=\"Kabelkonfektion f\u00fcr Bahn, Sonderfahrzeuge, Marine, Verteidigung, Automatisierung, HVAC, Telekommunikation und Ho.Re.Ca. Ma\u00dfgeschneiderte L\u00f6sungen.\" \/>\n<meta name=\"robots\" content=\"index, follow, max-snippet:-1, max-image-preview:large, max-video-preview:-1\" \/>\n<link rel=\"canonical\" href=\"https:\/\/www.realcable.it\/settori\/\" \/>\n<meta property=\"og:locale\" content=\"de_DE\" \/>\n<meta property=\"og:type\" content=\"article\" \/>\n<meta property=\"og:title\" content=\"Kabelkonfektion f\u00fcr Bahn, Marine und Industrie | Realcable\" \/>\n<meta property=\"og:description\" content=\"Kabelkonfektion f\u00fcr Bahn, Sonderfahrzeuge, Marine, Verteidigung, Automatisierung, HVAC, Telekommunikation und Ho.Re.Ca. Ma\u00dfgeschneiderte L\u00f6sungen.\" \/>\n<meta property=\"og:url\" content=\"https:\/\/www.realcable.it\/settori\/\" \/>\n<meta property=\"og:site_name\" content=\"Realcable\" \/>\n<meta property=\"article:modified_time\" content=\"2026-04-17T10:14:36+00:00\" \/>\n<meta name=\"twitter:card\" content=\"summary_large_image\" \/>\n<script type=\"application\/ld+json\" class=\"yoast-schema-graph\">{\"@context\":\"https:\\\/\\\/schema.org\",\"@graph\":[{\"@type\":\"WebPage\",\"@id\":\"https:\\\/\\\/www.realcable.it\\\/settori\\\/\",\"url\":\"https:\\\/\\\/www.realcable.it\\\/settori\\\/\",\"name\":\"Kabelkonfektion f\u00fcr Bahn, Marine und Industrie | Realcable\",\"isPartOf\":{\"@id\":\"https:\\\/\\\/www.realcable.it\\\/#website\"},\"datePublished\":\"2026-01-15T14:26:08+00:00\",\"dateModified\":\"2026-04-17T10:14:36+00:00\",\"description\":\"Kabelkonfektion f\u00fcr Bahn, Sonderfahrzeuge, Marine, Verteidigung, Automatisierung, HVAC, Telekommunikation und Ho.Re.Ca. Ma\u00dfgeschneiderte L\u00f6sungen.\",\"breadcrumb\":{\"@id\":\"https:\\\/\\\/www.realcable.it\\\/settori\\\/#breadcrumb\"},\"inLanguage\":\"de\",\"potentialAction\":[{\"@type\":\"ReadAction\",\"target\":[\"https:\\\/\\\/www.realcable.it\\\/settori\\\/\"]}]},{\"@type\":\"BreadcrumbList\",\"@id\":\"https:\\\/\\\/www.realcable.it\\\/settori\\\/#breadcrumb\",\"itemListElement\":[{\"@type\":\"ListItem\",\"position\":1,\"name\":\"Home\",\"item\":\"https:\\\/\\\/www.realcable.it\\\/\"},{\"@type\":\"ListItem\",\"position\":2,\"name\":\"Branchen\"}]},{\"@type\":\"WebSite\",\"@id\":\"https:\\\/\\\/www.realcable.it\\\/#website\",\"url\":\"https:\\\/\\\/www.realcable.it\\\/\",\"name\":\"Realcable\",\"description\":\"\",\"potentialAction\":[{\"@type\":\"SearchAction\",\"target\":{\"@type\":\"EntryPoint\",\"urlTemplate\":\"https:\\\/\\\/www.realcable.it\\\/?s={search_term_string}\"},\"query-input\":{\"@type\":\"PropertyValueSpecification\",\"valueRequired\":true,\"valueName\":\"search_term_string\"}}],\"inLanguage\":\"de\"}]}<\/script>\n<!-- \/ Yoast SEO plugin. -->","yoast_head_json":{"title":"Kabelkonfektion f\u00fcr Bahn, Marine und Industrie | Realcable","description":"Kabelkonfektion f\u00fcr Bahn, Sonderfahrzeuge, Marine, Verteidigung, Automatisierung, HVAC, Telekommunikation und Ho.Re.Ca. Ma\u00dfgeschneiderte L\u00f6sungen.","robots":{"index":"index","follow":"follow","max-snippet":"max-snippet:-1","max-image-preview":"max-image-preview:large","max-video-preview":"max-video-preview:-1"},"canonical":"https:\/\/www.realcable.it\/settori\/","og_locale":"de_DE","og_type":"article","og_title":"Kabelkonfektion f\u00fcr Bahn, Marine und Industrie | Realcable","og_description":"Kabelkonfektion f\u00fcr Bahn, Sonderfahrzeuge, Marine, Verteidigung, Automatisierung, HVAC, Telekommunikation und Ho.Re.Ca. Ma\u00dfgeschneiderte L\u00f6sungen.","og_url":"https:\/\/www.realcable.it\/settori\/","og_site_name":"Realcable","article_modified_time":"2026-04-17T10:14:36+00:00","twitter_card":"summary_large_image","schema":{"@context":"https:\/\/schema.org","@graph":[{"@type":"WebPage","@id":"https:\/\/www.realcable.it\/settori\/","url":"https:\/\/www.realcable.it\/settori\/","name":"Kabelkonfektion f\u00fcr Bahn, Marine und Industrie | Realcable","isPartOf":{"@id":"https:\/\/www.realcable.it\/#website"},"datePublished":"2026-01-15T14:26:08+00:00","dateModified":"2026-04-17T10:14:36+00:00","description":"Kabelkonfektion f\u00fcr Bahn, Sonderfahrzeuge, Marine, Verteidigung, Automatisierung, HVAC, Telekommunikation und Ho.Re.Ca. Ma\u00dfgeschneiderte L\u00f6sungen.","breadcrumb":{"@id":"https:\/\/www.realcable.it\/settori\/#breadcrumb"},"inLanguage":"de","potentialAction":[{"@type":"ReadAction","target":["https:\/\/www.realcable.it\/settori\/"]}]},{"@type":"BreadcrumbList","@id":"https:\/\/www.realcable.it\/settori\/#breadcrumb","itemListElement":[{"@type":"ListItem","position":1,"name":"Home","item":"https:\/\/www.realcable.it\/"},{"@type":"ListItem","position":2,"name":"Branchen"}]},{"@type":"WebSite","@id":"https:\/\/www.realcable.it\/#website","url":"https:\/\/www.realcable.it\/","name":"Realcable","description":"","potentialAction":[{"@type":"SearchAction","target":{"@type":"EntryPoint","urlTemplate":"https:\/\/www.realcable.it\/?s={search_term_string}"},"query-input":{"@type":"PropertyValueSpecification","valueRequired":true,"valueName":"search_term_string"}}],"inLanguage":"de"}]}},"_links":{"self":[{"href":"https:\/\/www.realcable.it\/de\/wp-json\/wp\/v2\/pages\/700","targetHints":{"allow":["GET"]}}],"collection":[{"href":"https:\/\/www.realcable.it\/de\/wp-json\/wp\/v2\/pages"}],"about":[{"href":"https:\/\/www.realcable.it\/de\/wp-json\/wp\/v2\/types\/page"}],"author":[{"embeddable":true,"href":"https:\/\/www.realcable.it\/de\/wp-json\/wp\/v2\/users\/1"}],"replies":[{"embeddable":true,"href":"https:\/\/www.realcable.it\/de\/wp-json\/wp\/v2\/comments?post=700"}],"version-history":[{"count":1,"href":"https:\/\/www.realcable.it\/de\/wp-json\/wp\/v2\/pages\/700\/revisions"}],"predecessor-version":[{"id":703,"href":"https:\/\/www.realcable.it\/de\/wp-json\/wp\/v2\/pages\/700\/revisions\/703"}],"wp:attachment":[{"href":"https:\/\/www.realcable.it\/de\/wp-json\/wp\/v2\/media?parent=700"}],"curies":[{"name":"wp","href":"https:\/\/api.w.org\/{rel}","templated":true}]}}