{"id":685,"date":"2026-01-15T15:01:19","date_gmt":"2026-01-15T14:01:19","guid":{"rendered":"https:\/\/realcable.piano-d.dev\/azienda\/"},"modified":"2026-04-17T12:12:54","modified_gmt":"2026-04-17T10:12:54","slug":"uber-uns","status":"publish","type":"page","link":"https:\/\/www.realcable.it\/de\/uber-uns\/","title":{"rendered":"Unternehmen"},"content":{"rendered":"<div class=\"fascia-header-pagine\" style=\"background: url(https:\/\/www.realcable.it\/wp-content\/uploads\/2026\/01\/bg-azienda.jpg)\">\n    <div class=\"fascia-header-pagine__inner container\">\n\n            <h1 class=\"title\">\u00dcber uns<\/h1>\n\n            <p id=\"breadcrumbs\"><span><span><a href=\"https:\/\/www.realcable.it\/\">Home<\/a><\/span><\/span><\/p>\n    <\/div>\n<\/div>\n\n\n<div class=\"fascia-img-cta bg-bianco \">\n    <div class=\"fascia-img-cta__inner container\">\n\n        <div class=\"grid-cols pos-right \">\n            <img loading=\"lazy\" decoding=\"async\" src=\"https:\/\/www.realcable.it\/wp-content\/uploads\/2026\/03\/QUA_automazione-industriale.jpg\" alt=\"QUA_automazione industriale\" width=\"600\" height=\"400\">\n\n            <div class=\"container-text\">\n\n                <span class=\"title-small\">Realcable<\/span>\n                <h3 class=\"title\">Ihr Partner f\u00fcr industrielle Verkabelung<\/h3>\n\n                <div class=\"text\"><p>Realcable ist ein italienisches Unternehmen mit Sitz in Pordenone, im Nordosten Italiens, spezialisiert auf die Herstellung industrieller Elektrokabel, Schaltschr\u00e4nke und ma\u00dfgeschneiderter elektromechanischer Baugruppen. Seit der Gr\u00fcndung 1991 ist Realcable national und international t\u00e4tig und bietet zuverl\u00e4ssige, individuelle L\u00f6sungen f\u00fcr vielf\u00e4ltige Industriezweige.<\/p>\n<\/div>\n\n                                    <a href=\"\/de\/kontakt\/\" class=\"btn btn-b\">\n                        Kontakt aufnehmen                    <\/a>\n                            <\/div>\n\n        <\/div>\n\n    <\/div>\n<\/div>\n\n\n<div class=\"fascia-img-cta bg-grigio \">\n    <div class=\"fascia-img-cta__inner container\">\n\n        <div class=\"grid-cols pos-left \">\n            <img loading=\"lazy\" decoding=\"async\" src=\"https:\/\/www.realcable.it\/wp-content\/uploads\/2026\/03\/macchina-automatic_taglia_spela-_aggraffa_montaggio-automatico-componenti.jpg\" alt=\"macchina automatic_taglia_spela _aggraffa_montaggio automatico componenti\" width=\"600\" height=\"400\">\n\n            <div class=\"container-text\">\n\n                <span class=\"title-small\">Innovation<\/span>\n                <h3 class=\"title\">Produktionsbereich<\/h3>\n\n                <div class=\"text\"><p>Mit einer Produktionsfl\u00e4che von \u00fcber 6.000 m\u00b2 und einem hochqualifizierten Team garantiert Realcable h\u00f6chste Qualit\u00e4tsstandards, pr\u00e4zise Kontrollen und die Einhaltung internationaler Normen.<\/p>\n<p>Das Unternehmen investiert kontinuierlich in technologische Innovationen, um schnelle Reaktionszeiten, Wettbewerbsf\u00e4higkeit und einen umfassenden technischen Service von der Planung bis zur Endlieferung sicherzustellen.<\/p>\n<\/div>\n\n                                    <a href=\"\/de\/branchen\/\" class=\"btn btn-b\">\n                        Unsere Branchen                    <\/a>\n                            <\/div>\n\n        <\/div>\n\n    <\/div>\n<\/div>\n\n<div class=\"fascia-lavorazioni\">\n    <div class=\"fascia-lavorazioni__inner container\">\n\n        <h3 class=\"title\">Unsere Leistungen<\/h3>\n\n        <div class=\"cards-container\">\n            \n                <div class=\"single-card\">\n                    <img loading=\"lazy\" decoding=\"async\" src=\"https:\/\/www.realcable.it\/wp-content\/uploads\/2026\/01\/cut-stripe.jpg\" alt=\"\" width=\"600\" height=\"400\">\n\n                    <div class=\"content-card\">\n                        <span class=\"title-card\">Schneiden &#038; Abisolieren <\/span>\n                        <div class=\"text\"><p>Pr\u00e4zises Abl\u00e4ngen sowie Entfernen von Mantel und Isolation von Kabeln<\/p>\n<\/div>\n                    <\/div>\n                <\/div>\n\n            \n                <div class=\"single-card\">\n                    <img loading=\"lazy\" decoding=\"async\" src=\"https:\/\/www.realcable.it\/wp-content\/uploads\/2026\/01\/stagnatura.jpg\" alt=\"\" width=\"600\" height=\"400\">\n\n                    <div class=\"content-card\">\n                        <span class=\"title-card\">Verzinnen \/ L\u00f6ten <\/span>\n                        <div class=\"text\"><p>Verzinnung und L\u00f6tung von Komponenten und Steckverbindern<\/p>\n<\/div>\n                    <\/div>\n                <\/div>\n\n            \n                <div class=\"single-card\">\n                    <img loading=\"lazy\" decoding=\"async\" src=\"https:\/\/www.realcable.it\/wp-content\/uploads\/2026\/01\/collaudo.jpg\" alt=\"\" width=\"600\" height=\"400\">\n\n                    <div class=\"content-card\">\n                        <span class=\"title-card\">Pr\u00fcfung &#038; Qualit\u00e4tssicherung <\/span>\n                        <div class=\"text\"><p>Umfangreiche Pr\u00fcfger\u00e4te sowie ein modernes mikrographisches Labor<\/p>\n<\/div>\n                    <\/div>\n                <\/div>\n\n            \n                <div class=\"single-card\">\n                    <img loading=\"lazy\" decoding=\"async\" src=\"https:\/\/www.realcable.it\/wp-content\/uploads\/2026\/01\/crimp.jpg\" alt=\"\" width=\"600\" height=\"400\">\n\n                    <div class=\"content-card\">\n                        <span class=\"title-card\">Crimpen <\/span>\n                        <div class=\"text\"><p>Professionelle Verarbeitung von Crimpkontakten<\/p>\n<\/div>\n                    <\/div>\n                <\/div>\n\n            \n                <div class=\"single-card\">\n                    <img loading=\"lazy\" decoding=\"async\" src=\"https:\/\/www.realcable.it\/wp-content\/uploads\/2026\/01\/mark.jpg\" alt=\"\" width=\"600\" height=\"400\">\n\n                    <div class=\"content-card\">\n                        <span class=\"title-card\">Kennzeichnung<\/span>\n                        <div class=\"text\"><p>Druck und Markierung von Kabeln nach kundenspezifischen Anforderungen<\/p>\n<\/div>\n                    <\/div>\n                <\/div>\n\n            \n                <div class=\"single-card\">\n                    <img loading=\"lazy\" decoding=\"async\" src=\"https:\/\/www.realcable.it\/wp-content\/uploads\/2026\/01\/cablaggi.jpg\" alt=\"\" width=\"600\" height=\"400\">\n\n                    <div class=\"content-card\">\n                        <span class=\"title-card\">Elektrokabel &#038; Kabelkonfektionen <\/span>\n                        <div class=\"text\"><p>Fertigung mit unterschiedlichen Kabeltypen und elektrischen Komponenten<\/p>\n<\/div>\n                    <\/div>\n                <\/div>\n\n            \n                <div class=\"single-card\">\n                    <img loading=\"lazy\" decoding=\"async\" src=\"https:\/\/www.realcable.it\/wp-content\/uploads\/2026\/01\/quadri-elettrici.jpg\" alt=\"\" width=\"600\" height=\"400\">\n\n                    <div class=\"content-card\">\n                        <span class=\"title-card\">Schaltschr\u00e4nke<\/span>\n                        <div class=\"text\"><p>Herstellung und Verdrahtung individueller Schaltschranksysteme<\/p>\n<\/div>\n                    <\/div>\n                <\/div>\n\n            \n                <div class=\"single-card\">\n                    <img loading=\"lazy\" decoding=\"async\" src=\"https:\/\/www.realcable.it\/wp-content\/uploads\/2026\/03\/assemblaggio-elettromeccanico-per-elettrodomestici-hvac-automazione-con-condensatore-cilindrico-connettori-e-pressostato.jpg\" alt=\"assemblaggio elettromeccanico per elettrodomestici, hvac, automazione con condensatore cilindrico, connettori e pressostato\" width=\"600\" height=\"400\">\n\n                    <div class=\"content-card\">\n                        <span class=\"title-card\">Elektromechanische Baugruppen <\/span>\n                        <div class=\"text\"><p>Montage von Baugruppen f\u00fcr Haushaltsger\u00e4te, HVAC-Systeme und industrielle Automatisierung, einschlie\u00dflich Kondensatoren, Steckverbindern und Druckschaltern<\/p>\n<\/div>\n                    <\/div>\n                <\/div>\n\n                    <\/div>\n\n    <\/div>\n<\/div>\n\n<div class=\"timeline\">\n    <div class=\"timeline__inner container\">\n\n        <span class=\"title\">Meilensteine<\/span>\n\n        <div class=\"fast-scroll\">\n            <svg xmlns=\"http:\/\/www.w3.org\/2000\/svg\" width=\"16\" height=\"16\" viewBox=\"0 0 16 16\" fill=\"none\" class=\"arrow next\">\n                <path d=\"M0.487987 7.2091C0.0504616 7.64662 0.0504616 8.35716 0.487987 8.79469L6.0883 14.395C6.52582 14.8325 7.23636 14.8325 7.67389 14.395C8.11141 13.9575 8.11141 13.2469 7.67389 12.8094L3.98118 9.12021L14.7198 9.12021C15.3393 9.12021 15.8398 8.61968 15.8398 8.00014C15.8398 7.38061 15.3393 6.88008 14.7198 6.88008L3.98468 6.88008L7.67039 3.19088C8.10791 2.75335 8.10791 2.04281 7.67039 1.60529C7.23286 1.16776 6.52232 1.16776 6.0848 1.60529L0.484487 7.2056L0.487987 7.2091Z\" fill=\"black\"\/>\n            <\/svg>\n\n            <svg xmlns=\"http:\/\/www.w3.org\/2000\/svg\" width=\"16\" height=\"16\" viewBox=\"0 0 16 16\" fill=\"none\" class=\"arrow prev\">\n                <path d=\"M15.512 8.7909C15.9495 8.35338 15.9495 7.64284 15.512 7.20531L9.9117 1.605C9.47418 1.16747 8.76364 1.16747 8.32611 1.605C7.88859 2.04252 7.88859 2.75306 8.32611 3.19059L12.0188 6.87979H1.28022C0.660685 6.87979 0.160156 7.38032 0.160156 7.99986C0.160156 8.61939 0.660685 9.11992 1.28022 9.11992H12.0153L8.32961 12.8091C7.89209 13.2466 7.89209 13.9572 8.32961 14.3947C8.76714 14.8322 9.47768 14.8322 9.9152 14.3947L15.5155 8.7944L15.512 8.7909Z\" fill=\"black\"\/>\n            <\/svg>\n        <\/div>\n\n        <div class=\"timeline-container\">\n\n            <div class=\"timeline-wrapper\">\n                <div class=\"timeline-track\">\n                    <div class=\"timeline-line\">\n                        <div class=\"timeline-line-fill\"><\/div>\n                    <\/div>\n\n\n                                            <div class=\"timeline-item\" data-index=\"0\">\n                            <div class=\"timeline-dot\" style=\"--dot-color: #eea998; --dot-bg: #fae3dc\"><\/div>\n\n                            <div class=\"timeline-card\" style=\"--accent: #eea998;\">\n\n                                <div class=\"card-icon\" style=\"--icon-bg:#fae3dc; --icon-color: #eea998;\">\n                                    <img loading=\"lazy\" decoding=\"async\" src=\"https:\/\/www.realcable.it\/wp-content\/uploads\/2026\/03\/fondazione-1.svg\" alt=\"\" width=\"600\" height=\"400\">\n                                <\/div>\n\n                                <span class=\"card-title\">Gr\u00fcndung<\/span>\n                                <div class=\"card-text\"><p>Gr\u00fcndung von Realcable mit Schwerpunkt auf industriellen Kabelkonfektionen (Cooling &amp; Heating)<\/p>\n<\/div>\n                            <\/div>\n\n                            <span class=\"card-year\" style=\"--accent: #eea998\">1991<\/span>\n                        <\/div>\n                                            <div class=\"timeline-item\" data-index=\"1\">\n                            <div class=\"timeline-dot\" style=\"--dot-color: #eea998; --dot-bg: #fae3dc\"><\/div>\n\n                            <div class=\"timeline-card\" style=\"--accent: #eea998;\">\n\n                                <div class=\"card-icon\" style=\"--icon-bg:#fae3dc; --icon-color: #eea998;\">\n                                    <img loading=\"lazy\" decoding=\"async\" src=\"https:\/\/www.realcable.it\/wp-content\/uploads\/2026\/03\/certification-1.svg\" alt=\"\" width=\"600\" height=\"400\">\n                                <\/div>\n\n                                <span class=\"card-title\">Zertifizierung<\/span>\n                                <div class=\"card-text\"><p>ISO 9002 (DNV)<\/p>\n<\/div>\n                            <\/div>\n\n                            <span class=\"card-year\" style=\"--accent: #eea998\">1997<\/span>\n                        <\/div>\n                                            <div class=\"timeline-item\" data-index=\"2\">\n                            <div class=\"timeline-dot\" style=\"--dot-color: #e68e79; --dot-bg: #f8d5cc\"><\/div>\n\n                            <div class=\"timeline-card\" style=\"--accent: #e68e79;\">\n\n                                <div class=\"card-icon\" style=\"--icon-bg:#f8d5cc; --icon-color: #e68e79;\">\n                                    <img loading=\"lazy\" decoding=\"async\" src=\"https:\/\/www.realcable.it\/wp-content\/uploads\/2026\/03\/certification-2.svg\" alt=\"\" width=\"600\" height=\"400\">\n                                <\/div>\n\n                                <span class=\"card-title\">Zertifizierung<\/span>\n                                <div class=\"card-text\"><p>UNI EN ISO 9001.2008 (DNV)<\/p>\n<\/div>\n                            <\/div>\n\n                            <span class=\"card-year\" style=\"--accent: #e68e79\">2003<\/span>\n                        <\/div>\n                                            <div class=\"timeline-item\" data-index=\"3\">\n                            <div class=\"timeline-dot\" style=\"--dot-color: #dc725b; --dot-bg: #f6c8bc\"><\/div>\n\n                            <div class=\"timeline-card\" style=\"--accent: #dc725b;\">\n\n                                <div class=\"card-icon\" style=\"--icon-bg:#f6c8bc; --icon-color: #dc725b;\">\n                                    <img loading=\"lazy\" decoding=\"async\" src=\"https:\/\/www.realcable.it\/wp-content\/uploads\/2026\/03\/certification-3.svg\" alt=\"\" width=\"600\" height=\"400\">\n                                <\/div>\n\n                                <span class=\"card-title\">Zertifizierung<\/span>\n                                <div class=\"card-text\"><p>IRIS-Zertifizierung f\u00fcr den Bahnsektor<\/p>\n<\/div>\n                            <\/div>\n\n                            <span class=\"card-year\" style=\"--accent: #dc725b\">2014<\/span>\n                        <\/div>\n                                            <div class=\"timeline-item\" data-index=\"4\">\n                            <div class=\"timeline-dot\" style=\"--dot-color: #d35641; --dot-bg: #f4bcb0\"><\/div>\n\n                            <div class=\"timeline-card\" style=\"--accent: #d35641;\">\n\n                                <div class=\"card-icon\" style=\"--icon-bg:#f4bcb0; --icon-color: #d35641;\">\n                                    <img loading=\"lazy\" decoding=\"async\" src=\"https:\/\/www.realcable.it\/wp-content\/uploads\/2026\/03\/digitalizzazione-1.svg\" alt=\"\" width=\"600\" height=\"400\">\n                                <\/div>\n\n                                <span class=\"card-title\">Einf\u00fchrung<\/span>\n                                <div class=\"card-text\"><p>Einf\u00fchrung digitaler Arbeitspl\u00e4tze in der Produktion<\/p>\n<\/div>\n                            <\/div>\n\n                            <span class=\"card-year\" style=\"--accent: #d35641\">2018<\/span>\n                        <\/div>\n                                            <div class=\"timeline-item\" data-index=\"5\">\n                            <div class=\"timeline-dot\" style=\"--dot-color: #cb442f; --dot-bg: #f2b4a7\"><\/div>\n\n                            <div class=\"timeline-card\" style=\"--accent: #cb442f;\">\n\n                                <div class=\"card-icon\" style=\"--icon-bg:#f2b4a7; --icon-color: #cb442f;\">\n                                    <img loading=\"lazy\" decoding=\"async\" src=\"https:\/\/www.realcable.it\/wp-content\/uploads\/2026\/03\/kaizen-1.svg\" alt=\"\" width=\"600\" height=\"400\">\n                                <\/div>\n\n                                <span class=\"card-title\">Einf\u00fchrung<\/span>\n                                <div class=\"card-text\"><p>Start des Kaizen-Programms zur kontinuierlichen Verbesserung<\/p>\n<\/div>\n                            <\/div>\n\n                            <span class=\"card-year\" style=\"--accent: #cb442f\">2021<\/span>\n                        <\/div>\n                                            <div class=\"timeline-item\" data-index=\"6\">\n                            <div class=\"timeline-dot\" style=\"--dot-color: #c93d31; --dot-bg: #f1b2a5\"><\/div>\n\n                            <div class=\"timeline-card\" style=\"--accent: #c93d31;\">\n\n                                <div class=\"card-icon\" style=\"--icon-bg:#f1b2a5; --icon-color: #c93d31;\">\n                                    <img loading=\"lazy\" decoding=\"async\" src=\"https:\/\/www.realcable.it\/wp-content\/uploads\/2026\/03\/digitalizzazione-1.svg\" alt=\"\" width=\"600\" height=\"400\">\n                                <\/div>\n\n                                <span class=\"card-title\">Nachhaltigkeitsinitiative<\/span>\n                                <div class=\"card-text\"><p>Smart-Lighting-System und Photovoltaikanlage<\/p>\n<p>&nbsp;<\/p>\n<p>Auszeichnung mit dem EcoVadis Silver Score<\/p>\n<\/div>\n                            <\/div>\n\n                            <span class=\"card-year\" style=\"--accent: #c93d31\">2023<\/span>\n                        <\/div>\n                                            <div class=\"timeline-item\" data-index=\"7\">\n                            <div class=\"timeline-dot\" style=\"--dot-color: #c73e31; --dot-bg: #f0b8ad\"><\/div>\n\n                            <div class=\"timeline-card\" style=\"--accent: #c73e31;\">\n\n                                <div class=\"card-icon\" style=\"--icon-bg:#f0b8ad; --icon-color: #c73e31;\">\n                                    <img loading=\"lazy\" decoding=\"async\" src=\"https:\/\/www.realcable.it\/wp-content\/uploads\/2026\/03\/progress-1.svg\" alt=\"\" width=\"600\" height=\"400\">\n                                <\/div>\n\n                                <span class=\"card-title\">Zertifizierung <\/span>\n                                <div class=\"card-text\"><p>IPC-Zertifizierung f\u00fcr Kabelkonfektion und elektronische Verbindungen<\/p>\n<p>&nbsp;<\/p>\n<p>Zulassung als Lieferant f\u00fcr den Verteidigungssektor<\/p>\n<\/div>\n                            <\/div>\n\n                            <span class=\"card-year\" style=\"--accent: #c73e31\">2024<\/span>\n                        <\/div>\n                    \n                <\/div>\n            <\/div>\n\n            <!-- Mobile navigation dots -->\n            <div class=\"mobile-nav\">\n                <button class=\"mobile-nav-arrow mobile-nav-prev\" aria-label=\"Previous\">\n                    <svg xmlns=\"http:\/\/www.w3.org\/2000\/svg\" width=\"16\" height=\"16\" viewBox=\"0 0 16 16\" fill=\"none\">\n                        <path d=\"M0.487987 7.2091C0.0504616 7.64662 0.0504616 8.35716 0.487987 8.79469L6.0883 14.395C6.52582 14.8325 7.23636 14.8325 7.67389 14.395C8.11141 13.9575 8.11141 13.2469 7.67389 12.8094L3.98118 9.12021L14.7198 9.12021C15.3393 9.12021 15.8398 8.61968 15.8398 8.00014C15.8398 7.38061 15.3393 6.88008 14.7198 6.88008L3.98468 6.88008L7.67039 3.19088C8.10791 2.75335 8.10791 2.04281 7.67039 1.60529C7.23286 1.16776 6.52232 1.16776 6.0848 1.60529L0.484487 7.2056L0.487987 7.2091Z\" fill=\"black\"\/>\n                    <\/svg>\n                <\/button>\n                <div class=\"mobile-nav-dots\"><\/div>\n                <button class=\"mobile-nav-arrow mobile-nav-next\" aria-label=\"Next\">\n                    <svg xmlns=\"http:\/\/www.w3.org\/2000\/svg\" width=\"16\" height=\"16\" viewBox=\"0 0 16 16\" fill=\"none\">\n                        <path d=\"M15.512 8.7909C15.9495 8.35338 15.9495 7.64284 15.512 7.20531L9.9117 1.605C9.47418 1.16747 8.76364 1.16747 8.32611 1.605C7.88859 2.04252 7.88859 2.75306 8.32611 3.19059L12.0188 6.87979H1.28022C0.660685 6.87979 0.160156 7.38032 0.160156 7.99986C0.160156 8.61939 0.660685 9.11992 1.28022 9.11992H12.0153L8.32961 12.8091C7.89209 13.2466 7.89209 13.9572 8.32961 14.3947C8.76714 14.8322 9.47768 14.8322 9.9152 14.3947L15.5155 8.7944L15.512 8.7909Z\" fill=\"black\"\/>\n                    <\/svg>\n                <\/button>\n            <\/div>\n        <\/div>\n\n    <\/div>\n<\/div>","protected":false},"excerpt":{"rendered":"","protected":false},"author":1,"featured_media":0,"parent":0,"menu_order":0,"comment_status":"closed","ping_status":"closed","template":"","meta":{"_acf_changed":false,"footnotes":""},"class_list":["post-685","page","type-page","status-publish","hentry"],"acf":[],"yoast_head":"<!-- This site is optimized with the Yoast SEO plugin v27.4 - https:\/\/yoast.com\/product\/yoast-seo-wordpress\/ -->\n<title>\u00dcber Realcable | Kabelkonfektion seit 1991<\/title>\n<meta name=\"description\" content=\"Seit 1991 produziert Realcable Kabelkonfektionen und Kabelb\u00e4ume f\u00fcr verschiedene Industriebereiche. Erfahrung, Innovation und zertifizierte Prozesse.\" \/>\n<meta name=\"robots\" content=\"index, follow, max-snippet:-1, max-image-preview:large, max-video-preview:-1\" \/>\n<link rel=\"canonical\" href=\"https:\/\/www.realcable.it\/azienda\/\" \/>\n<meta property=\"og:locale\" content=\"de_DE\" \/>\n<meta property=\"og:type\" content=\"article\" \/>\n<meta property=\"og:title\" content=\"\u00dcber Realcable | Kabelkonfektion seit 1991\" \/>\n<meta property=\"og:description\" content=\"Seit 1991 produziert Realcable Kabelkonfektionen und Kabelb\u00e4ume f\u00fcr verschiedene Industriebereiche. Erfahrung, Innovation und zertifizierte Prozesse.\" \/>\n<meta property=\"og:url\" content=\"https:\/\/www.realcable.it\/azienda\/\" \/>\n<meta property=\"og:site_name\" content=\"Realcable\" \/>\n<meta property=\"article:modified_time\" content=\"2026-04-17T10:12:54+00:00\" \/>\n<meta name=\"twitter:card\" content=\"summary_large_image\" \/>\n<script type=\"application\/ld+json\" class=\"yoast-schema-graph\">{\"@context\":\"https:\\\/\\\/schema.org\",\"@graph\":[{\"@type\":\"WebPage\",\"@id\":\"https:\\\/\\\/www.realcable.it\\\/azienda\\\/\",\"url\":\"https:\\\/\\\/www.realcable.it\\\/azienda\\\/\",\"name\":\"\u00dcber Realcable | Kabelkonfektion seit 1991\",\"isPartOf\":{\"@id\":\"https:\\\/\\\/www.realcable.it\\\/#website\"},\"datePublished\":\"2026-01-15T14:01:19+00:00\",\"dateModified\":\"2026-04-17T10:12:54+00:00\",\"description\":\"Seit 1991 produziert Realcable Kabelkonfektionen und Kabelb\u00e4ume f\u00fcr verschiedene Industriebereiche. Erfahrung, Innovation und zertifizierte Prozesse.\",\"breadcrumb\":{\"@id\":\"https:\\\/\\\/www.realcable.it\\\/azienda\\\/#breadcrumb\"},\"inLanguage\":\"de\",\"potentialAction\":[{\"@type\":\"ReadAction\",\"target\":[\"https:\\\/\\\/www.realcable.it\\\/azienda\\\/\"]}]},{\"@type\":\"BreadcrumbList\",\"@id\":\"https:\\\/\\\/www.realcable.it\\\/azienda\\\/#breadcrumb\",\"itemListElement\":[{\"@type\":\"ListItem\",\"position\":1,\"name\":\"Home\",\"item\":\"https:\\\/\\\/www.realcable.it\\\/\"},{\"@type\":\"ListItem\",\"position\":2,\"name\":\"Unternehmen\"}]},{\"@type\":\"WebSite\",\"@id\":\"https:\\\/\\\/www.realcable.it\\\/#website\",\"url\":\"https:\\\/\\\/www.realcable.it\\\/\",\"name\":\"Realcable\",\"description\":\"\",\"potentialAction\":[{\"@type\":\"SearchAction\",\"target\":{\"@type\":\"EntryPoint\",\"urlTemplate\":\"https:\\\/\\\/www.realcable.it\\\/?s={search_term_string}\"},\"query-input\":{\"@type\":\"PropertyValueSpecification\",\"valueRequired\":true,\"valueName\":\"search_term_string\"}}],\"inLanguage\":\"de\"}]}<\/script>\n<!-- \/ Yoast SEO plugin. -->","yoast_head_json":{"title":"\u00dcber Realcable | Kabelkonfektion seit 1991","description":"Seit 1991 produziert Realcable Kabelkonfektionen und Kabelb\u00e4ume f\u00fcr verschiedene Industriebereiche. Erfahrung, Innovation und zertifizierte Prozesse.","robots":{"index":"index","follow":"follow","max-snippet":"max-snippet:-1","max-image-preview":"max-image-preview:large","max-video-preview":"max-video-preview:-1"},"canonical":"https:\/\/www.realcable.it\/azienda\/","og_locale":"de_DE","og_type":"article","og_title":"\u00dcber Realcable | Kabelkonfektion seit 1991","og_description":"Seit 1991 produziert Realcable Kabelkonfektionen und Kabelb\u00e4ume f\u00fcr verschiedene Industriebereiche. Erfahrung, Innovation und zertifizierte Prozesse.","og_url":"https:\/\/www.realcable.it\/azienda\/","og_site_name":"Realcable","article_modified_time":"2026-04-17T10:12:54+00:00","twitter_card":"summary_large_image","schema":{"@context":"https:\/\/schema.org","@graph":[{"@type":"WebPage","@id":"https:\/\/www.realcable.it\/azienda\/","url":"https:\/\/www.realcable.it\/azienda\/","name":"\u00dcber Realcable | Kabelkonfektion seit 1991","isPartOf":{"@id":"https:\/\/www.realcable.it\/#website"},"datePublished":"2026-01-15T14:01:19+00:00","dateModified":"2026-04-17T10:12:54+00:00","description":"Seit 1991 produziert Realcable Kabelkonfektionen und Kabelb\u00e4ume f\u00fcr verschiedene Industriebereiche. Erfahrung, Innovation und zertifizierte Prozesse.","breadcrumb":{"@id":"https:\/\/www.realcable.it\/azienda\/#breadcrumb"},"inLanguage":"de","potentialAction":[{"@type":"ReadAction","target":["https:\/\/www.realcable.it\/azienda\/"]}]},{"@type":"BreadcrumbList","@id":"https:\/\/www.realcable.it\/azienda\/#breadcrumb","itemListElement":[{"@type":"ListItem","position":1,"name":"Home","item":"https:\/\/www.realcable.it\/"},{"@type":"ListItem","position":2,"name":"Unternehmen"}]},{"@type":"WebSite","@id":"https:\/\/www.realcable.it\/#website","url":"https:\/\/www.realcable.it\/","name":"Realcable","description":"","potentialAction":[{"@type":"SearchAction","target":{"@type":"EntryPoint","urlTemplate":"https:\/\/www.realcable.it\/?s={search_term_string}"},"query-input":{"@type":"PropertyValueSpecification","valueRequired":true,"valueName":"search_term_string"}}],"inLanguage":"de"}]}},"_links":{"self":[{"href":"https:\/\/www.realcable.it\/de\/wp-json\/wp\/v2\/pages\/685","targetHints":{"allow":["GET"]}}],"collection":[{"href":"https:\/\/www.realcable.it\/de\/wp-json\/wp\/v2\/pages"}],"about":[{"href":"https:\/\/www.realcable.it\/de\/wp-json\/wp\/v2\/types\/page"}],"author":[{"embeddable":true,"href":"https:\/\/www.realcable.it\/de\/wp-json\/wp\/v2\/users\/1"}],"replies":[{"embeddable":true,"href":"https:\/\/www.realcable.it\/de\/wp-json\/wp\/v2\/comments?post=685"}],"version-history":[{"count":2,"href":"https:\/\/www.realcable.it\/de\/wp-json\/wp\/v2\/pages\/685\/revisions"}],"predecessor-version":[{"id":894,"href":"https:\/\/www.realcable.it\/de\/wp-json\/wp\/v2\/pages\/685\/revisions\/894"}],"wp:attachment":[{"href":"https:\/\/www.realcable.it\/de\/wp-json\/wp\/v2\/media?parent=685"}],"curies":[{"name":"wp","href":"https:\/\/api.w.org\/{rel}","templated":true}]}}